{"id":93,"date":"2015-11-22T00:46:14","date_gmt":"2015-11-21T23:46:14","guid":{"rendered":"http:\/\/dieseldijelovi.com\/?page_id=93"},"modified":"2024-04-21T18:40:21","modified_gmt":"2024-04-21T18:40:21","slug":"spice-za-hidraulicni-cekic","status":"publish","type":"page","link":"https:\/\/obrtkockica.hr\/dd\/rezervni-dijelovi\/spice-za-hidraulicni-cekic\/","title":{"rendered":"Hidrauli\u010dni \u010deki\u0107i"},"content":{"rendered":"\t\t<div data-elementor-type=\"wp-page\" data-elementor-id=\"93\" class=\"elementor elementor-93\" data-elementor-post-type=\"page\">\n\t\t\t\t<div class=\"elementor-element elementor-element-7748130 e-flex e-con-boxed e-con e-parent\" data-id=\"7748130\" data-element_type=\"container\">\n\t\t\t\t\t<div class=\"e-con-inner\">\n\t\t\t\t<div class=\"elementor-element elementor-element-f5fa6fa elementor-align-center elementor-widget elementor-widget-button\" data-id=\"f5fa6fa\" data-element_type=\"widget\" data-widget_type=\"button.default\">\n\t\t\t\t<div class=\"elementor-widget-container\">\n\t\t\t\t\t<div class=\"elementor-button-wrapper\">\n\t\t\t<a class=\"elementor-button elementor-button-link elementor-size-xl\" href=\"tel:+38598894684\">\n\t\t\t\t\t\t<span class=\"elementor-button-content-wrapper\">\n\t\t\t\t\t\t<span class=\"elementor-button-icon elementor-align-icon-left\">\n\t\t\t\t<svg aria-hidden=\"true\" class=\"e-font-icon-svg e-fas-phone-alt\" viewBox=\"0 0 512 512\" xmlns=\"http:\/\/www.w3.org\/2000\/svg\"><path d=\"M497.39 361.8l-112-48a24 24 0 0 0-28 6.9l-49.6 60.6A370.66 370.66 0 0 1 130.6 204.11l60.6-49.6a23.94 23.94 0 0 0 6.9-28l-48-112A24.16 24.16 0 0 0 122.6.61l-104 24A24 24 0 0 0 0 48c0 256.5 207.9 464 464 464a24 24 0 0 0 23.4-18.6l24-104a24.29 24.29 0 0 0-14.01-27.6z\"><\/path><\/svg>\t\t\t<\/span>\n\t\t\t\t\t\t\t\t\t<span class=\"elementor-button-text\">KLIKNI I NAZOVI<\/span>\n\t\t\t\t\t<\/span>\n\t\t\t\t\t<\/a>\n\t\t<\/div>\n\t\t\t\t<\/div>\n\t\t\t\t<\/div>\n\t\t\t\t\t<\/div>\n\t\t\t\t<\/div>\n\t\t<div class=\"elementor-element elementor-element-096c9fe e-flex e-con-boxed e-con e-parent\" data-id=\"096c9fe\" data-element_type=\"container\">\n\t\t\t\t\t<div class=\"e-con-inner\">\n\t\t\t\t<div class=\"elementor-element elementor-element-45e32ee elementor-align-center elementor-widget elementor-widget-button\" data-id=\"45e32ee\" data-element_type=\"widget\" data-widget_type=\"button.default\">\n\t\t\t\t<div class=\"elementor-widget-container\">\n\t\t\t\t\t<div class=\"elementor-button-wrapper\">\n\t\t\t<a class=\"elementor-button elementor-button-link elementor-size-xl\" href=\"mailto:info@dieseldijelovi.com\">\n\t\t\t\t\t\t<span class=\"elementor-button-content-wrapper\">\n\t\t\t\t\t\t<span class=\"elementor-button-icon elementor-align-icon-left\">\n\t\t\t\t<svg aria-hidden=\"true\" class=\"e-font-icon-svg e-far-envelope\" viewBox=\"0 0 512 512\" xmlns=\"http:\/\/www.w3.org\/2000\/svg\"><path d=\"M464 64H48C21.49 64 0 85.49 0 112v288c0 26.51 21.49 48 48 48h416c26.51 0 48-21.49 48-48V112c0-26.51-21.49-48-48-48zm0 48v40.805c-22.422 18.259-58.168 46.651-134.587 106.49-16.841 13.247-50.201 45.072-73.413 44.701-23.208.375-56.579-31.459-73.413-44.701C106.18 199.465 70.425 171.067 48 152.805V112h416zM48 400V214.398c22.914 18.251 55.409 43.862 104.938 82.646 21.857 17.205 60.134 55.186 103.062 54.955 42.717.231 80.509-37.199 103.053-54.947 49.528-38.783 82.032-64.401 104.947-82.653V400H48z\"><\/path><\/svg>\t\t\t<\/span>\n\t\t\t\t\t\t\t\t\t<span class=\"elementor-button-text\">PO\u0160ALJI E-MAIL<\/span>\n\t\t\t\t\t<\/span>\n\t\t\t\t\t<\/a>\n\t\t<\/div>\n\t\t\t\t<\/div>\n\t\t\t\t<\/div>\n\t\t\t\t\t<\/div>\n\t\t\t\t<\/div>\n\t\t<div class=\"elementor-element elementor-element-dd90972 e-flex e-con-boxed e-con e-parent\" data-id=\"dd90972\" data-element_type=\"container\">\n\t\t\t\t\t<div class=\"e-con-inner\">\n\t\t\t\t<div class=\"elementor-element elementor-element-52ce04ac elementor-widget elementor-widget-text-editor\" data-id=\"52ce04ac\" data-element_type=\"widget\" data-widget_type=\"text-editor.default\">\n\t\t\t\t<div class=\"elementor-widget-container\">\n\t\t\t<style>\/*! elementor - v3.21.0 - 18-04-2024 *\/\n.elementor-widget-text-editor.elementor-drop-cap-view-stacked .elementor-drop-cap{background-color:#69727d;color:#fff}.elementor-widget-text-editor.elementor-drop-cap-view-framed .elementor-drop-cap{color:#69727d;border:3px solid;background-color:transparent}.elementor-widget-text-editor:not(.elementor-drop-cap-view-default) .elementor-drop-cap{margin-top:8px}.elementor-widget-text-editor:not(.elementor-drop-cap-view-default) .elementor-drop-cap-letter{width:1em;height:1em}.elementor-widget-text-editor .elementor-drop-cap{float:left;text-align:center;line-height:1;font-size:50px}.elementor-widget-text-editor .elementor-drop-cap-letter{display:inline-block}<\/style>\t\t\t\t<p>\u0160pice za hidrauli\u010dni \u010deki\u0107<\/p><p><a href=\"https:\/\/obrtkockica.hr\/dd\/wp-content\/uploads\/2015\/11\/pice_za_hidraulicni.png\" data-rel=\"penci-gallery-image-content\" ><img fetchpriority=\"high\" decoding=\"async\" class=\"aligncenter wp-image-623 size-full\" title=\"\u0160pice za hidrauli\u010dni \u010deki\u0107\" src=\"https:\/\/obrtkockica.hr\/dd\/wp-content\/uploads\/2015\/11\/pice_za_hidraulicni.png\" alt=\"\u0160pice za hidrauli\u010dni \u010deki\u0107\" width=\"225\" height=\"225\" srcset=\"https:\/\/obrtkockica.hr\/dd\/wp-content\/uploads\/2015\/11\/pice_za_hidraulicni.png 225w, https:\/\/obrtkockica.hr\/dd\/wp-content\/uploads\/2015\/11\/pice_za_hidraulicni-150x150.png 150w\" sizes=\"(max-width: 225px) 100vw, 225px\" \/><\/a><\/p><h2>Kvaliteta i oblik \u0161pice za hidrauli\u010dni \u010deki\u0107 \u00a0je va\u017ean faktor za izvo\u0111enje radova.<\/h2><h2>U ponudi imamo razne oblike \u0161pica za hidrauli\u010dne \u010deki\u0107e &#8211; pikamere marki:<\/h2><h2>Atlas Copco \/ Krupp \u00a0 \u00a0Indeco \u00a0\u00a0Rammer \u00a0 Montabert<\/h2><h2>Furukawa \u00a0Lifton \u00a0JCB \u00a0i ostali.<\/h2><p style=\"text-align: center;\"><a href=\"https:\/\/obrtkockica.hr\/dd\/wp-content\/uploads\/2015\/11\/Hid_cekic_dijelovi.png\" data-rel=\"penci-gallery-image-content\" ><img decoding=\"async\" class=\"aligncenter size-full wp-image-625\" src=\"https:\/\/obrtkockica.hr\/dd\/wp-content\/uploads\/2015\/11\/Hid_cekic_dijelovi.png\" alt=\"Rezervni dijelovi za \u010deki\u0107\" width=\"211\" height=\"239\" \/><\/a><\/p><div id=\"container\" class=\"typography\"><div id=\"main\"><div id=\"mainwhite\"><h2>Isporu\u010dujemo \u00a0sve vrste dijelova za reparaturu <strong>hidrauli\u010dkih \u010deki\u0107a ; membrane, vijke , \u010dahure i ostalo.<\/strong><\/h2><p style=\"text-align: center;\"><a href=\"https:\/\/obrtkockica.hr\/dd\/wp-content\/uploads\/2015\/11\/Hidraulicki_cekic.png\" data-rel=\"penci-gallery-image-content\" ><img decoding=\"async\" class=\"aligncenter wp-image-628 size-medium\" src=\"http:\/\/dieseldijelovi.com\/wp-content\/uploads\/2015\/11\/Hidrauli\u010dki_\u010deki\u0107-214x300.png\" alt=\"Hidrauli\u010dki \u010deki\u0107\" width=\"214\" height=\"300\" \/><\/a><\/p><h2 style=\"text-align: left;\">Hidrauli\u010dki \u010deki\u0107 je alat koji koristi koncentriranu energiju u \u0161to lak\u0161em mehanizmu.<\/h2><h2 style=\"text-align: left;\">Koristi se za razbijanje betona, stijena , asfalta i drugih materijala.<\/h2><h2>\u0160pice mogu biti oblika olovke, piramide, sijeka\u010da&#8230;<\/h2><h2>Montira se \u00a0prihvatnom plo\u010dom koju mo\u017eemo napraviti po Va\u0161oj naru\u0111bi.<\/h2><h2><strong>U ponudi imamo kvalitetna maziva marke Atlas Copco i FUCHS.<\/strong><\/h2><h2>S obzirom na tehnologiju kojom rade \u010deki\u0107i razlikujemo uljne, plinske i kombinaciju ulje\/plin.<\/h2><\/div><\/div><\/div><p>GARANCIJA na sve dijelove je 6 mjeseci od izdanog ra\u010duna.<\/p><p>Garancija ne vrijedi ukoliko dijelovi nisu ugra\u0111eni kod ovla\u0161tenog servisa.<\/p><p>Garancija ne vrijedi ukoliko kupac koristi rabljene ili dijelove drugogog proizvo\u0111a\u010da uz na\u0161e dijelove.<\/p>\t\t\t\t\t\t<\/div>\n\t\t\t\t<\/div>\n\t\t\t\t\t<\/div>\n\t\t\t\t<\/div>\n\t\t<div class=\"elementor-element elementor-element-ae4a3cc e-flex e-con-boxed e-con e-parent\" data-id=\"ae4a3cc\" data-element_type=\"container\">\n\t\t\t\t\t<div class=\"e-con-inner\">\n\t\t\t\t<div class=\"elementor-element elementor-element-1c75210 elementor-align-center elementor-widget elementor-widget-button\" data-id=\"1c75210\" data-element_type=\"widget\" data-widget_type=\"button.default\">\n\t\t\t\t<div class=\"elementor-widget-container\">\n\t\t\t\t\t<div class=\"elementor-button-wrapper\">\n\t\t\t<a class=\"elementor-button elementor-button-link elementor-size-xl\" href=\"tel:+38598894684\">\n\t\t\t\t\t\t<span class=\"elementor-button-content-wrapper\">\n\t\t\t\t\t\t<span class=\"elementor-button-icon elementor-align-icon-left\">\n\t\t\t\t<svg aria-hidden=\"true\" class=\"e-font-icon-svg e-fas-phone-alt\" viewBox=\"0 0 512 512\" xmlns=\"http:\/\/www.w3.org\/2000\/svg\"><path d=\"M497.39 361.8l-112-48a24 24 0 0 0-28 6.9l-49.6 60.6A370.66 370.66 0 0 1 130.6 204.11l60.6-49.6a23.94 23.94 0 0 0 6.9-28l-48-112A24.16 24.16 0 0 0 122.6.61l-104 24A24 24 0 0 0 0 48c0 256.5 207.9 464 464 464a24 24 0 0 0 23.4-18.6l24-104a24.29 24.29 0 0 0-14.01-27.6z\"><\/path><\/svg>\t\t\t<\/span>\n\t\t\t\t\t\t\t\t\t<span class=\"elementor-button-text\">KLIKNI I NAZOVI<\/span>\n\t\t\t\t\t<\/span>\n\t\t\t\t\t<\/a>\n\t\t<\/div>\n\t\t\t\t<\/div>\n\t\t\t\t<\/div>\n\t\t\t\t\t<\/div>\n\t\t\t\t<\/div>\n\t\t<div class=\"elementor-element elementor-element-efae3b7 e-flex e-con-boxed e-con e-parent\" data-id=\"efae3b7\" data-element_type=\"container\">\n\t\t\t\t\t<div class=\"e-con-inner\">\n\t\t\t\t<div class=\"elementor-element elementor-element-18392e0 elementor-align-center elementor-widget elementor-widget-button\" data-id=\"18392e0\" data-element_type=\"widget\" data-widget_type=\"button.default\">\n\t\t\t\t<div class=\"elementor-widget-container\">\n\t\t\t\t\t<div class=\"elementor-button-wrapper\">\n\t\t\t<a class=\"elementor-button elementor-button-link elementor-size-xl\" href=\"mailto:info@dieseldijelovi.com\">\n\t\t\t\t\t\t<span class=\"elementor-button-content-wrapper\">\n\t\t\t\t\t\t<span class=\"elementor-button-icon elementor-align-icon-left\">\n\t\t\t\t<svg aria-hidden=\"true\" class=\"e-font-icon-svg e-far-envelope\" viewBox=\"0 0 512 512\" xmlns=\"http:\/\/www.w3.org\/2000\/svg\"><path d=\"M464 64H48C21.49 64 0 85.49 0 112v288c0 26.51 21.49 48 48 48h416c26.51 0 48-21.49 48-48V112c0-26.51-21.49-48-48-48zm0 48v40.805c-22.422 18.259-58.168 46.651-134.587 106.49-16.841 13.247-50.201 45.072-73.413 44.701-23.208.375-56.579-31.459-73.413-44.701C106.18 199.465 70.425 171.067 48 152.805V112h416zM48 400V214.398c22.914 18.251 55.409 43.862 104.938 82.646 21.857 17.205 60.134 55.186 103.062 54.955 42.717.231 80.509-37.199 103.053-54.947 49.528-38.783 82.032-64.401 104.947-82.653V400H48z\"><\/path><\/svg>\t\t\t<\/span>\n\t\t\t\t\t\t\t\t\t<span class=\"elementor-button-text\">PO\u0160ALJI E-MAIL<\/span>\n\t\t\t\t\t<\/span>\n\t\t\t\t\t<\/a>\n\t\t<\/div>\n\t\t\t\t<\/div>\n\t\t\t\t<\/div>\n\t\t\t\t\t<\/div>\n\t\t\t\t<\/div>\n\t\t\t\t<\/div>\n\t\t","protected":false},"excerpt":{"rendered":"<p>KLIKNI I NAZOVI PO\u0160ALJI E-MAIL \u0160pice za hidrauli\u010dni \u010deki\u0107 Kvaliteta i oblik \u0161pice za&hellip;<\/p>\n","protected":false},"author":2,"featured_media":0,"parent":1470,"menu_order":0,"comment_status":"closed","ping_status":"closed","template":"","meta":{"footnotes":""},"class_list":["post-93","page","type-page","status-publish","hentry"],"yoast_head":"<!-- This site is optimized with the Yoast SEO plugin v22.5 - https:\/\/yoast.com\/wordpress\/plugins\/seo\/ -->\n<title>\u0160pice za hidrauli\u010dni \u010deki\u0107- Diesel Dijelovi 098\/894694<\/title>\n<meta name=\"description\" content=\"Kvaliteta i oblik \u0161pice za hidrauli\u010dni \u010deki\u0107 va\u017ean faktor za izvo\u0111enje radova. Rezervni dijelovi , SERVIS i prodaja novih \u010deki\u0107a.\" \/>\n<meta name=\"robots\" content=\"index, follow, max-snippet:-1, max-image-preview:large, max-video-preview:-1\" \/>\n<link rel=\"canonical\" href=\"https:\/\/obrtkockica.hr\/dd\/rezervni-dijelovi\/spice-za-hidraulicni-cekic\/\" \/>\n<meta property=\"og:locale\" content=\"en_US\" \/>\n<meta property=\"og:type\" content=\"article\" \/>\n<meta property=\"og:title\" content=\"\u0160pice za hidrauli\u010dni \u010deki\u0107- Diesel Dijelovi 098\/894694\" \/>\n<meta property=\"og:description\" content=\"Kvaliteta i oblik \u0161pice za hidrauli\u010dni \u010deki\u0107 va\u017ean faktor za izvo\u0111enje radova. Rezervni dijelovi , SERVIS i prodaja novih \u010deki\u0107a.\" \/>\n<meta property=\"og:url\" content=\"https:\/\/obrtkockica.hr\/dd\/rezervni-dijelovi\/spice-za-hidraulicni-cekic\/\" \/>\n<meta property=\"og:site_name\" content=\"Diesel dijelovi d.o.o.\" \/>\n<meta property=\"article:publisher\" content=\"https:\/\/www.facebook.com\/p\/Diesel-Dijelovi-doo-100064110154834\/?paipv=0&amp;eav=AfYnuqWpCqdovRazjbzrCZNjFjnIrq4c6PcPzqbGHvjZZ1ANQ4dStPqIEkAEUHAE68E&amp;_rdr\" \/>\n<meta property=\"article:modified_time\" content=\"2024-04-21T18:40:21+00:00\" \/>\n<meta property=\"og:image\" content=\"https:\/\/obrtkockica.hr\/dd\/wp-content\/uploads\/2015\/11\/pice_za_hidraulicni.png\" \/>\n<meta name=\"twitter:card\" content=\"summary_large_image\" \/>\n<meta name=\"twitter:label1\" content=\"Est. reading time\" \/>\n\t<meta name=\"twitter:data1\" content=\"2 minutes\" \/>\n<script type=\"application\/ld+json\" class=\"yoast-schema-graph\">{\"@context\":\"https:\/\/schema.org\",\"@graph\":[{\"@type\":\"WebPage\",\"@id\":\"https:\/\/obrtkockica.hr\/dd\/rezervni-dijelovi\/spice-za-hidraulicni-cekic\/\",\"url\":\"https:\/\/obrtkockica.hr\/dd\/rezervni-dijelovi\/spice-za-hidraulicni-cekic\/\",\"name\":\"\u0160pice za hidrauli\u010dni \u010deki\u0107- Diesel Dijelovi 098\/894694\",\"isPartOf\":{\"@id\":\"https:\/\/obrtkockica.hr\/dd\/#website\"},\"primaryImageOfPage\":{\"@id\":\"https:\/\/obrtkockica.hr\/dd\/rezervni-dijelovi\/spice-za-hidraulicni-cekic\/#primaryimage\"},\"image\":{\"@id\":\"https:\/\/obrtkockica.hr\/dd\/rezervni-dijelovi\/spice-za-hidraulicni-cekic\/#primaryimage\"},\"thumbnailUrl\":\"https:\/\/obrtkockica.hr\/dd\/wp-content\/uploads\/2015\/11\/pice_za_hidraulicni.png\",\"datePublished\":\"2015-11-21T23:46:14+00:00\",\"dateModified\":\"2024-04-21T18:40:21+00:00\",\"description\":\"Kvaliteta i oblik \u0161pice za hidrauli\u010dni \u010deki\u0107 va\u017ean faktor za izvo\u0111enje radova. Rezervni dijelovi , SERVIS i prodaja novih \u010deki\u0107a.\",\"breadcrumb\":{\"@id\":\"https:\/\/obrtkockica.hr\/dd\/rezervni-dijelovi\/spice-za-hidraulicni-cekic\/#breadcrumb\"},\"inLanguage\":\"en-US\",\"potentialAction\":[{\"@type\":\"ReadAction\",\"target\":[\"https:\/\/obrtkockica.hr\/dd\/rezervni-dijelovi\/spice-za-hidraulicni-cekic\/\"]}]},{\"@type\":\"ImageObject\",\"inLanguage\":\"en-US\",\"@id\":\"https:\/\/obrtkockica.hr\/dd\/rezervni-dijelovi\/spice-za-hidraulicni-cekic\/#primaryimage\",\"url\":\"https:\/\/obrtkockica.hr\/dd\/wp-content\/uploads\/2015\/11\/pice_za_hidraulicni.png\",\"contentUrl\":\"https:\/\/obrtkockica.hr\/dd\/wp-content\/uploads\/2015\/11\/pice_za_hidraulicni.png\"},{\"@type\":\"BreadcrumbList\",\"@id\":\"https:\/\/obrtkockica.hr\/dd\/rezervni-dijelovi\/spice-za-hidraulicni-cekic\/#breadcrumb\",\"itemListElement\":[{\"@type\":\"ListItem\",\"position\":1,\"name\":\"Home\",\"item\":\"https:\/\/obrtkockica.hr\/dd\/\"},{\"@type\":\"ListItem\",\"position\":2,\"name\":\"REZERVNI DIJELOVI\",\"item\":\"https:\/\/obrtkockica.hr\/dd\/rezervni-dijelovi\/\"},{\"@type\":\"ListItem\",\"position\":3,\"name\":\"Hidrauli\u010dni \u010deki\u0107i\"}]},{\"@type\":\"WebSite\",\"@id\":\"https:\/\/obrtkockica.hr\/dd\/#website\",\"url\":\"https:\/\/obrtkockica.hr\/dd\/\",\"name\":\"Diesel dijelovi d.o.o.\",\"description\":\"Rezervni dijelovi za gra\u0111evinske strojeve, brodove, vili\u010dare, poljoprivredne strojeve\",\"publisher\":{\"@id\":\"https:\/\/obrtkockica.hr\/dd\/#organization\"},\"potentialAction\":[{\"@type\":\"SearchAction\",\"target\":{\"@type\":\"EntryPoint\",\"urlTemplate\":\"https:\/\/obrtkockica.hr\/dd\/?s={search_term_string}\"},\"query-input\":\"required name=search_term_string\"}],\"inLanguage\":\"en-US\"},{\"@type\":\"Organization\",\"@id\":\"https:\/\/obrtkockica.hr\/dd\/#organization\",\"name\":\"Diesel dijelovi d.o.o.\",\"url\":\"https:\/\/obrtkockica.hr\/dd\/\",\"logo\":{\"@type\":\"ImageObject\",\"inLanguage\":\"en-US\",\"@id\":\"https:\/\/obrtkockica.hr\/dd\/#\/schema\/logo\/image\/\",\"url\":\"https:\/\/obrtkockica.hr\/dd\/wp-content\/uploads\/2024\/01\/s01-1.png\",\"contentUrl\":\"https:\/\/obrtkockica.hr\/dd\/wp-content\/uploads\/2024\/01\/s01-1.png\",\"width\":970,\"height\":240,\"caption\":\"Diesel dijelovi d.o.o.\"},\"image\":{\"@id\":\"https:\/\/obrtkockica.hr\/dd\/#\/schema\/logo\/image\/\"},\"sameAs\":[\"https:\/\/www.facebook.com\/p\/Diesel-Dijelovi-doo-100064110154834\/?paipv=0&eav=AfYnuqWpCqdovRazjbzrCZNjFjnIrq4c6PcPzqbGHvjZZ1ANQ4dStPqIEkAEUHAE68E&_rdr\"]}]}<\/script>\n<!-- \/ Yoast SEO plugin. -->","yoast_head_json":{"title":"\u0160pice za hidrauli\u010dni \u010deki\u0107- Diesel Dijelovi 098\/894694","description":"Kvaliteta i oblik \u0161pice za hidrauli\u010dni \u010deki\u0107 va\u017ean faktor za izvo\u0111enje radova. Rezervni dijelovi , SERVIS i prodaja novih \u010deki\u0107a.","robots":{"index":"index","follow":"follow","max-snippet":"max-snippet:-1","max-image-preview":"max-image-preview:large","max-video-preview":"max-video-preview:-1"},"canonical":"https:\/\/obrtkockica.hr\/dd\/rezervni-dijelovi\/spice-za-hidraulicni-cekic\/","og_locale":"en_US","og_type":"article","og_title":"\u0160pice za hidrauli\u010dni \u010deki\u0107- Diesel Dijelovi 098\/894694","og_description":"Kvaliteta i oblik \u0161pice za hidrauli\u010dni \u010deki\u0107 va\u017ean faktor za izvo\u0111enje radova. Rezervni dijelovi , SERVIS i prodaja novih \u010deki\u0107a.","og_url":"https:\/\/obrtkockica.hr\/dd\/rezervni-dijelovi\/spice-za-hidraulicni-cekic\/","og_site_name":"Diesel dijelovi d.o.o.","article_publisher":"https:\/\/www.facebook.com\/p\/Diesel-Dijelovi-doo-100064110154834\/?paipv=0&eav=AfYnuqWpCqdovRazjbzrCZNjFjnIrq4c6PcPzqbGHvjZZ1ANQ4dStPqIEkAEUHAE68E&_rdr","article_modified_time":"2024-04-21T18:40:21+00:00","og_image":[{"url":"https:\/\/obrtkockica.hr\/dd\/wp-content\/uploads\/2015\/11\/pice_za_hidraulicni.png"}],"twitter_card":"summary_large_image","twitter_misc":{"Est. reading time":"2 minutes"},"schema":{"@context":"https:\/\/schema.org","@graph":[{"@type":"WebPage","@id":"https:\/\/obrtkockica.hr\/dd\/rezervni-dijelovi\/spice-za-hidraulicni-cekic\/","url":"https:\/\/obrtkockica.hr\/dd\/rezervni-dijelovi\/spice-za-hidraulicni-cekic\/","name":"\u0160pice za hidrauli\u010dni \u010deki\u0107- Diesel Dijelovi 098\/894694","isPartOf":{"@id":"https:\/\/obrtkockica.hr\/dd\/#website"},"primaryImageOfPage":{"@id":"https:\/\/obrtkockica.hr\/dd\/rezervni-dijelovi\/spice-za-hidraulicni-cekic\/#primaryimage"},"image":{"@id":"https:\/\/obrtkockica.hr\/dd\/rezervni-dijelovi\/spice-za-hidraulicni-cekic\/#primaryimage"},"thumbnailUrl":"https:\/\/obrtkockica.hr\/dd\/wp-content\/uploads\/2015\/11\/pice_za_hidraulicni.png","datePublished":"2015-11-21T23:46:14+00:00","dateModified":"2024-04-21T18:40:21+00:00","description":"Kvaliteta i oblik \u0161pice za hidrauli\u010dni \u010deki\u0107 va\u017ean faktor za izvo\u0111enje radova. Rezervni dijelovi , SERVIS i prodaja novih \u010deki\u0107a.","breadcrumb":{"@id":"https:\/\/obrtkockica.hr\/dd\/rezervni-dijelovi\/spice-za-hidraulicni-cekic\/#breadcrumb"},"inLanguage":"en-US","potentialAction":[{"@type":"ReadAction","target":["https:\/\/obrtkockica.hr\/dd\/rezervni-dijelovi\/spice-za-hidraulicni-cekic\/"]}]},{"@type":"ImageObject","inLanguage":"en-US","@id":"https:\/\/obrtkockica.hr\/dd\/rezervni-dijelovi\/spice-za-hidraulicni-cekic\/#primaryimage","url":"https:\/\/obrtkockica.hr\/dd\/wp-content\/uploads\/2015\/11\/pice_za_hidraulicni.png","contentUrl":"https:\/\/obrtkockica.hr\/dd\/wp-content\/uploads\/2015\/11\/pice_za_hidraulicni.png"},{"@type":"BreadcrumbList","@id":"https:\/\/obrtkockica.hr\/dd\/rezervni-dijelovi\/spice-za-hidraulicni-cekic\/#breadcrumb","itemListElement":[{"@type":"ListItem","position":1,"name":"Home","item":"https:\/\/obrtkockica.hr\/dd\/"},{"@type":"ListItem","position":2,"name":"REZERVNI DIJELOVI","item":"https:\/\/obrtkockica.hr\/dd\/rezervni-dijelovi\/"},{"@type":"ListItem","position":3,"name":"Hidrauli\u010dni \u010deki\u0107i"}]},{"@type":"WebSite","@id":"https:\/\/obrtkockica.hr\/dd\/#website","url":"https:\/\/obrtkockica.hr\/dd\/","name":"Diesel dijelovi d.o.o.","description":"Rezervni dijelovi za gra\u0111evinske strojeve, brodove, vili\u010dare, poljoprivredne strojeve","publisher":{"@id":"https:\/\/obrtkockica.hr\/dd\/#organization"},"potentialAction":[{"@type":"SearchAction","target":{"@type":"EntryPoint","urlTemplate":"https:\/\/obrtkockica.hr\/dd\/?s={search_term_string}"},"query-input":"required name=search_term_string"}],"inLanguage":"en-US"},{"@type":"Organization","@id":"https:\/\/obrtkockica.hr\/dd\/#organization","name":"Diesel dijelovi d.o.o.","url":"https:\/\/obrtkockica.hr\/dd\/","logo":{"@type":"ImageObject","inLanguage":"en-US","@id":"https:\/\/obrtkockica.hr\/dd\/#\/schema\/logo\/image\/","url":"https:\/\/obrtkockica.hr\/dd\/wp-content\/uploads\/2024\/01\/s01-1.png","contentUrl":"https:\/\/obrtkockica.hr\/dd\/wp-content\/uploads\/2024\/01\/s01-1.png","width":970,"height":240,"caption":"Diesel dijelovi d.o.o."},"image":{"@id":"https:\/\/obrtkockica.hr\/dd\/#\/schema\/logo\/image\/"},"sameAs":["https:\/\/www.facebook.com\/p\/Diesel-Dijelovi-doo-100064110154834\/?paipv=0&eav=AfYnuqWpCqdovRazjbzrCZNjFjnIrq4c6PcPzqbGHvjZZ1ANQ4dStPqIEkAEUHAE68E&_rdr"]}]}},"_links":{"self":[{"href":"https:\/\/obrtkockica.hr\/dd\/wp-json\/wp\/v2\/pages\/93","targetHints":{"allow":["GET"]}}],"collection":[{"href":"https:\/\/obrtkockica.hr\/dd\/wp-json\/wp\/v2\/pages"}],"about":[{"href":"https:\/\/obrtkockica.hr\/dd\/wp-json\/wp\/v2\/types\/page"}],"author":[{"embeddable":true,"href":"https:\/\/obrtkockica.hr\/dd\/wp-json\/wp\/v2\/users\/2"}],"replies":[{"embeddable":true,"href":"https:\/\/obrtkockica.hr\/dd\/wp-json\/wp\/v2\/comments?post=93"}],"version-history":[{"count":7,"href":"https:\/\/obrtkockica.hr\/dd\/wp-json\/wp\/v2\/pages\/93\/revisions"}],"predecessor-version":[{"id":2201,"href":"https:\/\/obrtkockica.hr\/dd\/wp-json\/wp\/v2\/pages\/93\/revisions\/2201"}],"up":[{"embeddable":true,"href":"https:\/\/obrtkockica.hr\/dd\/wp-json\/wp\/v2\/pages\/1470"}],"wp:attachment":[{"href":"https:\/\/obrtkockica.hr\/dd\/wp-json\/wp\/v2\/media?parent=93"}],"curies":[{"name":"wp","href":"https:\/\/api.w.org\/{rel}","templated":true}]}}