{"id":643,"date":"2016-12-03T18:57:26","date_gmt":"2016-12-03T17:57:26","guid":{"rendered":"http:\/\/dieseldijelovi.com\/?page_id=643"},"modified":"2024-04-21T19:15:37","modified_gmt":"2024-04-21T19:15:37","slug":"hidraulicne-pumpe","status":"publish","type":"page","link":"https:\/\/obrtkockica.hr\/dd\/rezervni-dijelovi\/hidraulicne-pumpe\/","title":{"rendered":"Hidrauli\u010dne pumpe"},"content":{"rendered":"\t\t<div data-elementor-type=\"wp-page\" data-elementor-id=\"643\" class=\"elementor elementor-643\" data-elementor-post-type=\"page\">\n\t\t\t\t<div class=\"elementor-element elementor-element-8f6ca20 e-flex e-con-boxed e-con e-parent\" data-id=\"8f6ca20\" data-element_type=\"container\">\n\t\t\t\t\t<div class=\"e-con-inner\">\n\t\t\t\t<div class=\"elementor-element elementor-element-be087b2 elementor-align-center elementor-widget elementor-widget-button\" data-id=\"be087b2\" data-element_type=\"widget\" data-widget_type=\"button.default\">\n\t\t\t\t<div class=\"elementor-widget-container\">\n\t\t\t\t\t<div class=\"elementor-button-wrapper\">\n\t\t\t<a class=\"elementor-button elementor-button-link elementor-size-xl\" href=\"tel:+38598894684\">\n\t\t\t\t\t\t<span class=\"elementor-button-content-wrapper\">\n\t\t\t\t\t\t<span class=\"elementor-button-icon elementor-align-icon-left\">\n\t\t\t\t<svg aria-hidden=\"true\" class=\"e-font-icon-svg e-fas-phone-alt\" viewBox=\"0 0 512 512\" xmlns=\"http:\/\/www.w3.org\/2000\/svg\"><path d=\"M497.39 361.8l-112-48a24 24 0 0 0-28 6.9l-49.6 60.6A370.66 370.66 0 0 1 130.6 204.11l60.6-49.6a23.94 23.94 0 0 0 6.9-28l-48-112A24.16 24.16 0 0 0 122.6.61l-104 24A24 24 0 0 0 0 48c0 256.5 207.9 464 464 464a24 24 0 0 0 23.4-18.6l24-104a24.29 24.29 0 0 0-14.01-27.6z\"><\/path><\/svg>\t\t\t<\/span>\n\t\t\t\t\t\t\t\t\t<span class=\"elementor-button-text\">KLIKNI I NAZOVI<\/span>\n\t\t\t\t\t<\/span>\n\t\t\t\t\t<\/a>\n\t\t<\/div>\n\t\t\t\t<\/div>\n\t\t\t\t<\/div>\n\t\t\t\t\t<\/div>\n\t\t\t\t<\/div>\n\t\t<div class=\"elementor-element elementor-element-d04600b e-flex e-con-boxed e-con e-parent\" data-id=\"d04600b\" data-element_type=\"container\">\n\t\t\t\t\t<div class=\"e-con-inner\">\n\t\t\t\t<div class=\"elementor-element elementor-element-7d67cb3 elementor-align-center elementor-widget elementor-widget-button\" data-id=\"7d67cb3\" data-element_type=\"widget\" data-widget_type=\"button.default\">\n\t\t\t\t<div class=\"elementor-widget-container\">\n\t\t\t\t\t<div class=\"elementor-button-wrapper\">\n\t\t\t<a class=\"elementor-button elementor-button-link elementor-size-xl\" href=\"mailto:info@dieseldijelovi.com\">\n\t\t\t\t\t\t<span class=\"elementor-button-content-wrapper\">\n\t\t\t\t\t\t<span class=\"elementor-button-icon elementor-align-icon-left\">\n\t\t\t\t<svg aria-hidden=\"true\" class=\"e-font-icon-svg e-far-envelope\" viewBox=\"0 0 512 512\" xmlns=\"http:\/\/www.w3.org\/2000\/svg\"><path d=\"M464 64H48C21.49 64 0 85.49 0 112v288c0 26.51 21.49 48 48 48h416c26.51 0 48-21.49 48-48V112c0-26.51-21.49-48-48-48zm0 48v40.805c-22.422 18.259-58.168 46.651-134.587 106.49-16.841 13.247-50.201 45.072-73.413 44.701-23.208.375-56.579-31.459-73.413-44.701C106.18 199.465 70.425 171.067 48 152.805V112h416zM48 400V214.398c22.914 18.251 55.409 43.862 104.938 82.646 21.857 17.205 60.134 55.186 103.062 54.955 42.717.231 80.509-37.199 103.053-54.947 49.528-38.783 82.032-64.401 104.947-82.653V400H48z\"><\/path><\/svg>\t\t\t<\/span>\n\t\t\t\t\t\t\t\t\t<span class=\"elementor-button-text\">PO\u0160ALJI E-MAIL<\/span>\n\t\t\t\t\t<\/span>\n\t\t\t\t\t<\/a>\n\t\t<\/div>\n\t\t\t\t<\/div>\n\t\t\t\t<\/div>\n\t\t\t\t\t<\/div>\n\t\t\t\t<\/div>\n\t\t<div class=\"elementor-element elementor-element-7f823153 e-flex e-con-boxed e-con e-parent\" data-id=\"7f823153\" data-element_type=\"container\">\n\t\t\t\t\t<div class=\"e-con-inner\">\n\t\t\t\t<div class=\"elementor-element elementor-element-4ec3f6e4 elementor-widget elementor-widget-text-editor\" data-id=\"4ec3f6e4\" data-element_type=\"widget\" data-widget_type=\"text-editor.default\">\n\t\t\t\t<div class=\"elementor-widget-container\">\n\t\t\t<style>\/*! elementor - v3.21.0 - 18-04-2024 *\/\n.elementor-widget-text-editor.elementor-drop-cap-view-stacked .elementor-drop-cap{background-color:#69727d;color:#fff}.elementor-widget-text-editor.elementor-drop-cap-view-framed .elementor-drop-cap{color:#69727d;border:3px solid;background-color:transparent}.elementor-widget-text-editor:not(.elementor-drop-cap-view-default) .elementor-drop-cap{margin-top:8px}.elementor-widget-text-editor:not(.elementor-drop-cap-view-default) .elementor-drop-cap-letter{width:1em;height:1em}.elementor-widget-text-editor .elementor-drop-cap{float:left;text-align:center;line-height:1;font-size:50px}.elementor-widget-text-editor .elementor-drop-cap-letter{display:inline-block}<\/style>\t\t\t\tHidrauli\u010dne pumpe\n\n<a href=\"https:\/\/obrtkockica.hr\/dd\/wp-content\/uploads\/2015\/11\/K3V112DTP.png\" data-rel=\"penci-gallery-image-content\" ><img decoding=\"async\" class=\"wp-image-638 alignleft\" src=\"http:\/\/dieseldijelovi.com\/wp-content\/uploads\/2015\/11\/K3V112DTP-150x150.png\" alt=\"Hidrauli\u010dne pumpe\" width=\"134\" height=\"134\" \/><\/a><a href=\"https:\/\/obrtkockica.hr\/dd\/wp-content\/uploads\/2015\/11\/Hidraulicna-pumpa.png\" data-rel=\"penci-gallery-image-content\" ><img decoding=\"async\" class=\"wp-image-637 alignleft\" src=\"http:\/\/dieseldijelovi.com\/wp-content\/uploads\/2015\/11\/Hidrauli\u010dna-pumpa-150x150.png\" alt=\"Hidrauli\u010dna pumpe 2\" width=\"130\" height=\"130\" \/><\/a>\n\n<a href=\"http:\/\/dieseldijelovi.com\/wp-content\/uploads\/2015\/11\/Dijelovi_hid_pumpe1-e1480788516312.png\" data-rel=\"penci-gallery-image-content\" ><img decoding=\"async\" class=\"size-full wp-image-636 alignleft\" src=\"http:\/\/dieseldijelovi.com\/wp-content\/uploads\/2015\/11\/Dijelovi_hid_pumpe1-e1480788516312.png\" alt=\"Dijelovi hidrauli\u010dne pumpe\" width=\"180\" height=\"105\" \/><\/a>\n<h2>Hidrauli\u010dne pumpe i rezervni dijelovi za gra\u0111evinske, \u0161umarske i \u00a0poljoprivredne strojeve, vili\u010dare i ostalu mehanizaciju marki <strong>KAWASAKI, PARKER, BOSCH-REXROTH, NACHI.<\/strong><\/h2>\n<h2>Pumpe se ugra\u0111uju u gra\u0111evinske strojeve JCB, CATERPILLAR, KOMATSU, TEREX, NEW HOLLAND, CASE &#8230;<\/h2>\n<h2>DOBAVA PUMPI U ROKU <span style=\"color: #ff0000;\">1-2 DANA!!<\/span><\/h2>\n<h3 style=\"text-align: left;\">Po vrstama hidrauli\u010dke pumpe dijelimo \u00a0na <strong>zup\u010daste<\/strong>\u00a0 koje su jednostavne po konstrukciji, <strong>vij\u010dane\u00a0<\/strong>koje se koriste gdje je potreban veliki protok, <strong>klipne<\/strong>\u00a0 gdje se tra\u017ee veliki pritisci , a mali protoci ulja.<\/h3>\n<h3 style=\"text-align: left;\">Ve\u0107ina pumpe radi u otvorenim sustavima. Pumpa crpi ulje iz spremnika pod atmosferskim tlakom. Vrlo je va\u017eno da nema kavitacije na usisnoj strani pumpe. Iz tog razloga, veza na usisnu stranu pumpe je ve\u0107eg promjera od priklju\u010dka tla\u010dnoj strani.<\/h3>\nGARANCIJA na sve dijelove je 6 mjeseci od izdanog ra\u010duna.\n\nGarancija ne vrijedi ukoliko dijelovi nisu ugra\u0111eni kod ovla\u0161tenog servisa.\n\nGarancija ne vrijedi ukoliko kupac koristi rabljene ili dijelove drugogog proizvo\u0111a\u010da uz na\u0161e dijelove.\t\t\t\t\t\t<\/div>\n\t\t\t\t<\/div>\n\t\t\t\t\t<\/div>\n\t\t\t\t<\/div>\n\t\t<div class=\"elementor-element elementor-element-5a4432e e-flex e-con-boxed e-con e-parent\" data-id=\"5a4432e\" data-element_type=\"container\">\n\t\t\t\t\t<div class=\"e-con-inner\">\n\t\t\t\t<div class=\"elementor-element elementor-element-211d844 elementor-align-center elementor-widget elementor-widget-button\" data-id=\"211d844\" data-element_type=\"widget\" data-widget_type=\"button.default\">\n\t\t\t\t<div class=\"elementor-widget-container\">\n\t\t\t\t\t<div class=\"elementor-button-wrapper\">\n\t\t\t<a class=\"elementor-button elementor-button-link elementor-size-xl\" href=\"tel:+38598894684\">\n\t\t\t\t\t\t<span class=\"elementor-button-content-wrapper\">\n\t\t\t\t\t\t<span class=\"elementor-button-icon elementor-align-icon-left\">\n\t\t\t\t<svg aria-hidden=\"true\" class=\"e-font-icon-svg e-fas-phone-alt\" viewBox=\"0 0 512 512\" xmlns=\"http:\/\/www.w3.org\/2000\/svg\"><path d=\"M497.39 361.8l-112-48a24 24 0 0 0-28 6.9l-49.6 60.6A370.66 370.66 0 0 1 130.6 204.11l60.6-49.6a23.94 23.94 0 0 0 6.9-28l-48-112A24.16 24.16 0 0 0 122.6.61l-104 24A24 24 0 0 0 0 48c0 256.5 207.9 464 464 464a24 24 0 0 0 23.4-18.6l24-104a24.29 24.29 0 0 0-14.01-27.6z\"><\/path><\/svg>\t\t\t<\/span>\n\t\t\t\t\t\t\t\t\t<span class=\"elementor-button-text\">KLIKNI I NAZOVI<\/span>\n\t\t\t\t\t<\/span>\n\t\t\t\t\t<\/a>\n\t\t<\/div>\n\t\t\t\t<\/div>\n\t\t\t\t<\/div>\n\t\t\t\t\t<\/div>\n\t\t\t\t<\/div>\n\t\t<div class=\"elementor-element elementor-element-28c2580 e-flex e-con-boxed e-con e-parent\" data-id=\"28c2580\" data-element_type=\"container\">\n\t\t\t\t\t<div class=\"e-con-inner\">\n\t\t\t\t<div class=\"elementor-element elementor-element-d4b0a42 elementor-align-center elementor-widget elementor-widget-button\" data-id=\"d4b0a42\" data-element_type=\"widget\" data-widget_type=\"button.default\">\n\t\t\t\t<div class=\"elementor-widget-container\">\n\t\t\t\t\t<div class=\"elementor-button-wrapper\">\n\t\t\t<a class=\"elementor-button elementor-button-link elementor-size-xl\" href=\"mailto:info@dieseldijelovi.com\">\n\t\t\t\t\t\t<span class=\"elementor-button-content-wrapper\">\n\t\t\t\t\t\t<span class=\"elementor-button-icon elementor-align-icon-left\">\n\t\t\t\t<svg aria-hidden=\"true\" class=\"e-font-icon-svg e-far-envelope\" viewBox=\"0 0 512 512\" xmlns=\"http:\/\/www.w3.org\/2000\/svg\"><path d=\"M464 64H48C21.49 64 0 85.49 0 112v288c0 26.51 21.49 48 48 48h416c26.51 0 48-21.49 48-48V112c0-26.51-21.49-48-48-48zm0 48v40.805c-22.422 18.259-58.168 46.651-134.587 106.49-16.841 13.247-50.201 45.072-73.413 44.701-23.208.375-56.579-31.459-73.413-44.701C106.18 199.465 70.425 171.067 48 152.805V112h416zM48 400V214.398c22.914 18.251 55.409 43.862 104.938 82.646 21.857 17.205 60.134 55.186 103.062 54.955 42.717.231 80.509-37.199 103.053-54.947 49.528-38.783 82.032-64.401 104.947-82.653V400H48z\"><\/path><\/svg>\t\t\t<\/span>\n\t\t\t\t\t\t\t\t\t<span class=\"elementor-button-text\">PO\u0160ALJI E-MAIL<\/span>\n\t\t\t\t\t<\/span>\n\t\t\t\t\t<\/a>\n\t\t<\/div>\n\t\t\t\t<\/div>\n\t\t\t\t<\/div>\n\t\t\t\t\t<\/div>\n\t\t\t\t<\/div>\n\t\t\t\t<\/div>\n\t\t","protected":false},"excerpt":{"rendered":"<p>KLIKNI I NAZOVI PO\u0160ALJI E-MAIL Hidrauli\u010dne pumpe Hidrauli\u010dne pumpe i rezervni dijelovi za gra\u0111evinske,&hellip;<\/p>\n","protected":false},"author":2,"featured_media":0,"parent":1470,"menu_order":0,"comment_status":"closed","ping_status":"closed","template":"","meta":{"footnotes":""},"class_list":["post-643","page","type-page","status-publish","hentry"],"yoast_head":"<!-- This site is optimized with the Yoast SEO plugin v22.5 - https:\/\/yoast.com\/wordpress\/plugins\/seo\/ -->\n<title>Hidrauli\u010dne pumpe i rezervni dijelovi KAWASAKI, PARKER i ostale<\/title>\n<meta name=\"description\" content=\"Hidrauli\u010dne pumpe za gra\u0111evinske,i poljoprivredne strojeve, vili\u010dare i ostalu mehanizaciju marki KAWASAKI, PARKER, BOSCH-REXROTH, NACHI\" \/>\n<meta name=\"robots\" content=\"index, follow, max-snippet:-1, max-image-preview:large, max-video-preview:-1\" \/>\n<link rel=\"canonical\" href=\"https:\/\/obrtkockica.hr\/dd\/rezervni-dijelovi\/hidraulicne-pumpe\/\" \/>\n<meta property=\"og:locale\" content=\"en_US\" \/>\n<meta property=\"og:type\" content=\"article\" \/>\n<meta property=\"og:title\" content=\"Hidrauli\u010dne pumpe i rezervni dijelovi KAWASAKI, PARKER i ostale\" \/>\n<meta property=\"og:description\" content=\"Hidrauli\u010dne pumpe za gra\u0111evinske,i poljoprivredne strojeve, vili\u010dare i ostalu mehanizaciju marki KAWASAKI, PARKER, BOSCH-REXROTH, NACHI\" \/>\n<meta property=\"og:url\" content=\"https:\/\/obrtkockica.hr\/dd\/rezervni-dijelovi\/hidraulicne-pumpe\/\" \/>\n<meta property=\"og:site_name\" content=\"Diesel dijelovi d.o.o.\" \/>\n<meta property=\"article:publisher\" content=\"https:\/\/www.facebook.com\/p\/Diesel-Dijelovi-doo-100064110154834\/?paipv=0&amp;eav=AfYnuqWpCqdovRazjbzrCZNjFjnIrq4c6PcPzqbGHvjZZ1ANQ4dStPqIEkAEUHAE68E&amp;_rdr\" \/>\n<meta property=\"article:modified_time\" content=\"2024-04-21T19:15:37+00:00\" \/>\n<meta property=\"og:image\" content=\"http:\/\/dieseldijelovi.com\/wp-content\/uploads\/2015\/11\/K3V112DTP-150x150.png\" \/>\n<meta name=\"twitter:card\" content=\"summary_large_image\" \/>\n<meta name=\"twitter:label1\" content=\"Est. reading time\" \/>\n\t<meta name=\"twitter:data1\" content=\"2 minutes\" \/>\n<script type=\"application\/ld+json\" class=\"yoast-schema-graph\">{\"@context\":\"https:\/\/schema.org\",\"@graph\":[{\"@type\":\"WebPage\",\"@id\":\"https:\/\/obrtkockica.hr\/dd\/rezervni-dijelovi\/hidraulicne-pumpe\/\",\"url\":\"https:\/\/obrtkockica.hr\/dd\/rezervni-dijelovi\/hidraulicne-pumpe\/\",\"name\":\"Hidrauli\u010dne pumpe i rezervni dijelovi KAWASAKI, PARKER i ostale\",\"isPartOf\":{\"@id\":\"https:\/\/obrtkockica.hr\/dd\/#website\"},\"primaryImageOfPage\":{\"@id\":\"https:\/\/obrtkockica.hr\/dd\/rezervni-dijelovi\/hidraulicne-pumpe\/#primaryimage\"},\"image\":{\"@id\":\"https:\/\/obrtkockica.hr\/dd\/rezervni-dijelovi\/hidraulicne-pumpe\/#primaryimage\"},\"thumbnailUrl\":\"http:\/\/dieseldijelovi.com\/wp-content\/uploads\/2015\/11\/K3V112DTP-150x150.png\",\"datePublished\":\"2016-12-03T17:57:26+00:00\",\"dateModified\":\"2024-04-21T19:15:37+00:00\",\"description\":\"Hidrauli\u010dne pumpe za gra\u0111evinske,i poljoprivredne strojeve, vili\u010dare i ostalu mehanizaciju marki KAWASAKI, PARKER, BOSCH-REXROTH, NACHI\",\"breadcrumb\":{\"@id\":\"https:\/\/obrtkockica.hr\/dd\/rezervni-dijelovi\/hidraulicne-pumpe\/#breadcrumb\"},\"inLanguage\":\"en-US\",\"potentialAction\":[{\"@type\":\"ReadAction\",\"target\":[\"https:\/\/obrtkockica.hr\/dd\/rezervni-dijelovi\/hidraulicne-pumpe\/\"]}]},{\"@type\":\"ImageObject\",\"inLanguage\":\"en-US\",\"@id\":\"https:\/\/obrtkockica.hr\/dd\/rezervni-dijelovi\/hidraulicne-pumpe\/#primaryimage\",\"url\":\"http:\/\/dieseldijelovi.com\/wp-content\/uploads\/2015\/11\/K3V112DTP-150x150.png\",\"contentUrl\":\"http:\/\/dieseldijelovi.com\/wp-content\/uploads\/2015\/11\/K3V112DTP-150x150.png\"},{\"@type\":\"BreadcrumbList\",\"@id\":\"https:\/\/obrtkockica.hr\/dd\/rezervni-dijelovi\/hidraulicne-pumpe\/#breadcrumb\",\"itemListElement\":[{\"@type\":\"ListItem\",\"position\":1,\"name\":\"Home\",\"item\":\"https:\/\/obrtkockica.hr\/dd\/\"},{\"@type\":\"ListItem\",\"position\":2,\"name\":\"REZERVNI DIJELOVI\",\"item\":\"https:\/\/obrtkockica.hr\/dd\/rezervni-dijelovi\/\"},{\"@type\":\"ListItem\",\"position\":3,\"name\":\"Hidrauli\u010dne pumpe\"}]},{\"@type\":\"WebSite\",\"@id\":\"https:\/\/obrtkockica.hr\/dd\/#website\",\"url\":\"https:\/\/obrtkockica.hr\/dd\/\",\"name\":\"Diesel dijelovi d.o.o.\",\"description\":\"Rezervni dijelovi za gra\u0111evinske strojeve, brodove, vili\u010dare, poljoprivredne strojeve\",\"publisher\":{\"@id\":\"https:\/\/obrtkockica.hr\/dd\/#organization\"},\"potentialAction\":[{\"@type\":\"SearchAction\",\"target\":{\"@type\":\"EntryPoint\",\"urlTemplate\":\"https:\/\/obrtkockica.hr\/dd\/?s={search_term_string}\"},\"query-input\":\"required name=search_term_string\"}],\"inLanguage\":\"en-US\"},{\"@type\":\"Organization\",\"@id\":\"https:\/\/obrtkockica.hr\/dd\/#organization\",\"name\":\"Diesel dijelovi d.o.o.\",\"url\":\"https:\/\/obrtkockica.hr\/dd\/\",\"logo\":{\"@type\":\"ImageObject\",\"inLanguage\":\"en-US\",\"@id\":\"https:\/\/obrtkockica.hr\/dd\/#\/schema\/logo\/image\/\",\"url\":\"https:\/\/obrtkockica.hr\/dd\/wp-content\/uploads\/2024\/01\/s01-1.png\",\"contentUrl\":\"https:\/\/obrtkockica.hr\/dd\/wp-content\/uploads\/2024\/01\/s01-1.png\",\"width\":970,\"height\":240,\"caption\":\"Diesel dijelovi d.o.o.\"},\"image\":{\"@id\":\"https:\/\/obrtkockica.hr\/dd\/#\/schema\/logo\/image\/\"},\"sameAs\":[\"https:\/\/www.facebook.com\/p\/Diesel-Dijelovi-doo-100064110154834\/?paipv=0&eav=AfYnuqWpCqdovRazjbzrCZNjFjnIrq4c6PcPzqbGHvjZZ1ANQ4dStPqIEkAEUHAE68E&_rdr\"]}]}<\/script>\n<!-- \/ Yoast SEO plugin. -->","yoast_head_json":{"title":"Hidrauli\u010dne pumpe i rezervni dijelovi KAWASAKI, PARKER i ostale","description":"Hidrauli\u010dne pumpe za gra\u0111evinske,i poljoprivredne strojeve, vili\u010dare i ostalu mehanizaciju marki KAWASAKI, PARKER, BOSCH-REXROTH, NACHI","robots":{"index":"index","follow":"follow","max-snippet":"max-snippet:-1","max-image-preview":"max-image-preview:large","max-video-preview":"max-video-preview:-1"},"canonical":"https:\/\/obrtkockica.hr\/dd\/rezervni-dijelovi\/hidraulicne-pumpe\/","og_locale":"en_US","og_type":"article","og_title":"Hidrauli\u010dne pumpe i rezervni dijelovi KAWASAKI, PARKER i ostale","og_description":"Hidrauli\u010dne pumpe za gra\u0111evinske,i poljoprivredne strojeve, vili\u010dare i ostalu mehanizaciju marki KAWASAKI, PARKER, BOSCH-REXROTH, NACHI","og_url":"https:\/\/obrtkockica.hr\/dd\/rezervni-dijelovi\/hidraulicne-pumpe\/","og_site_name":"Diesel dijelovi d.o.o.","article_publisher":"https:\/\/www.facebook.com\/p\/Diesel-Dijelovi-doo-100064110154834\/?paipv=0&eav=AfYnuqWpCqdovRazjbzrCZNjFjnIrq4c6PcPzqbGHvjZZ1ANQ4dStPqIEkAEUHAE68E&_rdr","article_modified_time":"2024-04-21T19:15:37+00:00","og_image":[{"url":"http:\/\/dieseldijelovi.com\/wp-content\/uploads\/2015\/11\/K3V112DTP-150x150.png"}],"twitter_card":"summary_large_image","twitter_misc":{"Est. reading time":"2 minutes"},"schema":{"@context":"https:\/\/schema.org","@graph":[{"@type":"WebPage","@id":"https:\/\/obrtkockica.hr\/dd\/rezervni-dijelovi\/hidraulicne-pumpe\/","url":"https:\/\/obrtkockica.hr\/dd\/rezervni-dijelovi\/hidraulicne-pumpe\/","name":"Hidrauli\u010dne pumpe i rezervni dijelovi KAWASAKI, PARKER i ostale","isPartOf":{"@id":"https:\/\/obrtkockica.hr\/dd\/#website"},"primaryImageOfPage":{"@id":"https:\/\/obrtkockica.hr\/dd\/rezervni-dijelovi\/hidraulicne-pumpe\/#primaryimage"},"image":{"@id":"https:\/\/obrtkockica.hr\/dd\/rezervni-dijelovi\/hidraulicne-pumpe\/#primaryimage"},"thumbnailUrl":"http:\/\/dieseldijelovi.com\/wp-content\/uploads\/2015\/11\/K3V112DTP-150x150.png","datePublished":"2016-12-03T17:57:26+00:00","dateModified":"2024-04-21T19:15:37+00:00","description":"Hidrauli\u010dne pumpe za gra\u0111evinske,i poljoprivredne strojeve, vili\u010dare i ostalu mehanizaciju marki KAWASAKI, PARKER, BOSCH-REXROTH, NACHI","breadcrumb":{"@id":"https:\/\/obrtkockica.hr\/dd\/rezervni-dijelovi\/hidraulicne-pumpe\/#breadcrumb"},"inLanguage":"en-US","potentialAction":[{"@type":"ReadAction","target":["https:\/\/obrtkockica.hr\/dd\/rezervni-dijelovi\/hidraulicne-pumpe\/"]}]},{"@type":"ImageObject","inLanguage":"en-US","@id":"https:\/\/obrtkockica.hr\/dd\/rezervni-dijelovi\/hidraulicne-pumpe\/#primaryimage","url":"http:\/\/dieseldijelovi.com\/wp-content\/uploads\/2015\/11\/K3V112DTP-150x150.png","contentUrl":"http:\/\/dieseldijelovi.com\/wp-content\/uploads\/2015\/11\/K3V112DTP-150x150.png"},{"@type":"BreadcrumbList","@id":"https:\/\/obrtkockica.hr\/dd\/rezervni-dijelovi\/hidraulicne-pumpe\/#breadcrumb","itemListElement":[{"@type":"ListItem","position":1,"name":"Home","item":"https:\/\/obrtkockica.hr\/dd\/"},{"@type":"ListItem","position":2,"name":"REZERVNI DIJELOVI","item":"https:\/\/obrtkockica.hr\/dd\/rezervni-dijelovi\/"},{"@type":"ListItem","position":3,"name":"Hidrauli\u010dne pumpe"}]},{"@type":"WebSite","@id":"https:\/\/obrtkockica.hr\/dd\/#website","url":"https:\/\/obrtkockica.hr\/dd\/","name":"Diesel dijelovi d.o.o.","description":"Rezervni dijelovi za gra\u0111evinske strojeve, brodove, vili\u010dare, poljoprivredne strojeve","publisher":{"@id":"https:\/\/obrtkockica.hr\/dd\/#organization"},"potentialAction":[{"@type":"SearchAction","target":{"@type":"EntryPoint","urlTemplate":"https:\/\/obrtkockica.hr\/dd\/?s={search_term_string}"},"query-input":"required name=search_term_string"}],"inLanguage":"en-US"},{"@type":"Organization","@id":"https:\/\/obrtkockica.hr\/dd\/#organization","name":"Diesel dijelovi d.o.o.","url":"https:\/\/obrtkockica.hr\/dd\/","logo":{"@type":"ImageObject","inLanguage":"en-US","@id":"https:\/\/obrtkockica.hr\/dd\/#\/schema\/logo\/image\/","url":"https:\/\/obrtkockica.hr\/dd\/wp-content\/uploads\/2024\/01\/s01-1.png","contentUrl":"https:\/\/obrtkockica.hr\/dd\/wp-content\/uploads\/2024\/01\/s01-1.png","width":970,"height":240,"caption":"Diesel dijelovi d.o.o."},"image":{"@id":"https:\/\/obrtkockica.hr\/dd\/#\/schema\/logo\/image\/"},"sameAs":["https:\/\/www.facebook.com\/p\/Diesel-Dijelovi-doo-100064110154834\/?paipv=0&eav=AfYnuqWpCqdovRazjbzrCZNjFjnIrq4c6PcPzqbGHvjZZ1ANQ4dStPqIEkAEUHAE68E&_rdr"]}]}},"_links":{"self":[{"href":"https:\/\/obrtkockica.hr\/dd\/wp-json\/wp\/v2\/pages\/643","targetHints":{"allow":["GET"]}}],"collection":[{"href":"https:\/\/obrtkockica.hr\/dd\/wp-json\/wp\/v2\/pages"}],"about":[{"href":"https:\/\/obrtkockica.hr\/dd\/wp-json\/wp\/v2\/types\/page"}],"author":[{"embeddable":true,"href":"https:\/\/obrtkockica.hr\/dd\/wp-json\/wp\/v2\/users\/2"}],"replies":[{"embeddable":true,"href":"https:\/\/obrtkockica.hr\/dd\/wp-json\/wp\/v2\/comments?post=643"}],"version-history":[{"count":4,"href":"https:\/\/obrtkockica.hr\/dd\/wp-json\/wp\/v2\/pages\/643\/revisions"}],"predecessor-version":[{"id":2257,"href":"https:\/\/obrtkockica.hr\/dd\/wp-json\/wp\/v2\/pages\/643\/revisions\/2257"}],"up":[{"embeddable":true,"href":"https:\/\/obrtkockica.hr\/dd\/wp-json\/wp\/v2\/pages\/1470"}],"wp:attachment":[{"href":"https:\/\/obrtkockica.hr\/dd\/wp-json\/wp\/v2\/media?parent=643"}],"curies":[{"name":"wp","href":"https:\/\/api.w.org\/{rel}","templated":true}]}}