{"id":27,"date":"2015-06-20T17:40:45","date_gmt":"2015-06-20T17:40:45","guid":{"rendered":"http:\/\/dieseldijelovi.com\/?page_id=27"},"modified":"2024-01-04T15:26:58","modified_gmt":"2024-01-04T15:26:58","slug":"naslovna-2","status":"publish","type":"page","link":"https:\/\/obrtkockica.hr\/dd\/","title":{"rendered":"Naslovna"},"content":{"rendered":"\t\t<div data-elementor-type=\"wp-page\" data-elementor-id=\"27\" class=\"elementor elementor-27\" data-elementor-post-type=\"page\">\n\t\t\t\t<div class=\"elementor-element elementor-element-94595ce e-flex e-con-boxed e-con e-parent\" data-id=\"94595ce\" data-element_type=\"container\">\n\t\t\t\t\t<div class=\"e-con-inner\">\n\t\t\t\t<div class=\"elementor-element elementor-element-1776890 elementor-align-center elementor-widget elementor-widget-button\" data-id=\"1776890\" data-element_type=\"widget\" data-widget_type=\"button.default\">\n\t\t\t\t<div class=\"elementor-widget-container\">\n\t\t\t\t\t<div class=\"elementor-button-wrapper\">\n\t\t\t<a class=\"elementor-button elementor-button-link elementor-size-xl\" href=\"tel:+38598894684\">\n\t\t\t\t\t\t<span class=\"elementor-button-content-wrapper\">\n\t\t\t\t\t\t<span class=\"elementor-button-icon elementor-align-icon-left\">\n\t\t\t\t<svg aria-hidden=\"true\" class=\"e-font-icon-svg e-fas-phone-alt\" viewBox=\"0 0 512 512\" xmlns=\"http:\/\/www.w3.org\/2000\/svg\"><path d=\"M497.39 361.8l-112-48a24 24 0 0 0-28 6.9l-49.6 60.6A370.66 370.66 0 0 1 130.6 204.11l60.6-49.6a23.94 23.94 0 0 0 6.9-28l-48-112A24.16 24.16 0 0 0 122.6.61l-104 24A24 24 0 0 0 0 48c0 256.5 207.9 464 464 464a24 24 0 0 0 23.4-18.6l24-104a24.29 24.29 0 0 0-14.01-27.6z\"><\/path><\/svg>\t\t\t<\/span>\n\t\t\t\t\t\t\t\t\t<span class=\"elementor-button-text\">Nazovite nas odmah<\/span>\n\t\t\t\t\t<\/span>\n\t\t\t\t\t<\/a>\n\t\t<\/div>\n\t\t\t\t<\/div>\n\t\t\t\t<\/div>\n\t\t\t\t<div class=\"elementor-element elementor-element-63a4e39 elementor-align-center elementor-widget elementor-widget-button\" data-id=\"63a4e39\" data-element_type=\"widget\" data-widget_type=\"button.default\">\n\t\t\t\t<div class=\"elementor-widget-container\">\n\t\t\t\t\t<div class=\"elementor-button-wrapper\">\n\t\t\t<a class=\"elementor-button elementor-button-link elementor-size-xl\" href=\"\">\n\t\t\t\t\t\t<span class=\"elementor-button-content-wrapper\">\n\t\t\t\t\t\t<span class=\"elementor-button-icon elementor-align-icon-left\">\n\t\t\t\t<svg aria-hidden=\"true\" class=\"e-font-icon-svg e-far-envelope\" viewBox=\"0 0 512 512\" xmlns=\"http:\/\/www.w3.org\/2000\/svg\"><path d=\"M464 64H48C21.49 64 0 85.49 0 112v288c0 26.51 21.49 48 48 48h416c26.51 0 48-21.49 48-48V112c0-26.51-21.49-48-48-48zm0 48v40.805c-22.422 18.259-58.168 46.651-134.587 106.49-16.841 13.247-50.201 45.072-73.413 44.701-23.208.375-56.579-31.459-73.413-44.701C106.18 199.465 70.425 171.067 48 152.805V112h416zM48 400V214.398c22.914 18.251 55.409 43.862 104.938 82.646 21.857 17.205 60.134 55.186 103.062 54.955 42.717.231 80.509-37.199 103.053-54.947 49.528-38.783 82.032-64.401 104.947-82.653V400H48z\"><\/path><\/svg>\t\t\t<\/span>\n\t\t\t\t\t\t\t\t\t<span class=\"elementor-button-text\">Javite nam se e-mailom<\/span>\n\t\t\t\t\t<\/span>\n\t\t\t\t\t<\/a>\n\t\t<\/div>\n\t\t\t\t<\/div>\n\t\t\t\t<\/div>\n\t\t\t\t<div class=\"elementor-element elementor-element-639baaa7 elementor-widget elementor-widget-text-editor\" data-id=\"639baaa7\" data-element_type=\"widget\" data-widget_type=\"text-editor.default\">\n\t\t\t\t<div class=\"elementor-widget-container\">\n\t\t\t<style>\/*! elementor - v3.21.0 - 18-04-2024 *\/\n.elementor-widget-text-editor.elementor-drop-cap-view-stacked .elementor-drop-cap{background-color:#69727d;color:#fff}.elementor-widget-text-editor.elementor-drop-cap-view-framed .elementor-drop-cap{color:#69727d;border:3px solid;background-color:transparent}.elementor-widget-text-editor:not(.elementor-drop-cap-view-default) .elementor-drop-cap{margin-top:8px}.elementor-widget-text-editor:not(.elementor-drop-cap-view-default) .elementor-drop-cap-letter{width:1em;height:1em}.elementor-widget-text-editor .elementor-drop-cap{float:left;text-align:center;line-height:1;font-size:50px}.elementor-widget-text-editor .elementor-drop-cap-letter{display:inline-block}<\/style>\t\t\t\tRezervni dijelovi<img fetchpriority=\"high\" decoding=\"async\" class=\"aligncenter wp-image-199 size-full\" title=\"Rezervni dijelovi\" src=\"https:\/\/obrtkockica.hr\/dd\/wp-content\/uploads\/2015\/11\/Okit.jpg\" alt=\"Rezervni dijelovi\" width=\"391\" height=\"178\" srcset=\"https:\/\/obrtkockica.hr\/dd\/wp-content\/uploads\/2015\/11\/Okit.jpg 391w, https:\/\/obrtkockica.hr\/dd\/wp-content\/uploads\/2015\/11\/Okit-300x137.jpg 300w\" sizes=\"(max-width: 391px) 100vw, 391px\" \/>\n<h1 style=\"text-align: center;\"><strong><span class=\"naslov1\">Dobro do\u0161li na stranice firme Diesel Dijelovi !<\/span><\/strong><\/h1>\n<h3><strong>VJERUJEMO da mo\u017eemo prona\u0107i dijelove koje VI TRA\u017dITE !!!!<\/strong><\/h3>\n<h3><strong>DATI \u0107emo Vam savjete pri kupnji dijelova i popravku\u00a0 !!!!<\/strong><\/h3>\n<h3><strong>NAJBR\u017dE \u0107emo isporu\u010diti tra\u017eene DIJELOVE !!!!<\/strong><\/h3>\n<h4 style=\"text-align: center;\"><strong>ZADOVOLJSTVO kupaca je na\u0161 najve\u0107i prioritet.<\/strong><\/h4>\n<p style=\"text-align: center;\"><\/p>\n<p style=\"text-align: center;\"><\/p>\n<\/div><\/div><\/div><\/div><\/div><div class=\"penci-more-link\"> <a href=\"https:\/\/obrtkockica.hr\/dd\/#more-27\" class=\"more-link elementor-more-link\"><span aria-label=\"Continue reading Naslovna\">(more&hellip;)<\/span><\/a><\/div>","protected":false},"excerpt":{"rendered":"<p>Nazovite nas odmah Javite nam se e-mailom Rezervni dijelovi Dobro do\u0161li na stranice firme&hellip;<\/p>\n","protected":false},"author":2,"featured_media":0,"parent":0,"menu_order":0,"comment_status":"open","ping_status":"open","template":"","meta":{"footnotes":""},"class_list":["post-27","page","type-page","status-publish","hentry"],"yoast_head":"<!-- This site is optimized with the Yoast SEO plugin v22.5 - https:\/\/yoast.com\/wordpress\/plugins\/seo\/ -->\n<title>Naslovna-DieselDijelovi.com rezervni dijelovi JCB CUMMINS PERKINS C<\/title>\n<meta name=\"description\" content=\"Firma se bavi prodajom rezervni dijelovi za gra\u0111evinske strojeve,\u00a0diesel\u00a0motore Caterpillar, Cummins, Perkins, Deutz, Komatsu,Detroit\u00a0Diesel,John Deere,\u00a0...\" \/>\n<meta name=\"robots\" content=\"index, follow, max-snippet:-1, max-image-preview:large, max-video-preview:-1\" \/>\n<link rel=\"canonical\" href=\"https:\/\/obrtkockica.hr\/dd\/\" \/>\n<meta property=\"og:locale\" content=\"en_US\" \/>\n<meta property=\"og:type\" content=\"article\" \/>\n<meta property=\"og:title\" content=\"Naslovna-DieselDijelovi.com rezervni dijelovi JCB CUMMINS PERKINS C\" \/>\n<meta property=\"og:description\" content=\"Firma se bavi prodajom rezervni dijelovi za gra\u0111evinske strojeve,\u00a0diesel\u00a0motore Caterpillar, Cummins, Perkins, Deutz, Komatsu,Detroit\u00a0Diesel,John Deere,\u00a0...\" \/>\n<meta property=\"og:url\" content=\"https:\/\/obrtkockica.hr\/dd\/\" \/>\n<meta property=\"og:site_name\" content=\"Diesel dijelovi d.o.o.\" \/>\n<meta property=\"article:publisher\" content=\"https:\/\/www.facebook.com\/p\/Diesel-Dijelovi-doo-100064110154834\/?paipv=0&amp;eav=AfYnuqWpCqdovRazjbzrCZNjFjnIrq4c6PcPzqbGHvjZZ1ANQ4dStPqIEkAEUHAE68E&amp;_rdr\" \/>\n<meta property=\"article:modified_time\" content=\"2024-01-04T15:26:58+00:00\" \/>\n<meta property=\"og:image\" content=\"https:\/\/obrtkockica.hr\/dd\/wp-content\/uploads\/2015\/11\/Okit.jpg\" \/>\n<meta name=\"twitter:card\" content=\"summary_large_image\" \/>\n<meta name=\"twitter:label1\" content=\"Est. reading time\" \/>\n\t<meta name=\"twitter:data1\" content=\"1 minute\" \/>\n<script type=\"application\/ld+json\" class=\"yoast-schema-graph\">{\"@context\":\"https:\/\/schema.org\",\"@graph\":[{\"@type\":\"WebPage\",\"@id\":\"https:\/\/obrtkockica.hr\/dd\/\",\"url\":\"https:\/\/obrtkockica.hr\/dd\/\",\"name\":\"Naslovna-DieselDijelovi.com rezervni dijelovi JCB CUMMINS PERKINS C\",\"isPartOf\":{\"@id\":\"https:\/\/obrtkockica.hr\/dd\/#website\"},\"primaryImageOfPage\":{\"@id\":\"https:\/\/obrtkockica.hr\/dd\/#primaryimage\"},\"image\":{\"@id\":\"https:\/\/obrtkockica.hr\/dd\/#primaryimage\"},\"thumbnailUrl\":\"https:\/\/obrtkockica.hr\/dd\/wp-content\/uploads\/2015\/11\/Okit.jpg\",\"datePublished\":\"2015-06-20T17:40:45+00:00\",\"dateModified\":\"2024-01-04T15:26:58+00:00\",\"description\":\"Firma se bavi prodajom rezervni dijelovi za gra\u0111evinske strojeve,\u00a0diesel\u00a0motore Caterpillar, Cummins, Perkins, Deutz, Komatsu,Detroit\u00a0Diesel,John Deere,\u00a0...\",\"breadcrumb\":{\"@id\":\"https:\/\/obrtkockica.hr\/dd\/#breadcrumb\"},\"inLanguage\":\"en-US\",\"potentialAction\":[{\"@type\":\"ReadAction\",\"target\":[\"https:\/\/obrtkockica.hr\/dd\/\"]}]},{\"@type\":\"ImageObject\",\"inLanguage\":\"en-US\",\"@id\":\"https:\/\/obrtkockica.hr\/dd\/#primaryimage\",\"url\":\"https:\/\/obrtkockica.hr\/dd\/wp-content\/uploads\/2015\/11\/Okit.jpg\",\"contentUrl\":\"https:\/\/obrtkockica.hr\/dd\/wp-content\/uploads\/2015\/11\/Okit.jpg\",\"width\":391,\"height\":178,\"caption\":\"Set za reparaturu\"},{\"@type\":\"BreadcrumbList\",\"@id\":\"https:\/\/obrtkockica.hr\/dd\/#breadcrumb\",\"itemListElement\":[{\"@type\":\"ListItem\",\"position\":1,\"name\":\"Home\",\"item\":\"https:\/\/obrtkockica.hr\/dd\/\"},{\"@type\":\"ListItem\",\"position\":2,\"name\":\"Naslovna\"}]},{\"@type\":\"WebSite\",\"@id\":\"https:\/\/obrtkockica.hr\/dd\/#website\",\"url\":\"https:\/\/obrtkockica.hr\/dd\/\",\"name\":\"Diesel dijelovi d.o.o.\",\"description\":\"Rezervni dijelovi za gra\u0111evinske strojeve, brodove, vili\u010dare, poljoprivredne strojeve\",\"publisher\":{\"@id\":\"https:\/\/obrtkockica.hr\/dd\/#organization\"},\"potentialAction\":[{\"@type\":\"SearchAction\",\"target\":{\"@type\":\"EntryPoint\",\"urlTemplate\":\"https:\/\/obrtkockica.hr\/dd\/?s={search_term_string}\"},\"query-input\":\"required name=search_term_string\"}],\"inLanguage\":\"en-US\"},{\"@type\":\"Organization\",\"@id\":\"https:\/\/obrtkockica.hr\/dd\/#organization\",\"name\":\"Diesel dijelovi d.o.o.\",\"url\":\"https:\/\/obrtkockica.hr\/dd\/\",\"logo\":{\"@type\":\"ImageObject\",\"inLanguage\":\"en-US\",\"@id\":\"https:\/\/obrtkockica.hr\/dd\/#\/schema\/logo\/image\/\",\"url\":\"https:\/\/obrtkockica.hr\/dd\/wp-content\/uploads\/2024\/01\/s01-1.png\",\"contentUrl\":\"https:\/\/obrtkockica.hr\/dd\/wp-content\/uploads\/2024\/01\/s01-1.png\",\"width\":970,\"height\":240,\"caption\":\"Diesel dijelovi d.o.o.\"},\"image\":{\"@id\":\"https:\/\/obrtkockica.hr\/dd\/#\/schema\/logo\/image\/\"},\"sameAs\":[\"https:\/\/www.facebook.com\/p\/Diesel-Dijelovi-doo-100064110154834\/?paipv=0&eav=AfYnuqWpCqdovRazjbzrCZNjFjnIrq4c6PcPzqbGHvjZZ1ANQ4dStPqIEkAEUHAE68E&_rdr\"]}]}<\/script>\n<!-- \/ Yoast SEO plugin. -->","yoast_head_json":{"title":"Naslovna-DieselDijelovi.com rezervni dijelovi JCB CUMMINS PERKINS C","description":"Firma se bavi prodajom rezervni dijelovi za gra\u0111evinske strojeve,\u00a0diesel\u00a0motore Caterpillar, Cummins, Perkins, Deutz, Komatsu,Detroit\u00a0Diesel,John Deere,\u00a0...","robots":{"index":"index","follow":"follow","max-snippet":"max-snippet:-1","max-image-preview":"max-image-preview:large","max-video-preview":"max-video-preview:-1"},"canonical":"https:\/\/obrtkockica.hr\/dd\/","og_locale":"en_US","og_type":"article","og_title":"Naslovna-DieselDijelovi.com rezervni dijelovi JCB CUMMINS PERKINS C","og_description":"Firma se bavi prodajom rezervni dijelovi za gra\u0111evinske strojeve,\u00a0diesel\u00a0motore Caterpillar, Cummins, Perkins, Deutz, Komatsu,Detroit\u00a0Diesel,John Deere,\u00a0...","og_url":"https:\/\/obrtkockica.hr\/dd\/","og_site_name":"Diesel dijelovi d.o.o.","article_publisher":"https:\/\/www.facebook.com\/p\/Diesel-Dijelovi-doo-100064110154834\/?paipv=0&eav=AfYnuqWpCqdovRazjbzrCZNjFjnIrq4c6PcPzqbGHvjZZ1ANQ4dStPqIEkAEUHAE68E&_rdr","article_modified_time":"2024-01-04T15:26:58+00:00","og_image":[{"url":"https:\/\/obrtkockica.hr\/dd\/wp-content\/uploads\/2015\/11\/Okit.jpg"}],"twitter_card":"summary_large_image","twitter_misc":{"Est. reading time":"1 minute"},"schema":{"@context":"https:\/\/schema.org","@graph":[{"@type":"WebPage","@id":"https:\/\/obrtkockica.hr\/dd\/","url":"https:\/\/obrtkockica.hr\/dd\/","name":"Naslovna-DieselDijelovi.com rezervni dijelovi JCB CUMMINS PERKINS C","isPartOf":{"@id":"https:\/\/obrtkockica.hr\/dd\/#website"},"primaryImageOfPage":{"@id":"https:\/\/obrtkockica.hr\/dd\/#primaryimage"},"image":{"@id":"https:\/\/obrtkockica.hr\/dd\/#primaryimage"},"thumbnailUrl":"https:\/\/obrtkockica.hr\/dd\/wp-content\/uploads\/2015\/11\/Okit.jpg","datePublished":"2015-06-20T17:40:45+00:00","dateModified":"2024-01-04T15:26:58+00:00","description":"Firma se bavi prodajom rezervni dijelovi za gra\u0111evinske strojeve,\u00a0diesel\u00a0motore Caterpillar, Cummins, Perkins, Deutz, Komatsu,Detroit\u00a0Diesel,John Deere,\u00a0...","breadcrumb":{"@id":"https:\/\/obrtkockica.hr\/dd\/#breadcrumb"},"inLanguage":"en-US","potentialAction":[{"@type":"ReadAction","target":["https:\/\/obrtkockica.hr\/dd\/"]}]},{"@type":"ImageObject","inLanguage":"en-US","@id":"https:\/\/obrtkockica.hr\/dd\/#primaryimage","url":"https:\/\/obrtkockica.hr\/dd\/wp-content\/uploads\/2015\/11\/Okit.jpg","contentUrl":"https:\/\/obrtkockica.hr\/dd\/wp-content\/uploads\/2015\/11\/Okit.jpg","width":391,"height":178,"caption":"Set za reparaturu"},{"@type":"BreadcrumbList","@id":"https:\/\/obrtkockica.hr\/dd\/#breadcrumb","itemListElement":[{"@type":"ListItem","position":1,"name":"Home","item":"https:\/\/obrtkockica.hr\/dd\/"},{"@type":"ListItem","position":2,"name":"Naslovna"}]},{"@type":"WebSite","@id":"https:\/\/obrtkockica.hr\/dd\/#website","url":"https:\/\/obrtkockica.hr\/dd\/","name":"Diesel dijelovi d.o.o.","description":"Rezervni dijelovi za gra\u0111evinske strojeve, brodove, vili\u010dare, poljoprivredne strojeve","publisher":{"@id":"https:\/\/obrtkockica.hr\/dd\/#organization"},"potentialAction":[{"@type":"SearchAction","target":{"@type":"EntryPoint","urlTemplate":"https:\/\/obrtkockica.hr\/dd\/?s={search_term_string}"},"query-input":"required name=search_term_string"}],"inLanguage":"en-US"},{"@type":"Organization","@id":"https:\/\/obrtkockica.hr\/dd\/#organization","name":"Diesel dijelovi d.o.o.","url":"https:\/\/obrtkockica.hr\/dd\/","logo":{"@type":"ImageObject","inLanguage":"en-US","@id":"https:\/\/obrtkockica.hr\/dd\/#\/schema\/logo\/image\/","url":"https:\/\/obrtkockica.hr\/dd\/wp-content\/uploads\/2024\/01\/s01-1.png","contentUrl":"https:\/\/obrtkockica.hr\/dd\/wp-content\/uploads\/2024\/01\/s01-1.png","width":970,"height":240,"caption":"Diesel dijelovi d.o.o."},"image":{"@id":"https:\/\/obrtkockica.hr\/dd\/#\/schema\/logo\/image\/"},"sameAs":["https:\/\/www.facebook.com\/p\/Diesel-Dijelovi-doo-100064110154834\/?paipv=0&eav=AfYnuqWpCqdovRazjbzrCZNjFjnIrq4c6PcPzqbGHvjZZ1ANQ4dStPqIEkAEUHAE68E&_rdr"]}]}},"_links":{"self":[{"href":"https:\/\/obrtkockica.hr\/dd\/wp-json\/wp\/v2\/pages\/27","targetHints":{"allow":["GET"]}}],"collection":[{"href":"https:\/\/obrtkockica.hr\/dd\/wp-json\/wp\/v2\/pages"}],"about":[{"href":"https:\/\/obrtkockica.hr\/dd\/wp-json\/wp\/v2\/types\/page"}],"author":[{"embeddable":true,"href":"https:\/\/obrtkockica.hr\/dd\/wp-json\/wp\/v2\/users\/2"}],"replies":[{"embeddable":true,"href":"https:\/\/obrtkockica.hr\/dd\/wp-json\/wp\/v2\/comments?post=27"}],"version-history":[{"count":13,"href":"https:\/\/obrtkockica.hr\/dd\/wp-json\/wp\/v2\/pages\/27\/revisions"}],"predecessor-version":[{"id":1733,"href":"https:\/\/obrtkockica.hr\/dd\/wp-json\/wp\/v2\/pages\/27\/revisions\/1733"}],"wp:attachment":[{"href":"https:\/\/obrtkockica.hr\/dd\/wp-json\/wp\/v2\/media?parent=27"}],"curies":[{"name":"wp","href":"https:\/\/api.w.org\/{rel}","templated":true}]}}