{"id":24,"date":"2015-06-19T08:18:17","date_gmt":"2015-06-19T07:18:17","guid":{"rendered":"http:\/\/dieseldijelovi.com\/?page_id=24"},"modified":"2023-11-06T15:04:21","modified_gmt":"2023-11-06T15:04:21","slug":"sumarski-strojevi","status":"publish","type":"page","link":"https:\/\/obrtkockica.hr\/dd\/rezervni-dijelovi\/sumarski-strojevi\/","title":{"rendered":"\u0160umarski strojevi"},"content":{"rendered":"<p>\u0160umarski strojevi<\/p>\n<h2>Isporuka dijelova za \u0161umarske strojeve marki<\/h2>\n<h2>TIMBERJACK, <a href=\"http:\/\/dieseldijelovi.com\/rezervni-dijelovi\/caterpillar\/\">CATERPILLAR<\/a>, <a href=\"http:\/\/dieseldijelovi.com\/rezervni-dijelovi\/john-deere\/\">JOHN DEERE<\/a><\/h2>\n<h2>U ponudi dijelovi motora<\/h2>\n<h2><a href=\"http:\/\/dieseldijelovi.com\/rezervni-dijelovi\/cummins\/\">CUMMINS<\/a>, <a href=\"http:\/\/dieseldijelovi.com\/rezervni-dijelovi\/perkins\/\">PERKINS<\/a>,<a href=\"http:\/\/dieseldijelovi.com\/rezervni-dijelovi\/detroit-diesel\/\">DETROT DIESEL<\/a>,<a href=\"http:\/\/dieseldijelovi.com\/rezervni-dijelovi\/caterpillar\/\">CATERPILLAR<\/a>,DEUTZ<\/h2>\n<p><a href=\"https:\/\/obrtkockica.hr\/dd\/wp-content\/uploads\/2015\/06\/umarski-strojevi.png\" data-rel=\"penci-gallery-image-content\" ><img fetchpriority=\"high\" decoding=\"async\" class=\"size-full wp-image-1009 aligncenter\" src=\"https:\/\/obrtkockica.hr\/dd\/wp-content\/uploads\/2015\/06\/umarski-strojevi.png\" alt=\"\u0160umarski strojevi\" width=\"265\" height=\"190\" \/><\/a><\/p>\n<h1><span style=\"color: #ff0000;\">ISPORUKA REZERVNIH DIJELOVA U ROKU 1 DAN!<\/span><\/h1>\n<p style=\"text-align: center;\">\n<h2 style=\"text-align: left;\">\u0160umarski strojevi rade u vrlo te\u0161kim uvjetima te rezervni dijelovi koji \u00a0isporu\u010dujemo ispunjavaju sve norme i vrhunske su kvalitete.<\/h2>\n<h2 style=\"text-align: left;\">Osim rezervnih dijelova motora isporu\u010dujemo<a href=\"http:\/\/dieseldijelovi.com\/rezervni-dijelovi\/hidraulicne-pumpe\/\">\u00a0HIDRAULI\u010cNE PUMPE<\/a>\u00a0te kvalitetna <a href=\"http:\/\/dieseldijelovi.com\/ulja-i-maziva\/\">ULJA I MAZIVA<\/a>.<\/h2>\n<h2>Kvalitetene LANCE i GUME mo\u017eemo ponuditi za Va\u0161e \u0161umske strojeve.<\/h2>\n","protected":false},"excerpt":{"rendered":"<p>\u0160umarski strojevi Isporuka dijelova za \u0161umarske strojeve marki TIMBERJACK, CATERPILLAR, JOHN DEERE U ponudi&hellip;<\/p>\n","protected":false},"author":2,"featured_media":0,"parent":1470,"menu_order":0,"comment_status":"open","ping_status":"closed","template":"","meta":{"footnotes":""},"class_list":["post-24","page","type-page","status-publish","hentry"],"yoast_head":"<!-- This site is optimized with the Yoast SEO plugin v22.5 - https:\/\/yoast.com\/wordpress\/plugins\/seo\/ -->\n<title>\u0160umarski strojevi-PRODAJA REZERVNIH DIJELOVA-Diesel Dijelovi d.o.o.<\/title>\n<meta name=\"description\" content=\"\u0160UMARSKI STROJEVI - PRODAJA REZERVNIH DIJELOVA za TIMBERJACK, JOHN DEERE CATERPILLAR- BRZA ISPORUKA U ROKU 1 DAN 098894684\" \/>\n<meta name=\"robots\" content=\"index, follow, max-snippet:-1, max-image-preview:large, max-video-preview:-1\" \/>\n<link rel=\"canonical\" href=\"https:\/\/obrtkockica.hr\/dd\/rezervni-dijelovi\/sumarski-strojevi\/\" \/>\n<meta property=\"og:locale\" content=\"en_US\" \/>\n<meta property=\"og:type\" content=\"article\" \/>\n<meta property=\"og:title\" content=\"\u0160umarski strojevi-PRODAJA REZERVNIH DIJELOVA-Diesel Dijelovi d.o.o.\" \/>\n<meta property=\"og:description\" content=\"\u0160UMARSKI STROJEVI - PRODAJA REZERVNIH DIJELOVA za TIMBERJACK, JOHN DEERE CATERPILLAR- BRZA ISPORUKA U ROKU 1 DAN 098894684\" \/>\n<meta property=\"og:url\" content=\"https:\/\/obrtkockica.hr\/dd\/rezervni-dijelovi\/sumarski-strojevi\/\" \/>\n<meta property=\"og:site_name\" content=\"Diesel dijelovi d.o.o.\" \/>\n<meta property=\"article:publisher\" content=\"https:\/\/www.facebook.com\/p\/Diesel-Dijelovi-doo-100064110154834\/?paipv=0&amp;eav=AfYnuqWpCqdovRazjbzrCZNjFjnIrq4c6PcPzqbGHvjZZ1ANQ4dStPqIEkAEUHAE68E&amp;_rdr\" \/>\n<meta property=\"article:modified_time\" content=\"2023-11-06T15:04:21+00:00\" \/>\n<meta property=\"og:image\" content=\"https:\/\/obrtkockica.hr\/dd\/wp-content\/uploads\/2015\/06\/umarski-strojevi.png\" \/>\n<meta name=\"twitter:card\" content=\"summary_large_image\" \/>\n<script type=\"application\/ld+json\" class=\"yoast-schema-graph\">{\"@context\":\"https:\/\/schema.org\",\"@graph\":[{\"@type\":\"WebPage\",\"@id\":\"https:\/\/obrtkockica.hr\/dd\/rezervni-dijelovi\/sumarski-strojevi\/\",\"url\":\"https:\/\/obrtkockica.hr\/dd\/rezervni-dijelovi\/sumarski-strojevi\/\",\"name\":\"\u0160umarski strojevi-PRODAJA REZERVNIH DIJELOVA-Diesel Dijelovi d.o.o.\",\"isPartOf\":{\"@id\":\"https:\/\/obrtkockica.hr\/dd\/#website\"},\"primaryImageOfPage\":{\"@id\":\"https:\/\/obrtkockica.hr\/dd\/rezervni-dijelovi\/sumarski-strojevi\/#primaryimage\"},\"image\":{\"@id\":\"https:\/\/obrtkockica.hr\/dd\/rezervni-dijelovi\/sumarski-strojevi\/#primaryimage\"},\"thumbnailUrl\":\"https:\/\/obrtkockica.hr\/dd\/wp-content\/uploads\/2015\/06\/umarski-strojevi.png\",\"datePublished\":\"2015-06-19T07:18:17+00:00\",\"dateModified\":\"2023-11-06T15:04:21+00:00\",\"description\":\"\u0160UMARSKI STROJEVI - PRODAJA REZERVNIH DIJELOVA za TIMBERJACK, JOHN DEERE CATERPILLAR- BRZA ISPORUKA U ROKU 1 DAN 098894684\",\"breadcrumb\":{\"@id\":\"https:\/\/obrtkockica.hr\/dd\/rezervni-dijelovi\/sumarski-strojevi\/#breadcrumb\"},\"inLanguage\":\"en-US\",\"potentialAction\":[{\"@type\":\"ReadAction\",\"target\":[\"https:\/\/obrtkockica.hr\/dd\/rezervni-dijelovi\/sumarski-strojevi\/\"]}]},{\"@type\":\"ImageObject\",\"inLanguage\":\"en-US\",\"@id\":\"https:\/\/obrtkockica.hr\/dd\/rezervni-dijelovi\/sumarski-strojevi\/#primaryimage\",\"url\":\"https:\/\/obrtkockica.hr\/dd\/wp-content\/uploads\/2015\/06\/umarski-strojevi.png\",\"contentUrl\":\"https:\/\/obrtkockica.hr\/dd\/wp-content\/uploads\/2015\/06\/umarski-strojevi.png\"},{\"@type\":\"BreadcrumbList\",\"@id\":\"https:\/\/obrtkockica.hr\/dd\/rezervni-dijelovi\/sumarski-strojevi\/#breadcrumb\",\"itemListElement\":[{\"@type\":\"ListItem\",\"position\":1,\"name\":\"Home\",\"item\":\"https:\/\/obrtkockica.hr\/dd\/\"},{\"@type\":\"ListItem\",\"position\":2,\"name\":\"REZERVNI DIJELOVI\",\"item\":\"https:\/\/obrtkockica.hr\/dd\/rezervni-dijelovi\/\"},{\"@type\":\"ListItem\",\"position\":3,\"name\":\"\u0160umarski strojevi\"}]},{\"@type\":\"WebSite\",\"@id\":\"https:\/\/obrtkockica.hr\/dd\/#website\",\"url\":\"https:\/\/obrtkockica.hr\/dd\/\",\"name\":\"Diesel dijelovi d.o.o.\",\"description\":\"Rezervni dijelovi za gra\u0111evinske strojeve, brodove, vili\u010dare, poljoprivredne strojeve\",\"publisher\":{\"@id\":\"https:\/\/obrtkockica.hr\/dd\/#organization\"},\"potentialAction\":[{\"@type\":\"SearchAction\",\"target\":{\"@type\":\"EntryPoint\",\"urlTemplate\":\"https:\/\/obrtkockica.hr\/dd\/?s={search_term_string}\"},\"query-input\":\"required name=search_term_string\"}],\"inLanguage\":\"en-US\"},{\"@type\":\"Organization\",\"@id\":\"https:\/\/obrtkockica.hr\/dd\/#organization\",\"name\":\"Diesel dijelovi d.o.o.\",\"url\":\"https:\/\/obrtkockica.hr\/dd\/\",\"logo\":{\"@type\":\"ImageObject\",\"inLanguage\":\"en-US\",\"@id\":\"https:\/\/obrtkockica.hr\/dd\/#\/schema\/logo\/image\/\",\"url\":\"https:\/\/obrtkockica.hr\/dd\/wp-content\/uploads\/2024\/01\/s01-1.png\",\"contentUrl\":\"https:\/\/obrtkockica.hr\/dd\/wp-content\/uploads\/2024\/01\/s01-1.png\",\"width\":970,\"height\":240,\"caption\":\"Diesel dijelovi d.o.o.\"},\"image\":{\"@id\":\"https:\/\/obrtkockica.hr\/dd\/#\/schema\/logo\/image\/\"},\"sameAs\":[\"https:\/\/www.facebook.com\/p\/Diesel-Dijelovi-doo-100064110154834\/?paipv=0&eav=AfYnuqWpCqdovRazjbzrCZNjFjnIrq4c6PcPzqbGHvjZZ1ANQ4dStPqIEkAEUHAE68E&_rdr\"]}]}<\/script>\n<!-- \/ Yoast SEO plugin. -->","yoast_head_json":{"title":"\u0160umarski strojevi-PRODAJA REZERVNIH DIJELOVA-Diesel Dijelovi d.o.o.","description":"\u0160UMARSKI STROJEVI - PRODAJA REZERVNIH DIJELOVA za TIMBERJACK, JOHN DEERE CATERPILLAR- BRZA ISPORUKA U ROKU 1 DAN 098894684","robots":{"index":"index","follow":"follow","max-snippet":"max-snippet:-1","max-image-preview":"max-image-preview:large","max-video-preview":"max-video-preview:-1"},"canonical":"https:\/\/obrtkockica.hr\/dd\/rezervni-dijelovi\/sumarski-strojevi\/","og_locale":"en_US","og_type":"article","og_title":"\u0160umarski strojevi-PRODAJA REZERVNIH DIJELOVA-Diesel Dijelovi d.o.o.","og_description":"\u0160UMARSKI STROJEVI - PRODAJA REZERVNIH DIJELOVA za TIMBERJACK, JOHN DEERE CATERPILLAR- BRZA ISPORUKA U ROKU 1 DAN 098894684","og_url":"https:\/\/obrtkockica.hr\/dd\/rezervni-dijelovi\/sumarski-strojevi\/","og_site_name":"Diesel dijelovi d.o.o.","article_publisher":"https:\/\/www.facebook.com\/p\/Diesel-Dijelovi-doo-100064110154834\/?paipv=0&eav=AfYnuqWpCqdovRazjbzrCZNjFjnIrq4c6PcPzqbGHvjZZ1ANQ4dStPqIEkAEUHAE68E&_rdr","article_modified_time":"2023-11-06T15:04:21+00:00","og_image":[{"url":"https:\/\/obrtkockica.hr\/dd\/wp-content\/uploads\/2015\/06\/umarski-strojevi.png"}],"twitter_card":"summary_large_image","schema":{"@context":"https:\/\/schema.org","@graph":[{"@type":"WebPage","@id":"https:\/\/obrtkockica.hr\/dd\/rezervni-dijelovi\/sumarski-strojevi\/","url":"https:\/\/obrtkockica.hr\/dd\/rezervni-dijelovi\/sumarski-strojevi\/","name":"\u0160umarski strojevi-PRODAJA REZERVNIH DIJELOVA-Diesel Dijelovi d.o.o.","isPartOf":{"@id":"https:\/\/obrtkockica.hr\/dd\/#website"},"primaryImageOfPage":{"@id":"https:\/\/obrtkockica.hr\/dd\/rezervni-dijelovi\/sumarski-strojevi\/#primaryimage"},"image":{"@id":"https:\/\/obrtkockica.hr\/dd\/rezervni-dijelovi\/sumarski-strojevi\/#primaryimage"},"thumbnailUrl":"https:\/\/obrtkockica.hr\/dd\/wp-content\/uploads\/2015\/06\/umarski-strojevi.png","datePublished":"2015-06-19T07:18:17+00:00","dateModified":"2023-11-06T15:04:21+00:00","description":"\u0160UMARSKI STROJEVI - PRODAJA REZERVNIH DIJELOVA za TIMBERJACK, JOHN DEERE CATERPILLAR- BRZA ISPORUKA U ROKU 1 DAN 098894684","breadcrumb":{"@id":"https:\/\/obrtkockica.hr\/dd\/rezervni-dijelovi\/sumarski-strojevi\/#breadcrumb"},"inLanguage":"en-US","potentialAction":[{"@type":"ReadAction","target":["https:\/\/obrtkockica.hr\/dd\/rezervni-dijelovi\/sumarski-strojevi\/"]}]},{"@type":"ImageObject","inLanguage":"en-US","@id":"https:\/\/obrtkockica.hr\/dd\/rezervni-dijelovi\/sumarski-strojevi\/#primaryimage","url":"https:\/\/obrtkockica.hr\/dd\/wp-content\/uploads\/2015\/06\/umarski-strojevi.png","contentUrl":"https:\/\/obrtkockica.hr\/dd\/wp-content\/uploads\/2015\/06\/umarski-strojevi.png"},{"@type":"BreadcrumbList","@id":"https:\/\/obrtkockica.hr\/dd\/rezervni-dijelovi\/sumarski-strojevi\/#breadcrumb","itemListElement":[{"@type":"ListItem","position":1,"name":"Home","item":"https:\/\/obrtkockica.hr\/dd\/"},{"@type":"ListItem","position":2,"name":"REZERVNI DIJELOVI","item":"https:\/\/obrtkockica.hr\/dd\/rezervni-dijelovi\/"},{"@type":"ListItem","position":3,"name":"\u0160umarski strojevi"}]},{"@type":"WebSite","@id":"https:\/\/obrtkockica.hr\/dd\/#website","url":"https:\/\/obrtkockica.hr\/dd\/","name":"Diesel dijelovi d.o.o.","description":"Rezervni dijelovi za gra\u0111evinske strojeve, brodove, vili\u010dare, poljoprivredne strojeve","publisher":{"@id":"https:\/\/obrtkockica.hr\/dd\/#organization"},"potentialAction":[{"@type":"SearchAction","target":{"@type":"EntryPoint","urlTemplate":"https:\/\/obrtkockica.hr\/dd\/?s={search_term_string}"},"query-input":"required name=search_term_string"}],"inLanguage":"en-US"},{"@type":"Organization","@id":"https:\/\/obrtkockica.hr\/dd\/#organization","name":"Diesel dijelovi d.o.o.","url":"https:\/\/obrtkockica.hr\/dd\/","logo":{"@type":"ImageObject","inLanguage":"en-US","@id":"https:\/\/obrtkockica.hr\/dd\/#\/schema\/logo\/image\/","url":"https:\/\/obrtkockica.hr\/dd\/wp-content\/uploads\/2024\/01\/s01-1.png","contentUrl":"https:\/\/obrtkockica.hr\/dd\/wp-content\/uploads\/2024\/01\/s01-1.png","width":970,"height":240,"caption":"Diesel dijelovi d.o.o."},"image":{"@id":"https:\/\/obrtkockica.hr\/dd\/#\/schema\/logo\/image\/"},"sameAs":["https:\/\/www.facebook.com\/p\/Diesel-Dijelovi-doo-100064110154834\/?paipv=0&eav=AfYnuqWpCqdovRazjbzrCZNjFjnIrq4c6PcPzqbGHvjZZ1ANQ4dStPqIEkAEUHAE68E&_rdr"]}]}},"_links":{"self":[{"href":"https:\/\/obrtkockica.hr\/dd\/wp-json\/wp\/v2\/pages\/24","targetHints":{"allow":["GET"]}}],"collection":[{"href":"https:\/\/obrtkockica.hr\/dd\/wp-json\/wp\/v2\/pages"}],"about":[{"href":"https:\/\/obrtkockica.hr\/dd\/wp-json\/wp\/v2\/types\/page"}],"author":[{"embeddable":true,"href":"https:\/\/obrtkockica.hr\/dd\/wp-json\/wp\/v2\/users\/2"}],"replies":[{"embeddable":true,"href":"https:\/\/obrtkockica.hr\/dd\/wp-json\/wp\/v2\/comments?post=24"}],"version-history":[{"count":1,"href":"https:\/\/obrtkockica.hr\/dd\/wp-json\/wp\/v2\/pages\/24\/revisions"}],"predecessor-version":[{"id":1559,"href":"https:\/\/obrtkockica.hr\/dd\/wp-json\/wp\/v2\/pages\/24\/revisions\/1559"}],"up":[{"embeddable":true,"href":"https:\/\/obrtkockica.hr\/dd\/wp-json\/wp\/v2\/pages\/1470"}],"wp:attachment":[{"href":"https:\/\/obrtkockica.hr\/dd\/wp-json\/wp\/v2\/media?parent=24"}],"curies":[{"name":"wp","href":"https:\/\/api.w.org\/{rel}","templated":true}]}}