{"id":18,"date":"2015-06-19T08:11:28","date_gmt":"2015-06-19T08:11:28","guid":{"rendered":"http:\/\/dieseldijelovi.com\/?page_id=18"},"modified":"2024-04-21T19:13:10","modified_gmt":"2024-04-21T19:13:10","slug":"brodski-dijelovi","status":"publish","type":"page","link":"https:\/\/obrtkockica.hr\/dd\/rezervni-dijelovi\/brodski-dijelovi\/","title":{"rendered":"Brodski dijelovi"},"content":{"rendered":"\t\t<div data-elementor-type=\"wp-page\" data-elementor-id=\"18\" class=\"elementor elementor-18\" data-elementor-post-type=\"page\">\n\t\t\t\t<div class=\"elementor-element elementor-element-cbebb20 e-flex e-con-boxed e-con e-parent\" data-id=\"cbebb20\" data-element_type=\"container\">\n\t\t\t\t\t<div class=\"e-con-inner\">\n\t\t\t\t<div class=\"elementor-element elementor-element-6c3faf1 elementor-align-center elementor-widget elementor-widget-button\" data-id=\"6c3faf1\" data-element_type=\"widget\" data-widget_type=\"button.default\">\n\t\t\t\t<div class=\"elementor-widget-container\">\n\t\t\t\t\t<div class=\"elementor-button-wrapper\">\n\t\t\t<a class=\"elementor-button elementor-button-link elementor-size-xl\" href=\"tel:+38598894684\">\n\t\t\t\t\t\t<span class=\"elementor-button-content-wrapper\">\n\t\t\t\t\t\t<span class=\"elementor-button-icon elementor-align-icon-left\">\n\t\t\t\t<svg aria-hidden=\"true\" class=\"e-font-icon-svg e-fas-phone-alt\" viewBox=\"0 0 512 512\" xmlns=\"http:\/\/www.w3.org\/2000\/svg\"><path d=\"M497.39 361.8l-112-48a24 24 0 0 0-28 6.9l-49.6 60.6A370.66 370.66 0 0 1 130.6 204.11l60.6-49.6a23.94 23.94 0 0 0 6.9-28l-48-112A24.16 24.16 0 0 0 122.6.61l-104 24A24 24 0 0 0 0 48c0 256.5 207.9 464 464 464a24 24 0 0 0 23.4-18.6l24-104a24.29 24.29 0 0 0-14.01-27.6z\"><\/path><\/svg>\t\t\t<\/span>\n\t\t\t\t\t\t\t\t\t<span class=\"elementor-button-text\">KLIKNI I NAZOVI<\/span>\n\t\t\t\t\t<\/span>\n\t\t\t\t\t<\/a>\n\t\t<\/div>\n\t\t\t\t<\/div>\n\t\t\t\t<\/div>\n\t\t\t\t\t<\/div>\n\t\t\t\t<\/div>\n\t\t<div class=\"elementor-element elementor-element-6d86ac5 e-flex e-con-boxed e-con e-parent\" data-id=\"6d86ac5\" data-element_type=\"container\">\n\t\t\t\t\t<div class=\"e-con-inner\">\n\t\t\t\t<div class=\"elementor-element elementor-element-0e5e3f7 elementor-align-center elementor-widget elementor-widget-button\" data-id=\"0e5e3f7\" data-element_type=\"widget\" data-widget_type=\"button.default\">\n\t\t\t\t<div class=\"elementor-widget-container\">\n\t\t\t\t\t<div class=\"elementor-button-wrapper\">\n\t\t\t<a class=\"elementor-button elementor-button-link elementor-size-xl\" href=\"mailto:info@dieseldijelovi.com\">\n\t\t\t\t\t\t<span class=\"elementor-button-content-wrapper\">\n\t\t\t\t\t\t<span class=\"elementor-button-icon elementor-align-icon-left\">\n\t\t\t\t<svg aria-hidden=\"true\" class=\"e-font-icon-svg e-far-envelope\" viewBox=\"0 0 512 512\" xmlns=\"http:\/\/www.w3.org\/2000\/svg\"><path d=\"M464 64H48C21.49 64 0 85.49 0 112v288c0 26.51 21.49 48 48 48h416c26.51 0 48-21.49 48-48V112c0-26.51-21.49-48-48-48zm0 48v40.805c-22.422 18.259-58.168 46.651-134.587 106.49-16.841 13.247-50.201 45.072-73.413 44.701-23.208.375-56.579-31.459-73.413-44.701C106.18 199.465 70.425 171.067 48 152.805V112h416zM48 400V214.398c22.914 18.251 55.409 43.862 104.938 82.646 21.857 17.205 60.134 55.186 103.062 54.955 42.717.231 80.509-37.199 103.053-54.947 49.528-38.783 82.032-64.401 104.947-82.653V400H48z\"><\/path><\/svg>\t\t\t<\/span>\n\t\t\t\t\t\t\t\t\t<span class=\"elementor-button-text\">PO\u0160ALJI E-MAIL<\/span>\n\t\t\t\t\t<\/span>\n\t\t\t\t\t<\/a>\n\t\t<\/div>\n\t\t\t\t<\/div>\n\t\t\t\t<\/div>\n\t\t\t\t\t<\/div>\n\t\t\t\t<\/div>\n\t\t<div class=\"elementor-element elementor-element-131f2abc e-flex e-con-boxed e-con e-parent\" data-id=\"131f2abc\" data-element_type=\"container\">\n\t\t\t\t\t<div class=\"e-con-inner\">\n\t\t\t\t<div class=\"elementor-element elementor-element-75fb1052 elementor-widget elementor-widget-text-editor\" data-id=\"75fb1052\" data-element_type=\"widget\" data-widget_type=\"text-editor.default\">\n\t\t\t\t<div class=\"elementor-widget-container\">\n\t\t\t<style>\/*! elementor - v3.21.0 - 18-04-2024 *\/\n.elementor-widget-text-editor.elementor-drop-cap-view-stacked .elementor-drop-cap{background-color:#69727d;color:#fff}.elementor-widget-text-editor.elementor-drop-cap-view-framed .elementor-drop-cap{color:#69727d;border:3px solid;background-color:transparent}.elementor-widget-text-editor:not(.elementor-drop-cap-view-default) .elementor-drop-cap{margin-top:8px}.elementor-widget-text-editor:not(.elementor-drop-cap-view-default) .elementor-drop-cap-letter{width:1em;height:1em}.elementor-widget-text-editor .elementor-drop-cap{float:left;text-align:center;line-height:1;font-size:50px}.elementor-widget-text-editor .elementor-drop-cap-letter{display:inline-block}<\/style>\t\t\t\tBrodski dijelovi\n\n<a href=\"https:\/\/obrtkockica.hr\/dd\/wp-content\/uploads\/2015\/06\/Impeler.png\" data-rel=\"penci-gallery-image-content\" ><img fetchpriority=\"high\" decoding=\"async\" class=\"alignleft wp-image-935 size-full\" title=\"Impeler\" src=\"https:\/\/obrtkockica.hr\/dd\/wp-content\/uploads\/2015\/06\/Impeler.png\" alt=\"Impeler\" width=\"262\" height=\"192\" \/><\/a> <a href=\"https:\/\/obrtkockica.hr\/dd\/wp-content\/uploads\/2015\/06\/Ispusna-grana.png\" data-rel=\"penci-gallery-image-content\" ><img decoding=\"async\" class=\"alignleft wp-image-936 size-thumbnail\" title=\"Ispu\u0161na grana\" src=\"http:\/\/dieseldijelovi.com\/wp-content\/uploads\/2015\/06\/Ispu\u0161na-grana-150x150.png\" alt=\"Ispu\u0161na grana\" width=\"150\" height=\"150\" \/><\/a> <a href=\"https:\/\/obrtkockica.hr\/dd\/wp-content\/uploads\/2015\/06\/Racor.png\" data-rel=\"penci-gallery-image-content\" ><img decoding=\"async\" class=\"alignleft wp-image-937 size-thumbnail\" title=\"Racor\" src=\"http:\/\/dieseldijelovi.com\/wp-content\/uploads\/2015\/06\/Racor-150x150.png\" alt=\"Racor\" width=\"150\" height=\"150\" \/><\/a>\n<h2><\/h2>\n<h2><\/h2>\n<h2><\/h2>\n<h2><\/h2>\n<h2>\u00a0<a href=\"https:\/\/obrtkockica.hr\/dd\/wp-content\/uploads\/2015\/06\/Brodski-dijelovi.png\" data-rel=\"penci-gallery-image-content\" ><img loading=\"lazy\" decoding=\"async\" class=\"aligncenter size-full wp-image-938\" src=\"https:\/\/obrtkockica.hr\/dd\/wp-content\/uploads\/2015\/06\/Brodski-dijelovi.png\" alt=\"Brodski dijelovi\" width=\"200\" height=\"188\" \/><\/a><\/h2>\n<h2><\/h2>\n<h2><\/h2>\n<h2><\/h2>\n<h2><\/h2>\n<h2><\/h2>\n<h2>Brodski dijelovi i njihova kvaliteta \u00a0 va\u017ean su faktor za sigurnost plovidbe.<\/h2>\n<h2>Trenutno za brodski program nudimo rezervne dijelove za brodske motore poznatih svjetskih proizvo\u0111a\u010da<\/h2>\n<h2><a href=\"http:\/\/dieseldijelovi.com\/rezervni-dijelovi\/caterpillar\/\">CATERPILLAR<\/a> \u00a0<a href=\"http:\/\/dieseldijelovi.com\/rezervni-dijelovi\/cummins\/\">CUMMINS<\/a> \u00a0<a href=\"http:\/\/dieseldijelovi.com\/rezervni-dijelovi\/detroit-diesel\/\">DETROIT DIESEL<\/a><\/h2>\n<h2>DEUTZ \u00a0IVECO-AIFO \u00a0KOHLER \u00a0<a href=\"http:\/\/dieseldijelovi.com\/rezervni-dijelovi\/lombardini\/\">LOMBARDINI<\/a> <a href=\"http:\/\/dieseldijelovi.com\/rezervni-dijelovi\/kubota\/\">KUBOTA<\/a><\/h2>\n<h2><a href=\"http:\/\/dieseldijelovi.com\/rezervni-dijelovi\/ford-lehman\/\">FORD LEHMAN<\/a> <a href=\"http:\/\/dieseldijelovi.com\/rezervni-dijelovi\/mitsubishi\/\">MITSUBISHI<\/a> <a href=\"http:\/\/dieseldijelovi.com\/rezervni-dijelovi\/perkins\/\">PERKINS<\/a><\/h2>\n<h2><a href=\"http:\/\/dieseldijelovi.com\/rezervni-dijelovi\/volvo\/\">VOLVO PENTA<\/a> \u00a0<a href=\"http:\/\/dieseldijelovi.com\/rezervni-dijelovi\/yanmar\/\">YANMAR<\/a><\/h2>\n<p style=\"text-align: center;\"><\/p>\n\n<h2>Ponuda FILTERA DONALDSON, FLEETGUARD i RACOR pokriva sve potrebe za filterima Va\u0161eg brodskog motora.<\/h2>\n<h2>ULJA i MAZIVA\u00a0marke FUCHS, SHELL, MOBIL, YAMAHALUBE \u00a0mo\u017eemo ponuditi za Va\u0161 motor uz savjet na\u0161eg stru\u010dnjaka sa dugogodi\u0161njim iskustvom pri upotrebi ulja.<\/h2>\n<h2>Tako\u0111er rado \u0107emo Vas uputiti na iskusne servisere ako trebate POPRAVAK Va\u0161eg motora.<\/h2>\n<h2>PRODAJA NOVIH BRODSKIH MOTORA I AGREGATA STRUJE-BRZA ISPORUKA!<\/h2>\nGARANCIJA na sve dijelove je 6 mjeseci od izdanog ra\u010duna.\n\nGarancija ne vrijedi ukoliko dijelovi nisu ugra\u0111eni kod ovla\u0161tenog servisa.\n\nGarancija ne vrijedi ukoliko kupac koristi rabljene ili dijelove\u00a0 drugogog proizvo\u0111a\u010da uz na\u0161e dijelove.\t\t\t\t\t\t<\/div>\n\t\t\t\t<\/div>\n\t\t\t\t\t<\/div>\n\t\t\t\t<\/div>\n\t\t<div class=\"elementor-element elementor-element-a3d801f e-flex e-con-boxed e-con e-parent\" data-id=\"a3d801f\" data-element_type=\"container\">\n\t\t\t\t\t<div class=\"e-con-inner\">\n\t\t\t\t<div class=\"elementor-element elementor-element-4f139e4 elementor-align-center elementor-widget elementor-widget-button\" data-id=\"4f139e4\" data-element_type=\"widget\" data-widget_type=\"button.default\">\n\t\t\t\t<div class=\"elementor-widget-container\">\n\t\t\t\t\t<div class=\"elementor-button-wrapper\">\n\t\t\t<a class=\"elementor-button elementor-button-link elementor-size-xl\" href=\"tel:+38598894684\">\n\t\t\t\t\t\t<span class=\"elementor-button-content-wrapper\">\n\t\t\t\t\t\t<span class=\"elementor-button-icon elementor-align-icon-left\">\n\t\t\t\t<svg aria-hidden=\"true\" class=\"e-font-icon-svg e-fas-phone-alt\" viewBox=\"0 0 512 512\" xmlns=\"http:\/\/www.w3.org\/2000\/svg\"><path d=\"M497.39 361.8l-112-48a24 24 0 0 0-28 6.9l-49.6 60.6A370.66 370.66 0 0 1 130.6 204.11l60.6-49.6a23.94 23.94 0 0 0 6.9-28l-48-112A24.16 24.16 0 0 0 122.6.61l-104 24A24 24 0 0 0 0 48c0 256.5 207.9 464 464 464a24 24 0 0 0 23.4-18.6l24-104a24.29 24.29 0 0 0-14.01-27.6z\"><\/path><\/svg>\t\t\t<\/span>\n\t\t\t\t\t\t\t\t\t<span class=\"elementor-button-text\">KLIKNI I NAZOVI<\/span>\n\t\t\t\t\t<\/span>\n\t\t\t\t\t<\/a>\n\t\t<\/div>\n\t\t\t\t<\/div>\n\t\t\t\t<\/div>\n\t\t\t\t\t<\/div>\n\t\t\t\t<\/div>\n\t\t<div class=\"elementor-element elementor-element-f0465d1 e-flex e-con-boxed e-con e-parent\" data-id=\"f0465d1\" data-element_type=\"container\">\n\t\t\t\t\t<div class=\"e-con-inner\">\n\t\t\t\t<div class=\"elementor-element elementor-element-f4a9737 elementor-align-center elementor-widget elementor-widget-button\" data-id=\"f4a9737\" data-element_type=\"widget\" data-widget_type=\"button.default\">\n\t\t\t\t<div class=\"elementor-widget-container\">\n\t\t\t\t\t<div class=\"elementor-button-wrapper\">\n\t\t\t<a class=\"elementor-button elementor-button-link elementor-size-xl\" href=\"mailto:info@dieseldijelovi.com\">\n\t\t\t\t\t\t<span class=\"elementor-button-content-wrapper\">\n\t\t\t\t\t\t<span class=\"elementor-button-icon elementor-align-icon-left\">\n\t\t\t\t<svg aria-hidden=\"true\" class=\"e-font-icon-svg e-far-envelope\" viewBox=\"0 0 512 512\" xmlns=\"http:\/\/www.w3.org\/2000\/svg\"><path d=\"M464 64H48C21.49 64 0 85.49 0 112v288c0 26.51 21.49 48 48 48h416c26.51 0 48-21.49 48-48V112c0-26.51-21.49-48-48-48zm0 48v40.805c-22.422 18.259-58.168 46.651-134.587 106.49-16.841 13.247-50.201 45.072-73.413 44.701-23.208.375-56.579-31.459-73.413-44.701C106.18 199.465 70.425 171.067 48 152.805V112h416zM48 400V214.398c22.914 18.251 55.409 43.862 104.938 82.646 21.857 17.205 60.134 55.186 103.062 54.955 42.717.231 80.509-37.199 103.053-54.947 49.528-38.783 82.032-64.401 104.947-82.653V400H48z\"><\/path><\/svg>\t\t\t<\/span>\n\t\t\t\t\t\t\t\t\t<span class=\"elementor-button-text\">PO\u0160ALJI E-MAIL<\/span>\n\t\t\t\t\t<\/span>\n\t\t\t\t\t<\/a>\n\t\t<\/div>\n\t\t\t\t<\/div>\n\t\t\t\t<\/div>\n\t\t\t\t\t<\/div>\n\t\t\t\t<\/div>\n\t\t\t\t<\/div>\n\t\t","protected":false},"excerpt":{"rendered":"<p>KLIKNI I NAZOVI PO\u0160ALJI E-MAIL Brodski dijelovi \u00a0 Brodski dijelovi i njihova kvaliteta \u00a0&hellip;<\/p>\n","protected":false},"author":2,"featured_media":0,"parent":1470,"menu_order":0,"comment_status":"open","ping_status":"open","template":"","meta":{"footnotes":""},"class_list":["post-18","page","type-page","status-publish","hentry"],"yoast_head":"<!-- This site is optimized with the Yoast SEO plugin v22.5 - https:\/\/yoast.com\/wordpress\/plugins\/seo\/ -->\n<title>BRODSKI DIJELOVI-Rezervni dijelovi brodskih motora<\/title>\n<meta name=\"description\" content=\"BRODSKI DIJELOVI - rezervni dijelovi brodskih motora YANMAR CATERPILLAR, CUMMINS, PERKINS, VOLVO PENTA,FARYMAN, FORD LEHMAN filteri RACOR,\" \/>\n<meta name=\"robots\" content=\"index, follow, max-snippet:-1, max-image-preview:large, max-video-preview:-1\" \/>\n<link rel=\"canonical\" href=\"https:\/\/obrtkockica.hr\/dd\/rezervni-dijelovi\/brodski-dijelovi\/\" \/>\n<meta property=\"og:locale\" content=\"en_US\" \/>\n<meta property=\"og:type\" content=\"article\" \/>\n<meta property=\"og:title\" content=\"BRODSKI DIJELOVI-Rezervni dijelovi brodskih motora\" \/>\n<meta property=\"og:description\" content=\"BRODSKI DIJELOVI - rezervni dijelovi brodskih motora YANMAR CATERPILLAR, CUMMINS, PERKINS, VOLVO PENTA,FARYMAN, FORD LEHMAN filteri RACOR,\" \/>\n<meta property=\"og:url\" content=\"https:\/\/obrtkockica.hr\/dd\/rezervni-dijelovi\/brodski-dijelovi\/\" \/>\n<meta property=\"og:site_name\" content=\"Diesel dijelovi d.o.o.\" \/>\n<meta property=\"article:publisher\" content=\"https:\/\/www.facebook.com\/p\/Diesel-Dijelovi-doo-100064110154834\/?paipv=0&amp;eav=AfYnuqWpCqdovRazjbzrCZNjFjnIrq4c6PcPzqbGHvjZZ1ANQ4dStPqIEkAEUHAE68E&amp;_rdr\" \/>\n<meta property=\"article:modified_time\" content=\"2024-04-21T19:13:10+00:00\" \/>\n<meta property=\"og:image\" content=\"https:\/\/obrtkockica.hr\/dd\/wp-content\/uploads\/2015\/06\/Impeler.png\" \/>\n<meta name=\"twitter:card\" content=\"summary_large_image\" \/>\n<meta name=\"twitter:label1\" content=\"Est. reading time\" \/>\n\t<meta name=\"twitter:data1\" content=\"2 minutes\" \/>\n<script type=\"application\/ld+json\" class=\"yoast-schema-graph\">{\"@context\":\"https:\/\/schema.org\",\"@graph\":[{\"@type\":\"WebPage\",\"@id\":\"https:\/\/obrtkockica.hr\/dd\/rezervni-dijelovi\/brodski-dijelovi\/\",\"url\":\"https:\/\/obrtkockica.hr\/dd\/rezervni-dijelovi\/brodski-dijelovi\/\",\"name\":\"BRODSKI DIJELOVI-Rezervni dijelovi brodskih motora\",\"isPartOf\":{\"@id\":\"https:\/\/obrtkockica.hr\/dd\/#website\"},\"primaryImageOfPage\":{\"@id\":\"https:\/\/obrtkockica.hr\/dd\/rezervni-dijelovi\/brodski-dijelovi\/#primaryimage\"},\"image\":{\"@id\":\"https:\/\/obrtkockica.hr\/dd\/rezervni-dijelovi\/brodski-dijelovi\/#primaryimage\"},\"thumbnailUrl\":\"https:\/\/obrtkockica.hr\/dd\/wp-content\/uploads\/2015\/06\/Impeler.png\",\"datePublished\":\"2015-06-19T08:11:28+00:00\",\"dateModified\":\"2024-04-21T19:13:10+00:00\",\"description\":\"BRODSKI DIJELOVI - rezervni dijelovi brodskih motora YANMAR CATERPILLAR, CUMMINS, PERKINS, VOLVO PENTA,FARYMAN, FORD LEHMAN filteri RACOR,\",\"breadcrumb\":{\"@id\":\"https:\/\/obrtkockica.hr\/dd\/rezervni-dijelovi\/brodski-dijelovi\/#breadcrumb\"},\"inLanguage\":\"en-US\",\"potentialAction\":[{\"@type\":\"ReadAction\",\"target\":[\"https:\/\/obrtkockica.hr\/dd\/rezervni-dijelovi\/brodski-dijelovi\/\"]}]},{\"@type\":\"ImageObject\",\"inLanguage\":\"en-US\",\"@id\":\"https:\/\/obrtkockica.hr\/dd\/rezervni-dijelovi\/brodski-dijelovi\/#primaryimage\",\"url\":\"https:\/\/obrtkockica.hr\/dd\/wp-content\/uploads\/2015\/06\/Impeler.png\",\"contentUrl\":\"https:\/\/obrtkockica.hr\/dd\/wp-content\/uploads\/2015\/06\/Impeler.png\"},{\"@type\":\"BreadcrumbList\",\"@id\":\"https:\/\/obrtkockica.hr\/dd\/rezervni-dijelovi\/brodski-dijelovi\/#breadcrumb\",\"itemListElement\":[{\"@type\":\"ListItem\",\"position\":1,\"name\":\"Home\",\"item\":\"https:\/\/obrtkockica.hr\/dd\/\"},{\"@type\":\"ListItem\",\"position\":2,\"name\":\"REZERVNI DIJELOVI\",\"item\":\"https:\/\/obrtkockica.hr\/dd\/rezervni-dijelovi\/\"},{\"@type\":\"ListItem\",\"position\":3,\"name\":\"Brodski dijelovi\"}]},{\"@type\":\"WebSite\",\"@id\":\"https:\/\/obrtkockica.hr\/dd\/#website\",\"url\":\"https:\/\/obrtkockica.hr\/dd\/\",\"name\":\"Diesel dijelovi d.o.o.\",\"description\":\"Rezervni dijelovi za gra\u0111evinske strojeve, brodove, vili\u010dare, poljoprivredne strojeve\",\"publisher\":{\"@id\":\"https:\/\/obrtkockica.hr\/dd\/#organization\"},\"potentialAction\":[{\"@type\":\"SearchAction\",\"target\":{\"@type\":\"EntryPoint\",\"urlTemplate\":\"https:\/\/obrtkockica.hr\/dd\/?s={search_term_string}\"},\"query-input\":\"required name=search_term_string\"}],\"inLanguage\":\"en-US\"},{\"@type\":\"Organization\",\"@id\":\"https:\/\/obrtkockica.hr\/dd\/#organization\",\"name\":\"Diesel dijelovi d.o.o.\",\"url\":\"https:\/\/obrtkockica.hr\/dd\/\",\"logo\":{\"@type\":\"ImageObject\",\"inLanguage\":\"en-US\",\"@id\":\"https:\/\/obrtkockica.hr\/dd\/#\/schema\/logo\/image\/\",\"url\":\"https:\/\/obrtkockica.hr\/dd\/wp-content\/uploads\/2024\/01\/s01-1.png\",\"contentUrl\":\"https:\/\/obrtkockica.hr\/dd\/wp-content\/uploads\/2024\/01\/s01-1.png\",\"width\":970,\"height\":240,\"caption\":\"Diesel dijelovi d.o.o.\"},\"image\":{\"@id\":\"https:\/\/obrtkockica.hr\/dd\/#\/schema\/logo\/image\/\"},\"sameAs\":[\"https:\/\/www.facebook.com\/p\/Diesel-Dijelovi-doo-100064110154834\/?paipv=0&eav=AfYnuqWpCqdovRazjbzrCZNjFjnIrq4c6PcPzqbGHvjZZ1ANQ4dStPqIEkAEUHAE68E&_rdr\"]}]}<\/script>\n<!-- \/ Yoast SEO plugin. -->","yoast_head_json":{"title":"BRODSKI DIJELOVI-Rezervni dijelovi brodskih motora","description":"BRODSKI DIJELOVI - rezervni dijelovi brodskih motora YANMAR CATERPILLAR, CUMMINS, PERKINS, VOLVO PENTA,FARYMAN, FORD LEHMAN filteri RACOR,","robots":{"index":"index","follow":"follow","max-snippet":"max-snippet:-1","max-image-preview":"max-image-preview:large","max-video-preview":"max-video-preview:-1"},"canonical":"https:\/\/obrtkockica.hr\/dd\/rezervni-dijelovi\/brodski-dijelovi\/","og_locale":"en_US","og_type":"article","og_title":"BRODSKI DIJELOVI-Rezervni dijelovi brodskih motora","og_description":"BRODSKI DIJELOVI - rezervni dijelovi brodskih motora YANMAR CATERPILLAR, CUMMINS, PERKINS, VOLVO PENTA,FARYMAN, FORD LEHMAN filteri RACOR,","og_url":"https:\/\/obrtkockica.hr\/dd\/rezervni-dijelovi\/brodski-dijelovi\/","og_site_name":"Diesel dijelovi d.o.o.","article_publisher":"https:\/\/www.facebook.com\/p\/Diesel-Dijelovi-doo-100064110154834\/?paipv=0&eav=AfYnuqWpCqdovRazjbzrCZNjFjnIrq4c6PcPzqbGHvjZZ1ANQ4dStPqIEkAEUHAE68E&_rdr","article_modified_time":"2024-04-21T19:13:10+00:00","og_image":[{"url":"https:\/\/obrtkockica.hr\/dd\/wp-content\/uploads\/2015\/06\/Impeler.png"}],"twitter_card":"summary_large_image","twitter_misc":{"Est. reading time":"2 minutes"},"schema":{"@context":"https:\/\/schema.org","@graph":[{"@type":"WebPage","@id":"https:\/\/obrtkockica.hr\/dd\/rezervni-dijelovi\/brodski-dijelovi\/","url":"https:\/\/obrtkockica.hr\/dd\/rezervni-dijelovi\/brodski-dijelovi\/","name":"BRODSKI DIJELOVI-Rezervni dijelovi brodskih motora","isPartOf":{"@id":"https:\/\/obrtkockica.hr\/dd\/#website"},"primaryImageOfPage":{"@id":"https:\/\/obrtkockica.hr\/dd\/rezervni-dijelovi\/brodski-dijelovi\/#primaryimage"},"image":{"@id":"https:\/\/obrtkockica.hr\/dd\/rezervni-dijelovi\/brodski-dijelovi\/#primaryimage"},"thumbnailUrl":"https:\/\/obrtkockica.hr\/dd\/wp-content\/uploads\/2015\/06\/Impeler.png","datePublished":"2015-06-19T08:11:28+00:00","dateModified":"2024-04-21T19:13:10+00:00","description":"BRODSKI DIJELOVI - rezervni dijelovi brodskih motora YANMAR CATERPILLAR, CUMMINS, PERKINS, VOLVO PENTA,FARYMAN, FORD LEHMAN filteri RACOR,","breadcrumb":{"@id":"https:\/\/obrtkockica.hr\/dd\/rezervni-dijelovi\/brodski-dijelovi\/#breadcrumb"},"inLanguage":"en-US","potentialAction":[{"@type":"ReadAction","target":["https:\/\/obrtkockica.hr\/dd\/rezervni-dijelovi\/brodski-dijelovi\/"]}]},{"@type":"ImageObject","inLanguage":"en-US","@id":"https:\/\/obrtkockica.hr\/dd\/rezervni-dijelovi\/brodski-dijelovi\/#primaryimage","url":"https:\/\/obrtkockica.hr\/dd\/wp-content\/uploads\/2015\/06\/Impeler.png","contentUrl":"https:\/\/obrtkockica.hr\/dd\/wp-content\/uploads\/2015\/06\/Impeler.png"},{"@type":"BreadcrumbList","@id":"https:\/\/obrtkockica.hr\/dd\/rezervni-dijelovi\/brodski-dijelovi\/#breadcrumb","itemListElement":[{"@type":"ListItem","position":1,"name":"Home","item":"https:\/\/obrtkockica.hr\/dd\/"},{"@type":"ListItem","position":2,"name":"REZERVNI DIJELOVI","item":"https:\/\/obrtkockica.hr\/dd\/rezervni-dijelovi\/"},{"@type":"ListItem","position":3,"name":"Brodski dijelovi"}]},{"@type":"WebSite","@id":"https:\/\/obrtkockica.hr\/dd\/#website","url":"https:\/\/obrtkockica.hr\/dd\/","name":"Diesel dijelovi d.o.o.","description":"Rezervni dijelovi za gra\u0111evinske strojeve, brodove, vili\u010dare, poljoprivredne strojeve","publisher":{"@id":"https:\/\/obrtkockica.hr\/dd\/#organization"},"potentialAction":[{"@type":"SearchAction","target":{"@type":"EntryPoint","urlTemplate":"https:\/\/obrtkockica.hr\/dd\/?s={search_term_string}"},"query-input":"required name=search_term_string"}],"inLanguage":"en-US"},{"@type":"Organization","@id":"https:\/\/obrtkockica.hr\/dd\/#organization","name":"Diesel dijelovi d.o.o.","url":"https:\/\/obrtkockica.hr\/dd\/","logo":{"@type":"ImageObject","inLanguage":"en-US","@id":"https:\/\/obrtkockica.hr\/dd\/#\/schema\/logo\/image\/","url":"https:\/\/obrtkockica.hr\/dd\/wp-content\/uploads\/2024\/01\/s01-1.png","contentUrl":"https:\/\/obrtkockica.hr\/dd\/wp-content\/uploads\/2024\/01\/s01-1.png","width":970,"height":240,"caption":"Diesel dijelovi d.o.o."},"image":{"@id":"https:\/\/obrtkockica.hr\/dd\/#\/schema\/logo\/image\/"},"sameAs":["https:\/\/www.facebook.com\/p\/Diesel-Dijelovi-doo-100064110154834\/?paipv=0&eav=AfYnuqWpCqdovRazjbzrCZNjFjnIrq4c6PcPzqbGHvjZZ1ANQ4dStPqIEkAEUHAE68E&_rdr"]}]}},"_links":{"self":[{"href":"https:\/\/obrtkockica.hr\/dd\/wp-json\/wp\/v2\/pages\/18","targetHints":{"allow":["GET"]}}],"collection":[{"href":"https:\/\/obrtkockica.hr\/dd\/wp-json\/wp\/v2\/pages"}],"about":[{"href":"https:\/\/obrtkockica.hr\/dd\/wp-json\/wp\/v2\/types\/page"}],"author":[{"embeddable":true,"href":"https:\/\/obrtkockica.hr\/dd\/wp-json\/wp\/v2\/users\/2"}],"replies":[{"embeddable":true,"href":"https:\/\/obrtkockica.hr\/dd\/wp-json\/wp\/v2\/comments?post=18"}],"version-history":[{"count":4,"href":"https:\/\/obrtkockica.hr\/dd\/wp-json\/wp\/v2\/pages\/18\/revisions"}],"predecessor-version":[{"id":2254,"href":"https:\/\/obrtkockica.hr\/dd\/wp-json\/wp\/v2\/pages\/18\/revisions\/2254"}],"up":[{"embeddable":true,"href":"https:\/\/obrtkockica.hr\/dd\/wp-json\/wp\/v2\/pages\/1470"}],"wp:attachment":[{"href":"https:\/\/obrtkockica.hr\/dd\/wp-json\/wp\/v2\/media?parent=18"}],"curies":[{"name":"wp","href":"https:\/\/api.w.org\/{rel}","templated":true}]}}