{"id":1479,"date":"2023-06-13T08:00:53","date_gmt":"2023-06-13T07:00:53","guid":{"rendered":"https:\/\/dieseldijelovi.com\/?page_id=1278"},"modified":"2024-04-21T18:55:12","modified_gmt":"2024-04-21T18:55:12","slug":"rezervni-dijelovi-za-twin-disc-brodske-kopce","status":"publish","type":"page","link":"https:\/\/obrtkockica.hr\/dd\/rezervni-dijelovi\/rezervni-dijelovi-za-twin-disc-brodske-kopce\/","title":{"rendered":"TWIN DISC BRODSKE KOP\u010cE"},"content":{"rendered":"\t\t<div data-elementor-type=\"wp-page\" data-elementor-id=\"1479\" class=\"elementor elementor-1479\" data-elementor-post-type=\"page\">\n\t\t\t\t<div class=\"elementor-element elementor-element-d857e1c e-flex e-con-boxed e-con e-parent\" data-id=\"d857e1c\" data-element_type=\"container\">\n\t\t\t\t\t<div class=\"e-con-inner\">\n\t\t\t\t<div class=\"elementor-element elementor-element-f79994e elementor-align-center elementor-widget elementor-widget-button\" data-id=\"f79994e\" data-element_type=\"widget\" data-widget_type=\"button.default\">\n\t\t\t\t<div class=\"elementor-widget-container\">\n\t\t\t\t\t<div class=\"elementor-button-wrapper\">\n\t\t\t<a class=\"elementor-button elementor-button-link elementor-size-xl\" href=\"tel:+38598894684\">\n\t\t\t\t\t\t<span class=\"elementor-button-content-wrapper\">\n\t\t\t\t\t\t<span class=\"elementor-button-icon elementor-align-icon-left\">\n\t\t\t\t<svg aria-hidden=\"true\" class=\"e-font-icon-svg e-fas-phone-alt\" viewBox=\"0 0 512 512\" xmlns=\"http:\/\/www.w3.org\/2000\/svg\"><path d=\"M497.39 361.8l-112-48a24 24 0 0 0-28 6.9l-49.6 60.6A370.66 370.66 0 0 1 130.6 204.11l60.6-49.6a23.94 23.94 0 0 0 6.9-28l-48-112A24.16 24.16 0 0 0 122.6.61l-104 24A24 24 0 0 0 0 48c0 256.5 207.9 464 464 464a24 24 0 0 0 23.4-18.6l24-104a24.29 24.29 0 0 0-14.01-27.6z\"><\/path><\/svg>\t\t\t<\/span>\n\t\t\t\t\t\t\t\t\t<span class=\"elementor-button-text\">KLIKNI I NAZOVI<\/span>\n\t\t\t\t\t<\/span>\n\t\t\t\t\t<\/a>\n\t\t<\/div>\n\t\t\t\t<\/div>\n\t\t\t\t<\/div>\n\t\t\t\t\t<\/div>\n\t\t\t\t<\/div>\n\t\t<div class=\"elementor-element elementor-element-4d953d9 e-flex e-con-boxed e-con e-parent\" data-id=\"4d953d9\" data-element_type=\"container\">\n\t\t\t\t\t<div class=\"e-con-inner\">\n\t\t\t\t<div class=\"elementor-element elementor-element-82a0858 elementor-align-center elementor-widget elementor-widget-button\" data-id=\"82a0858\" data-element_type=\"widget\" data-widget_type=\"button.default\">\n\t\t\t\t<div class=\"elementor-widget-container\">\n\t\t\t\t\t<div class=\"elementor-button-wrapper\">\n\t\t\t<a class=\"elementor-button elementor-button-link elementor-size-xl\" href=\"mailto:info@dieseldijelovi.com\">\n\t\t\t\t\t\t<span class=\"elementor-button-content-wrapper\">\n\t\t\t\t\t\t<span class=\"elementor-button-icon elementor-align-icon-left\">\n\t\t\t\t<svg aria-hidden=\"true\" class=\"e-font-icon-svg e-far-envelope\" viewBox=\"0 0 512 512\" xmlns=\"http:\/\/www.w3.org\/2000\/svg\"><path d=\"M464 64H48C21.49 64 0 85.49 0 112v288c0 26.51 21.49 48 48 48h416c26.51 0 48-21.49 48-48V112c0-26.51-21.49-48-48-48zm0 48v40.805c-22.422 18.259-58.168 46.651-134.587 106.49-16.841 13.247-50.201 45.072-73.413 44.701-23.208.375-56.579-31.459-73.413-44.701C106.18 199.465 70.425 171.067 48 152.805V112h416zM48 400V214.398c22.914 18.251 55.409 43.862 104.938 82.646 21.857 17.205 60.134 55.186 103.062 54.955 42.717.231 80.509-37.199 103.053-54.947 49.528-38.783 82.032-64.401 104.947-82.653V400H48z\"><\/path><\/svg>\t\t\t<\/span>\n\t\t\t\t\t\t\t\t\t<span class=\"elementor-button-text\">PO\u0160ALJI E-MAIL<\/span>\n\t\t\t\t\t<\/span>\n\t\t\t\t\t<\/a>\n\t\t<\/div>\n\t\t\t\t<\/div>\n\t\t\t\t<\/div>\n\t\t\t\t\t<\/div>\n\t\t\t\t<\/div>\n\t\t<div class=\"elementor-element elementor-element-253c7c60 e-flex e-con-boxed e-con e-parent\" data-id=\"253c7c60\" data-element_type=\"container\">\n\t\t\t\t\t<div class=\"e-con-inner\">\n\t\t\t\t<div class=\"elementor-element elementor-element-2e647a1f elementor-widget elementor-widget-text-editor\" data-id=\"2e647a1f\" data-element_type=\"widget\" data-widget_type=\"text-editor.default\">\n\t\t\t\t<div class=\"elementor-widget-container\">\n\t\t\t<style>\/*! elementor - v3.21.0 - 18-04-2024 *\/\n.elementor-widget-text-editor.elementor-drop-cap-view-stacked .elementor-drop-cap{background-color:#69727d;color:#fff}.elementor-widget-text-editor.elementor-drop-cap-view-framed .elementor-drop-cap{color:#69727d;border:3px solid;background-color:transparent}.elementor-widget-text-editor:not(.elementor-drop-cap-view-default) .elementor-drop-cap{margin-top:8px}.elementor-widget-text-editor:not(.elementor-drop-cap-view-default) .elementor-drop-cap-letter{width:1em;height:1em}.elementor-widget-text-editor .elementor-drop-cap{float:left;text-align:center;line-height:1;font-size:50px}.elementor-widget-text-editor .elementor-drop-cap-letter{display:inline-block}<\/style>\t\t\t\t<p>Twin Disc rezervni dijelovi<\/p><p><a href=\"https:\/\/obrtkockica.hr\/dd\/wp-content\/uploads\/2023\/06\/MG5065.png\" data-rel=\"penci-gallery-image-content\" ><img decoding=\"async\" src=\"https:\/\/obrtkockica.hr\/dd\/wp-content\/uploads\/2023\/06\/MG5065-150x150.png\" alt=\"Twin Disc MG5065\" width=\"150\" height=\"150\" \/><\/a><\/p><h2>Rezervni dijelovi za brodske kop\u010de Twin Disc, lamele, osovine, setovi brtava<\/h2><h2>\u00a0<\/h2><h2>Modeli<\/h2><div><h2>\u00a0<\/h2><ul><li><h2>MGX-5065A<\/h2><\/li><li><h2>MGX-5065SC<\/h2><\/li><li><h2>MGX-5075A<\/h2><\/li><li><h2>MGX-5075IV<\/h2><\/li><li><h2>MGX-5075SC<\/h2><\/li><li><h2>MGX-5086A<\/h2><\/li><li><h2>MGX-5086SC<\/h2><\/li><li><h2>MGX-5095SC<\/h2><\/li><li><h2>MGX-5096A<\/h2><\/li><li><h2>MGX-5114DC<\/h2><\/li><li><h2>MGX-5114IV<\/h2><\/li><li><h2>MGX-5114RV<\/h2><\/li><li><h2>MGX-5114SC<\/h2><\/li><li><h2>MGX-5114SC-HD<\/h2><\/li><li><h2>MGX-5126A<\/h2><\/li><\/ul><ul><li><h2>MGX-5136A<\/h2><\/li><li><h2>MGX-5136RV<\/h2><\/li><li><h2>MGX-5136SC<\/h2><\/li><li><h2>MGX-5146A<\/h2><\/li><li><h2>MGX-5146RV<\/h2><\/li><li><h2>MGX-5146SC<\/h2><\/li><li><h2>MGX-516<\/h2><\/li><li><h2>MGX-5170DC<\/h2><\/li><li><h2>MGX-5202SC<\/h2><\/li><li><h2>MGX-5204SC<\/h2><\/li><li><h2>MGX-5222DC<\/h2><\/li><li><h2>MGX-5225DC<\/h2><\/li><li><h2>MGX-5600<\/h2><\/li><li><h2>MGX-5600DR<\/h2><\/li><li><h2>MGX<a href=\"https:\/\/twindisc.com\/products\/mgx-61000sc\/\">&#8211;<\/a>61000SC<\/h2><\/li><li><h2>MGX-61500SC<\/h2><\/li><li><h2>MGX-61500SC-HL\/HR<\/h2><\/li><li><h2>MGX-62000SC-HL\/HR<\/h2><\/li><li><h2>MGX-6598DC<\/h2><\/li><li><h2>MGX-6599A<\/h2><\/li><li><h2>MGX-6599RV<\/h2><\/li><li><h2>MGX-6599SC<\/h2><\/li><li><h2>MGX-6620A<\/h2><\/li><li><h2>MGX-6620RV<\/h2><\/li><li><h2>MGX-6620SC<\/h2><\/li><li><h2>MGX-6650SC<\/h2><\/li><li><h2>MGX-6690SC<\/h2><\/li><li><h2>MGX-6848SC<\/h2><h2>\u00a0<\/h2><ul><li><h2>MG-5005A<\/h2><\/li><li><h2>MG-5012SC<\/h2><\/li><li><h2>MG-5020SC<\/h2><\/li><li><h2>MG-5025A<\/h2><\/li><li><h2>MG-5050A<\/h2><\/li><li><h2>MG-5050RV<\/h2><\/li><li><h2>MG-5050SC<\/h2><\/li><li><h2>MG-5055A<\/h2><\/li><li><h2>MG-5061A<\/h2><\/li><li><h2>MG-5061SC<\/h2><\/li><\/ul><ul><li><h2>MG-5065A<\/h2><\/li><li><h2>MG-5065SC<\/h2><\/li><li><h2>MG-5075A<\/h2><\/li><li><h2>MG-5075IV<\/h2><\/li><li><h2>MG-5075SC<\/h2><\/li><li><h2>MG-5082A<\/h2><\/li><li><h2>MG-5082SC<\/h2><\/li><li><h2>MG-5091DC<\/h2><\/li><li><h2>MG-5091SC<\/h2><\/li><li><h2>MG-540<\/h2><\/li><li><h2>MG-5506<\/h2><\/li><li><h2>MG-61242A<\/h2><\/li><\/ul><ul><li><h2>MG-61242RV<\/h2><\/li><li><h2>MG-61242SC<\/h2><\/li><li><h2>MG-6449A<\/h2><\/li><li><h2>MG-6449RV<\/h2><\/li><li><h2>MG-6600DC<\/h2><\/li><li><h2>MG-6984A<\/h2><\/li><li><h2>MG-6984RV<\/h2><\/li><li><h2>MG-6984SC<\/h2><\/li><li><h2>MGN-1814V<\/h2><\/li><li><h2>MGN-1816V<\/h2><\/li><li><h2>MGN-1817V<\/h2><\/li><li><h2>MGN-1819V<\/h2><\/li><\/ul><h2>MG-340<\/h2><h2>MG-360<\/h2>GARANCIJA na sve dijelove je 6 mjeseci od izdanog ra\u010duna.<p>Garancija ne vrijedi ukoliko dijelovi nisu ugra\u0111eni kod ovla\u0161tenog servisa.<\/p><p>Garancija ne vrijedi ukoliko kupac koristi rabljene ili dijelove drugog proizvo\u0111a\u010da uz na\u0161e dijelove.<\/p><\/li><\/ul><\/div>\t\t\t\t\t\t<\/div>\n\t\t\t\t<\/div>\n\t\t\t\t\t<\/div>\n\t\t\t\t<\/div>\n\t\t<div class=\"elementor-element elementor-element-aa1216a e-flex e-con-boxed e-con e-parent\" data-id=\"aa1216a\" data-element_type=\"container\">\n\t\t\t\t\t<div class=\"e-con-inner\">\n\t\t\t\t<div class=\"elementor-element elementor-element-c173564 elementor-align-center elementor-widget elementor-widget-button\" data-id=\"c173564\" data-element_type=\"widget\" data-widget_type=\"button.default\">\n\t\t\t\t<div class=\"elementor-widget-container\">\n\t\t\t\t\t<div class=\"elementor-button-wrapper\">\n\t\t\t<a class=\"elementor-button elementor-button-link elementor-size-xl\" href=\"tel:+38598894684\">\n\t\t\t\t\t\t<span class=\"elementor-button-content-wrapper\">\n\t\t\t\t\t\t<span class=\"elementor-button-icon elementor-align-icon-left\">\n\t\t\t\t<svg aria-hidden=\"true\" class=\"e-font-icon-svg e-fas-phone-alt\" viewBox=\"0 0 512 512\" xmlns=\"http:\/\/www.w3.org\/2000\/svg\"><path d=\"M497.39 361.8l-112-48a24 24 0 0 0-28 6.9l-49.6 60.6A370.66 370.66 0 0 1 130.6 204.11l60.6-49.6a23.94 23.94 0 0 0 6.9-28l-48-112A24.16 24.16 0 0 0 122.6.61l-104 24A24 24 0 0 0 0 48c0 256.5 207.9 464 464 464a24 24 0 0 0 23.4-18.6l24-104a24.29 24.29 0 0 0-14.01-27.6z\"><\/path><\/svg>\t\t\t<\/span>\n\t\t\t\t\t\t\t\t\t<span class=\"elementor-button-text\">KLIKNI I NAZOVI<\/span>\n\t\t\t\t\t<\/span>\n\t\t\t\t\t<\/a>\n\t\t<\/div>\n\t\t\t\t<\/div>\n\t\t\t\t<\/div>\n\t\t\t\t\t<\/div>\n\t\t\t\t<\/div>\n\t\t<div class=\"elementor-element elementor-element-d483e40 e-flex e-con-boxed e-con e-parent\" data-id=\"d483e40\" data-element_type=\"container\">\n\t\t\t\t\t<div class=\"e-con-inner\">\n\t\t\t\t<div class=\"elementor-element elementor-element-d5c9e63 elementor-align-center elementor-widget elementor-widget-button\" data-id=\"d5c9e63\" data-element_type=\"widget\" data-widget_type=\"button.default\">\n\t\t\t\t<div class=\"elementor-widget-container\">\n\t\t\t\t\t<div class=\"elementor-button-wrapper\">\n\t\t\t<a class=\"elementor-button elementor-button-link elementor-size-xl\" href=\"mailto:info@dieseldijelovi.com\">\n\t\t\t\t\t\t<span class=\"elementor-button-content-wrapper\">\n\t\t\t\t\t\t<span class=\"elementor-button-icon elementor-align-icon-left\">\n\t\t\t\t<svg aria-hidden=\"true\" class=\"e-font-icon-svg e-far-envelope\" viewBox=\"0 0 512 512\" xmlns=\"http:\/\/www.w3.org\/2000\/svg\"><path d=\"M464 64H48C21.49 64 0 85.49 0 112v288c0 26.51 21.49 48 48 48h416c26.51 0 48-21.49 48-48V112c0-26.51-21.49-48-48-48zm0 48v40.805c-22.422 18.259-58.168 46.651-134.587 106.49-16.841 13.247-50.201 45.072-73.413 44.701-23.208.375-56.579-31.459-73.413-44.701C106.18 199.465 70.425 171.067 48 152.805V112h416zM48 400V214.398c22.914 18.251 55.409 43.862 104.938 82.646 21.857 17.205 60.134 55.186 103.062 54.955 42.717.231 80.509-37.199 103.053-54.947 49.528-38.783 82.032-64.401 104.947-82.653V400H48z\"><\/path><\/svg>\t\t\t<\/span>\n\t\t\t\t\t\t\t\t\t<span class=\"elementor-button-text\">PO\u0160ALJI E-MAIL<\/span>\n\t\t\t\t\t<\/span>\n\t\t\t\t\t<\/a>\n\t\t<\/div>\n\t\t\t\t<\/div>\n\t\t\t\t<\/div>\n\t\t\t\t\t<\/div>\n\t\t\t\t<\/div>\n\t\t\t\t<\/div>\n\t\t","protected":false},"excerpt":{"rendered":"<p>KLIKNI I NAZOVI PO\u0160ALJI E-MAIL Twin Disc rezervni dijelovi Rezervni dijelovi za brodske kop\u010de&hellip;<\/p>\n","protected":false},"author":2,"featured_media":0,"parent":1470,"menu_order":0,"comment_status":"closed","ping_status":"closed","template":"","meta":{"footnotes":""},"class_list":["post-1479","page","type-page","status-publish","hentry"],"yoast_head":"<!-- This site is optimized with the Yoast SEO plugin v22.5 - https:\/\/yoast.com\/wordpress\/plugins\/seo\/ -->\n<title>TWIN DISC BRODSKE KOP\u010cE - Diesel dijelovi d.o.o.<\/title>\n<meta name=\"description\" content=\"Rezervni dijelovi za Twin Disc brodske kop\u010de, lamele, osovine, zup\u010danici, setovi brtvi, ulja, filteri, brza isporuka 098 894684\" \/>\n<meta name=\"robots\" content=\"index, follow, max-snippet:-1, max-image-preview:large, max-video-preview:-1\" \/>\n<link rel=\"canonical\" href=\"https:\/\/obrtkockica.hr\/dd\/rezervni-dijelovi\/rezervni-dijelovi-za-twin-disc-brodske-kopce\/\" \/>\n<meta property=\"og:locale\" content=\"en_US\" \/>\n<meta property=\"og:type\" content=\"article\" \/>\n<meta property=\"og:title\" content=\"TWIN DISC BRODSKE KOP\u010cE - Diesel dijelovi d.o.o.\" \/>\n<meta property=\"og:description\" content=\"Rezervni dijelovi za Twin Disc brodske kop\u010de, lamele, osovine, zup\u010danici, setovi brtvi, ulja, filteri, brza isporuka 098 894684\" \/>\n<meta property=\"og:url\" content=\"https:\/\/obrtkockica.hr\/dd\/rezervni-dijelovi\/rezervni-dijelovi-za-twin-disc-brodske-kopce\/\" \/>\n<meta property=\"og:site_name\" content=\"Diesel dijelovi d.o.o.\" \/>\n<meta property=\"article:publisher\" content=\"https:\/\/www.facebook.com\/p\/Diesel-Dijelovi-doo-100064110154834\/?paipv=0&amp;eav=AfYnuqWpCqdovRazjbzrCZNjFjnIrq4c6PcPzqbGHvjZZ1ANQ4dStPqIEkAEUHAE68E&amp;_rdr\" \/>\n<meta property=\"article:modified_time\" content=\"2024-04-21T18:55:12+00:00\" \/>\n<meta property=\"og:image\" content=\"https:\/\/obrtkockica.hr\/dd\/wp-content\/uploads\/2023\/06\/MG5065-150x150.png\" \/>\n<meta name=\"twitter:card\" content=\"summary_large_image\" \/>\n<meta name=\"twitter:label1\" content=\"Est. reading time\" \/>\n\t<meta name=\"twitter:data1\" content=\"1 minute\" \/>\n<script type=\"application\/ld+json\" class=\"yoast-schema-graph\">{\"@context\":\"https:\/\/schema.org\",\"@graph\":[{\"@type\":\"WebPage\",\"@id\":\"https:\/\/obrtkockica.hr\/dd\/rezervni-dijelovi\/rezervni-dijelovi-za-twin-disc-brodske-kopce\/\",\"url\":\"https:\/\/obrtkockica.hr\/dd\/rezervni-dijelovi\/rezervni-dijelovi-za-twin-disc-brodske-kopce\/\",\"name\":\"TWIN DISC BRODSKE KOP\u010cE - Diesel dijelovi d.o.o.\",\"isPartOf\":{\"@id\":\"https:\/\/obrtkockica.hr\/dd\/#website\"},\"primaryImageOfPage\":{\"@id\":\"https:\/\/obrtkockica.hr\/dd\/rezervni-dijelovi\/rezervni-dijelovi-za-twin-disc-brodske-kopce\/#primaryimage\"},\"image\":{\"@id\":\"https:\/\/obrtkockica.hr\/dd\/rezervni-dijelovi\/rezervni-dijelovi-za-twin-disc-brodske-kopce\/#primaryimage\"},\"thumbnailUrl\":\"https:\/\/obrtkockica.hr\/dd\/wp-content\/uploads\/2023\/06\/MG5065-150x150.png\",\"datePublished\":\"2023-06-13T07:00:53+00:00\",\"dateModified\":\"2024-04-21T18:55:12+00:00\",\"description\":\"Rezervni dijelovi za Twin Disc brodske kop\u010de, lamele, osovine, zup\u010danici, setovi brtvi, ulja, filteri, brza isporuka 098 894684\",\"breadcrumb\":{\"@id\":\"https:\/\/obrtkockica.hr\/dd\/rezervni-dijelovi\/rezervni-dijelovi-za-twin-disc-brodske-kopce\/#breadcrumb\"},\"inLanguage\":\"en-US\",\"potentialAction\":[{\"@type\":\"ReadAction\",\"target\":[\"https:\/\/obrtkockica.hr\/dd\/rezervni-dijelovi\/rezervni-dijelovi-za-twin-disc-brodske-kopce\/\"]}]},{\"@type\":\"ImageObject\",\"inLanguage\":\"en-US\",\"@id\":\"https:\/\/obrtkockica.hr\/dd\/rezervni-dijelovi\/rezervni-dijelovi-za-twin-disc-brodske-kopce\/#primaryimage\",\"url\":\"\",\"contentUrl\":\"\"},{\"@type\":\"BreadcrumbList\",\"@id\":\"https:\/\/obrtkockica.hr\/dd\/rezervni-dijelovi\/rezervni-dijelovi-za-twin-disc-brodske-kopce\/#breadcrumb\",\"itemListElement\":[{\"@type\":\"ListItem\",\"position\":1,\"name\":\"Home\",\"item\":\"https:\/\/obrtkockica.hr\/dd\/\"},{\"@type\":\"ListItem\",\"position\":2,\"name\":\"REZERVNI DIJELOVI\",\"item\":\"https:\/\/obrtkockica.hr\/dd\/rezervni-dijelovi\/\"},{\"@type\":\"ListItem\",\"position\":3,\"name\":\"TWIN DISC BRODSKE KOP\u010cE\"}]},{\"@type\":\"WebSite\",\"@id\":\"https:\/\/obrtkockica.hr\/dd\/#website\",\"url\":\"https:\/\/obrtkockica.hr\/dd\/\",\"name\":\"Diesel dijelovi d.o.o.\",\"description\":\"Rezervni dijelovi za gra\u0111evinske strojeve, brodove, vili\u010dare, poljoprivredne strojeve\",\"publisher\":{\"@id\":\"https:\/\/obrtkockica.hr\/dd\/#organization\"},\"potentialAction\":[{\"@type\":\"SearchAction\",\"target\":{\"@type\":\"EntryPoint\",\"urlTemplate\":\"https:\/\/obrtkockica.hr\/dd\/?s={search_term_string}\"},\"query-input\":\"required name=search_term_string\"}],\"inLanguage\":\"en-US\"},{\"@type\":\"Organization\",\"@id\":\"https:\/\/obrtkockica.hr\/dd\/#organization\",\"name\":\"Diesel dijelovi d.o.o.\",\"url\":\"https:\/\/obrtkockica.hr\/dd\/\",\"logo\":{\"@type\":\"ImageObject\",\"inLanguage\":\"en-US\",\"@id\":\"https:\/\/obrtkockica.hr\/dd\/#\/schema\/logo\/image\/\",\"url\":\"https:\/\/obrtkockica.hr\/dd\/wp-content\/uploads\/2024\/01\/s01-1.png\",\"contentUrl\":\"https:\/\/obrtkockica.hr\/dd\/wp-content\/uploads\/2024\/01\/s01-1.png\",\"width\":970,\"height\":240,\"caption\":\"Diesel dijelovi d.o.o.\"},\"image\":{\"@id\":\"https:\/\/obrtkockica.hr\/dd\/#\/schema\/logo\/image\/\"},\"sameAs\":[\"https:\/\/www.facebook.com\/p\/Diesel-Dijelovi-doo-100064110154834\/?paipv=0&eav=AfYnuqWpCqdovRazjbzrCZNjFjnIrq4c6PcPzqbGHvjZZ1ANQ4dStPqIEkAEUHAE68E&_rdr\"]}]}<\/script>\n<!-- \/ Yoast SEO plugin. -->","yoast_head_json":{"title":"TWIN DISC BRODSKE KOP\u010cE - Diesel dijelovi d.o.o.","description":"Rezervni dijelovi za Twin Disc brodske kop\u010de, lamele, osovine, zup\u010danici, setovi brtvi, ulja, filteri, brza isporuka 098 894684","robots":{"index":"index","follow":"follow","max-snippet":"max-snippet:-1","max-image-preview":"max-image-preview:large","max-video-preview":"max-video-preview:-1"},"canonical":"https:\/\/obrtkockica.hr\/dd\/rezervni-dijelovi\/rezervni-dijelovi-za-twin-disc-brodske-kopce\/","og_locale":"en_US","og_type":"article","og_title":"TWIN DISC BRODSKE KOP\u010cE - Diesel dijelovi d.o.o.","og_description":"Rezervni dijelovi za Twin Disc brodske kop\u010de, lamele, osovine, zup\u010danici, setovi brtvi, ulja, filteri, brza isporuka 098 894684","og_url":"https:\/\/obrtkockica.hr\/dd\/rezervni-dijelovi\/rezervni-dijelovi-za-twin-disc-brodske-kopce\/","og_site_name":"Diesel dijelovi d.o.o.","article_publisher":"https:\/\/www.facebook.com\/p\/Diesel-Dijelovi-doo-100064110154834\/?paipv=0&eav=AfYnuqWpCqdovRazjbzrCZNjFjnIrq4c6PcPzqbGHvjZZ1ANQ4dStPqIEkAEUHAE68E&_rdr","article_modified_time":"2024-04-21T18:55:12+00:00","og_image":[{"url":"https:\/\/obrtkockica.hr\/dd\/wp-content\/uploads\/2023\/06\/MG5065-150x150.png"}],"twitter_card":"summary_large_image","twitter_misc":{"Est. reading time":"1 minute"},"schema":{"@context":"https:\/\/schema.org","@graph":[{"@type":"WebPage","@id":"https:\/\/obrtkockica.hr\/dd\/rezervni-dijelovi\/rezervni-dijelovi-za-twin-disc-brodske-kopce\/","url":"https:\/\/obrtkockica.hr\/dd\/rezervni-dijelovi\/rezervni-dijelovi-za-twin-disc-brodske-kopce\/","name":"TWIN DISC BRODSKE KOP\u010cE - Diesel dijelovi d.o.o.","isPartOf":{"@id":"https:\/\/obrtkockica.hr\/dd\/#website"},"primaryImageOfPage":{"@id":"https:\/\/obrtkockica.hr\/dd\/rezervni-dijelovi\/rezervni-dijelovi-za-twin-disc-brodske-kopce\/#primaryimage"},"image":{"@id":"https:\/\/obrtkockica.hr\/dd\/rezervni-dijelovi\/rezervni-dijelovi-za-twin-disc-brodske-kopce\/#primaryimage"},"thumbnailUrl":"https:\/\/obrtkockica.hr\/dd\/wp-content\/uploads\/2023\/06\/MG5065-150x150.png","datePublished":"2023-06-13T07:00:53+00:00","dateModified":"2024-04-21T18:55:12+00:00","description":"Rezervni dijelovi za Twin Disc brodske kop\u010de, lamele, osovine, zup\u010danici, setovi brtvi, ulja, filteri, brza isporuka 098 894684","breadcrumb":{"@id":"https:\/\/obrtkockica.hr\/dd\/rezervni-dijelovi\/rezervni-dijelovi-za-twin-disc-brodske-kopce\/#breadcrumb"},"inLanguage":"en-US","potentialAction":[{"@type":"ReadAction","target":["https:\/\/obrtkockica.hr\/dd\/rezervni-dijelovi\/rezervni-dijelovi-za-twin-disc-brodske-kopce\/"]}]},{"@type":"ImageObject","inLanguage":"en-US","@id":"https:\/\/obrtkockica.hr\/dd\/rezervni-dijelovi\/rezervni-dijelovi-za-twin-disc-brodske-kopce\/#primaryimage","url":"","contentUrl":""},{"@type":"BreadcrumbList","@id":"https:\/\/obrtkockica.hr\/dd\/rezervni-dijelovi\/rezervni-dijelovi-za-twin-disc-brodske-kopce\/#breadcrumb","itemListElement":[{"@type":"ListItem","position":1,"name":"Home","item":"https:\/\/obrtkockica.hr\/dd\/"},{"@type":"ListItem","position":2,"name":"REZERVNI DIJELOVI","item":"https:\/\/obrtkockica.hr\/dd\/rezervni-dijelovi\/"},{"@type":"ListItem","position":3,"name":"TWIN DISC BRODSKE KOP\u010cE"}]},{"@type":"WebSite","@id":"https:\/\/obrtkockica.hr\/dd\/#website","url":"https:\/\/obrtkockica.hr\/dd\/","name":"Diesel dijelovi d.o.o.","description":"Rezervni dijelovi za gra\u0111evinske strojeve, brodove, vili\u010dare, poljoprivredne strojeve","publisher":{"@id":"https:\/\/obrtkockica.hr\/dd\/#organization"},"potentialAction":[{"@type":"SearchAction","target":{"@type":"EntryPoint","urlTemplate":"https:\/\/obrtkockica.hr\/dd\/?s={search_term_string}"},"query-input":"required name=search_term_string"}],"inLanguage":"en-US"},{"@type":"Organization","@id":"https:\/\/obrtkockica.hr\/dd\/#organization","name":"Diesel dijelovi d.o.o.","url":"https:\/\/obrtkockica.hr\/dd\/","logo":{"@type":"ImageObject","inLanguage":"en-US","@id":"https:\/\/obrtkockica.hr\/dd\/#\/schema\/logo\/image\/","url":"https:\/\/obrtkockica.hr\/dd\/wp-content\/uploads\/2024\/01\/s01-1.png","contentUrl":"https:\/\/obrtkockica.hr\/dd\/wp-content\/uploads\/2024\/01\/s01-1.png","width":970,"height":240,"caption":"Diesel dijelovi d.o.o."},"image":{"@id":"https:\/\/obrtkockica.hr\/dd\/#\/schema\/logo\/image\/"},"sameAs":["https:\/\/www.facebook.com\/p\/Diesel-Dijelovi-doo-100064110154834\/?paipv=0&eav=AfYnuqWpCqdovRazjbzrCZNjFjnIrq4c6PcPzqbGHvjZZ1ANQ4dStPqIEkAEUHAE68E&_rdr"]}]}},"_links":{"self":[{"href":"https:\/\/obrtkockica.hr\/dd\/wp-json\/wp\/v2\/pages\/1479","targetHints":{"allow":["GET"]}}],"collection":[{"href":"https:\/\/obrtkockica.hr\/dd\/wp-json\/wp\/v2\/pages"}],"about":[{"href":"https:\/\/obrtkockica.hr\/dd\/wp-json\/wp\/v2\/types\/page"}],"author":[{"embeddable":true,"href":"https:\/\/obrtkockica.hr\/dd\/wp-json\/wp\/v2\/users\/2"}],"replies":[{"embeddable":true,"href":"https:\/\/obrtkockica.hr\/dd\/wp-json\/wp\/v2\/comments?post=1479"}],"version-history":[{"count":7,"href":"https:\/\/obrtkockica.hr\/dd\/wp-json\/wp\/v2\/pages\/1479\/revisions"}],"predecessor-version":[{"id":2227,"href":"https:\/\/obrtkockica.hr\/dd\/wp-json\/wp\/v2\/pages\/1479\/revisions\/2227"}],"up":[{"embeddable":true,"href":"https:\/\/obrtkockica.hr\/dd\/wp-json\/wp\/v2\/pages\/1470"}],"wp:attachment":[{"href":"https:\/\/obrtkockica.hr\/dd\/wp-json\/wp\/v2\/media?parent=1479"}],"curies":[{"name":"wp","href":"https:\/\/api.w.org\/{rel}","templated":true}]}}