{"id":1478,"date":"2017-01-08T03:59:29","date_gmt":"2017-01-08T02:59:29","guid":{"rendered":"http:\/\/dieseldijelovi.com\/?page_id=753"},"modified":"2024-04-21T18:44:51","modified_gmt":"2024-04-21T18:44:51","slug":"injektori-dizne","status":"publish","type":"page","link":"https:\/\/obrtkockica.hr\/dd\/rezervni-dijelovi\/injektori-dizne\/","title":{"rendered":"INJEKTORI DIZNE"},"content":{"rendered":"\t\t<div data-elementor-type=\"wp-page\" data-elementor-id=\"1478\" class=\"elementor elementor-1478\" data-elementor-post-type=\"page\">\n\t\t\t\t<div class=\"elementor-element elementor-element-fd442ba e-flex e-con-boxed e-con e-parent\" data-id=\"fd442ba\" data-element_type=\"container\">\n\t\t\t\t\t<div class=\"e-con-inner\">\n\t\t\t\t<div class=\"elementor-element elementor-element-1c1669d elementor-align-center elementor-widget elementor-widget-button\" data-id=\"1c1669d\" data-element_type=\"widget\" data-widget_type=\"button.default\">\n\t\t\t\t<div class=\"elementor-widget-container\">\n\t\t\t\t\t<div class=\"elementor-button-wrapper\">\n\t\t\t<a class=\"elementor-button elementor-button-link elementor-size-xl\" href=\"tel:+38598894684\">\n\t\t\t\t\t\t<span class=\"elementor-button-content-wrapper\">\n\t\t\t\t\t\t<span class=\"elementor-button-icon elementor-align-icon-left\">\n\t\t\t\t<svg aria-hidden=\"true\" class=\"e-font-icon-svg e-fas-phone-alt\" viewBox=\"0 0 512 512\" xmlns=\"http:\/\/www.w3.org\/2000\/svg\"><path d=\"M497.39 361.8l-112-48a24 24 0 0 0-28 6.9l-49.6 60.6A370.66 370.66 0 0 1 130.6 204.11l60.6-49.6a23.94 23.94 0 0 0 6.9-28l-48-112A24.16 24.16 0 0 0 122.6.61l-104 24A24 24 0 0 0 0 48c0 256.5 207.9 464 464 464a24 24 0 0 0 23.4-18.6l24-104a24.29 24.29 0 0 0-14.01-27.6z\"><\/path><\/svg>\t\t\t<\/span>\n\t\t\t\t\t\t\t\t\t<span class=\"elementor-button-text\">KLIKNI I NAZOVI<\/span>\n\t\t\t\t\t<\/span>\n\t\t\t\t\t<\/a>\n\t\t<\/div>\n\t\t\t\t<\/div>\n\t\t\t\t<\/div>\n\t\t\t\t\t<\/div>\n\t\t\t\t<\/div>\n\t\t<div class=\"elementor-element elementor-element-fdc2652 e-flex e-con-boxed e-con e-parent\" data-id=\"fdc2652\" data-element_type=\"container\">\n\t\t\t\t\t<div class=\"e-con-inner\">\n\t\t\t\t<div class=\"elementor-element elementor-element-ce27358 elementor-align-center elementor-widget elementor-widget-button\" data-id=\"ce27358\" data-element_type=\"widget\" data-widget_type=\"button.default\">\n\t\t\t\t<div class=\"elementor-widget-container\">\n\t\t\t\t\t<div class=\"elementor-button-wrapper\">\n\t\t\t<a class=\"elementor-button elementor-button-link elementor-size-xl\" href=\"mailto:info@dieseldijelovi.com\">\n\t\t\t\t\t\t<span class=\"elementor-button-content-wrapper\">\n\t\t\t\t\t\t<span class=\"elementor-button-icon elementor-align-icon-left\">\n\t\t\t\t<svg aria-hidden=\"true\" class=\"e-font-icon-svg e-far-envelope\" viewBox=\"0 0 512 512\" xmlns=\"http:\/\/www.w3.org\/2000\/svg\"><path d=\"M464 64H48C21.49 64 0 85.49 0 112v288c0 26.51 21.49 48 48 48h416c26.51 0 48-21.49 48-48V112c0-26.51-21.49-48-48-48zm0 48v40.805c-22.422 18.259-58.168 46.651-134.587 106.49-16.841 13.247-50.201 45.072-73.413 44.701-23.208.375-56.579-31.459-73.413-44.701C106.18 199.465 70.425 171.067 48 152.805V112h416zM48 400V214.398c22.914 18.251 55.409 43.862 104.938 82.646 21.857 17.205 60.134 55.186 103.062 54.955 42.717.231 80.509-37.199 103.053-54.947 49.528-38.783 82.032-64.401 104.947-82.653V400H48z\"><\/path><\/svg>\t\t\t<\/span>\n\t\t\t\t\t\t\t\t\t<span class=\"elementor-button-text\">PO\u0160ALJI E-MAIL<\/span>\n\t\t\t\t\t<\/span>\n\t\t\t\t\t<\/a>\n\t\t<\/div>\n\t\t\t\t<\/div>\n\t\t\t\t<\/div>\n\t\t\t\t\t<\/div>\n\t\t\t\t<\/div>\n\t\t<div class=\"elementor-element elementor-element-42510c58 e-flex e-con-boxed e-con e-parent\" data-id=\"42510c58\" data-element_type=\"container\">\n\t\t\t\t\t<div class=\"e-con-inner\">\n\t\t\t\t<div class=\"elementor-element elementor-element-70e8b9d5 elementor-widget elementor-widget-text-editor\" data-id=\"70e8b9d5\" data-element_type=\"widget\" data-widget_type=\"text-editor.default\">\n\t\t\t\t<div class=\"elementor-widget-container\">\n\t\t\t<style>\/*! elementor - v3.21.0 - 18-04-2024 *\/\n.elementor-widget-text-editor.elementor-drop-cap-view-stacked .elementor-drop-cap{background-color:#69727d;color:#fff}.elementor-widget-text-editor.elementor-drop-cap-view-framed .elementor-drop-cap{color:#69727d;border:3px solid;background-color:transparent}.elementor-widget-text-editor:not(.elementor-drop-cap-view-default) .elementor-drop-cap{margin-top:8px}.elementor-widget-text-editor:not(.elementor-drop-cap-view-default) .elementor-drop-cap-letter{width:1em;height:1em}.elementor-widget-text-editor .elementor-drop-cap{float:left;text-align:center;line-height:1;font-size:50px}.elementor-widget-text-editor .elementor-drop-cap-letter{display:inline-block}<\/style>\t\t\t\t<p>Injektori dizne<\/p><p><a href=\"https:\/\/obrtkockica.hr\/dd\/wp-content\/uploads\/2017\/01\/Common-rail_Denso.png\" data-rel=\"penci-gallery-image-content\" ><img decoding=\"async\" class=\"size-full wp-image-893 alignleft\" src=\"https:\/\/obrtkockica.hr\/dd\/wp-content\/uploads\/2017\/01\/Common-rail_Denso.png\" alt=\"Injektori dizne\" width=\"220\" height=\"97\" \/><\/a><\/p><p><a href=\"https:\/\/obrtkockica.hr\/dd\/wp-content\/uploads\/2017\/01\/Common-rail_BMW.png\" data-rel=\"penci-gallery-image-content\" ><img decoding=\"async\" class=\"alignleft wp-image-894\" src=\"https:\/\/obrtkockica.hr\/dd\/wp-content\/uploads\/2017\/01\/Common-rail_BMW.png\" alt=\"Injektori dizne\" width=\"113\" height=\"80\" \/><\/a><\/p><p><a href=\"https:\/\/obrtkockica.hr\/dd\/wp-content\/uploads\/2017\/01\/Common-rail_MERCEDES.png\" data-rel=\"penci-gallery-image-content\" ><img decoding=\"async\" class=\"alignleft wp-image-895\" src=\"https:\/\/obrtkockica.hr\/dd\/wp-content\/uploads\/2017\/01\/Common-rail_MERCEDES.png\" alt=\"Injektori dizne\" width=\"94\" height=\"107\" \/><\/a><\/p><p><a href=\"https:\/\/obrtkockica.hr\/dd\/wp-content\/uploads\/2017\/01\/Bosch_injektori.png\" data-rel=\"penci-gallery-image-content\" ><img loading=\"lazy\" decoding=\"async\" class=\"alignleft wp-image-896\" src=\"https:\/\/obrtkockica.hr\/dd\/wp-content\/uploads\/2017\/01\/Bosch_injektori.png\" alt=\"Injektori dizne\" width=\"109\" height=\"109\" srcset=\"https:\/\/obrtkockica.hr\/dd\/wp-content\/uploads\/2017\/01\/Bosch_injektori.png 220w, https:\/\/obrtkockica.hr\/dd\/wp-content\/uploads\/2017\/01\/Bosch_injektori-150x150.png 150w\" sizes=\"(max-width: 109px) 100vw, 109px\" \/><\/a><\/p><p><a href=\"https:\/\/obrtkockica.hr\/dd\/wp-content\/uploads\/2017\/01\/Injektori.png\" data-rel=\"penci-gallery-image-content\" ><img loading=\"lazy\" decoding=\"async\" class=\"alignleft wp-image-898 size-full\" src=\"https:\/\/obrtkockica.hr\/dd\/wp-content\/uploads\/2017\/01\/Injektori.png\" alt=\"Injektori dizne\" width=\"220\" height=\"122\" \/><\/a><\/p><p><a href=\"https:\/\/obrtkockica.hr\/dd\/wp-content\/uploads\/2017\/01\/JD.png\" data-rel=\"penci-gallery-image-content\" ><img loading=\"lazy\" decoding=\"async\" class=\"alignleft wp-image-899\" src=\"https:\/\/obrtkockica.hr\/dd\/wp-content\/uploads\/2017\/01\/JD.png\" alt=\"Injektori dizne\" width=\"108\" height=\"108\" srcset=\"https:\/\/obrtkockica.hr\/dd\/wp-content\/uploads\/2017\/01\/JD.png 220w, https:\/\/obrtkockica.hr\/dd\/wp-content\/uploads\/2017\/01\/JD-150x150.png 150w\" sizes=\"(max-width: 108px) 100vw, 108px\" \/><\/a><\/p><p><a href=\"https:\/\/obrtkockica.hr\/dd\/wp-content\/uploads\/2017\/01\/Stenadyne_pumpa.png\" data-rel=\"penci-gallery-image-content\" ><img loading=\"lazy\" decoding=\"async\" class=\"alignleft wp-image-900\" src=\"https:\/\/obrtkockica.hr\/dd\/wp-content\/uploads\/2017\/01\/Stenadyne_pumpa.png\" alt=\"Stenadyne_pumpa\" width=\"140\" height=\"119\" \/><\/a><\/p><p><a href=\"https:\/\/obrtkockica.hr\/dd\/wp-content\/uploads\/2017\/01\/Commonrail_pumpa.png\" data-rel=\"penci-gallery-image-content\" ><img loading=\"lazy\" decoding=\"async\" class=\"size-full wp-image-901 alignleft\" src=\"https:\/\/obrtkockica.hr\/dd\/wp-content\/uploads\/2017\/01\/Commonrail_pumpa.png\" alt=\"Commonrail_pumpa\" width=\"220\" height=\"92\" \/><\/a><\/p><h2>\u00a0<\/h2><h2>\u00a0<\/h2><h2>\u00a0<\/h2><h2>\u00a0<\/h2><h2>\u00a0<\/h2><h2>\u00a0<\/h2><h2>\u00a0<\/h2><h2>S napretkom diesel ubrizgavanja na tr\u017ei\u0161tu je prisutno nekoliko sistema ubrizgavanja. Svaki sistem ima razli\u010dite pumpe i razli\u010dite injektore odnosno dizne.<\/h2><ul><li><h2>Sistem pumpa dizna (brizgaljka) \u00a0je sustav kod kojeg je svakom cilindru dodijeljena pojedina\u010dna pumpa. U tom sustavu pumpa i dizna u kompaktnom sklopu ugra\u0111uju se u glavu motora.<\/h2><\/li><\/ul><ul><li><h2>Common rail sistem ima zajedni\u010dki vod iz kojeg se opskrbljuju svi cilindri gorivom.<\/h2><\/li><\/ul><h2>U ponudi imamo injektori dizne, ulo\u0161ke dizni i pumpe \u00a0proizvo\u0111a\u010da DENSO, ZEXEL, BOSCH, DELPHI, SIEMENS VDO.<\/h2><h2>Ponu\u0111en injektore , pumpe korisimo na markamaCATERPILLAR, CUMMINS, KOMATSU, PERKINS,JOHN DEERE, ISUZU, JCB, YANMAR, AUDI, BMW, MERCEDES, VOLVO, i ostali.<\/h2><p>GARANCIJA na sve dijelove je 6 mjeseci od izdanog ra\u010duna.<\/p><p>Garancija ne vrijedi ukoliko dijelovi nisu ugra\u0111eni kod ovla\u0161tenog servisa.<\/p><p>Garancija ne vrijedi ukoliko kupac koristi rabljene ili dijelove drugogog proizvo\u0111a\u010da uz na\u0161e dijelove.<\/p>\t\t\t\t\t\t<\/div>\n\t\t\t\t<\/div>\n\t\t\t\t\t<\/div>\n\t\t\t\t<\/div>\n\t\t<div class=\"elementor-element elementor-element-24ef009 e-flex e-con-boxed e-con e-parent\" data-id=\"24ef009\" data-element_type=\"container\">\n\t\t\t\t\t<div class=\"e-con-inner\">\n\t\t\t\t<div class=\"elementor-element elementor-element-e45e0e2 elementor-align-center elementor-widget elementor-widget-button\" data-id=\"e45e0e2\" data-element_type=\"widget\" data-widget_type=\"button.default\">\n\t\t\t\t<div class=\"elementor-widget-container\">\n\t\t\t\t\t<div class=\"elementor-button-wrapper\">\n\t\t\t<a class=\"elementor-button elementor-button-link elementor-size-xl\" href=\"tel:+38598894684\">\n\t\t\t\t\t\t<span class=\"elementor-button-content-wrapper\">\n\t\t\t\t\t\t<span class=\"elementor-button-icon elementor-align-icon-left\">\n\t\t\t\t<svg aria-hidden=\"true\" class=\"e-font-icon-svg e-fas-phone-alt\" viewBox=\"0 0 512 512\" xmlns=\"http:\/\/www.w3.org\/2000\/svg\"><path d=\"M497.39 361.8l-112-48a24 24 0 0 0-28 6.9l-49.6 60.6A370.66 370.66 0 0 1 130.6 204.11l60.6-49.6a23.94 23.94 0 0 0 6.9-28l-48-112A24.16 24.16 0 0 0 122.6.61l-104 24A24 24 0 0 0 0 48c0 256.5 207.9 464 464 464a24 24 0 0 0 23.4-18.6l24-104a24.29 24.29 0 0 0-14.01-27.6z\"><\/path><\/svg>\t\t\t<\/span>\n\t\t\t\t\t\t\t\t\t<span class=\"elementor-button-text\">KLIKNI I NAZOVI<\/span>\n\t\t\t\t\t<\/span>\n\t\t\t\t\t<\/a>\n\t\t<\/div>\n\t\t\t\t<\/div>\n\t\t\t\t<\/div>\n\t\t\t\t\t<\/div>\n\t\t\t\t<\/div>\n\t\t<div class=\"elementor-element elementor-element-10d8604 e-flex e-con-boxed e-con e-parent\" data-id=\"10d8604\" data-element_type=\"container\">\n\t\t\t\t\t<div class=\"e-con-inner\">\n\t\t\t\t<div class=\"elementor-element elementor-element-c672a39 elementor-align-center elementor-widget elementor-widget-button\" data-id=\"c672a39\" data-element_type=\"widget\" data-widget_type=\"button.default\">\n\t\t\t\t<div class=\"elementor-widget-container\">\n\t\t\t\t\t<div class=\"elementor-button-wrapper\">\n\t\t\t<a class=\"elementor-button elementor-button-link elementor-size-xl\" href=\"mailto:info@dieseldijelovi.com\">\n\t\t\t\t\t\t<span class=\"elementor-button-content-wrapper\">\n\t\t\t\t\t\t<span class=\"elementor-button-icon elementor-align-icon-left\">\n\t\t\t\t<svg aria-hidden=\"true\" class=\"e-font-icon-svg e-far-envelope\" viewBox=\"0 0 512 512\" xmlns=\"http:\/\/www.w3.org\/2000\/svg\"><path d=\"M464 64H48C21.49 64 0 85.49 0 112v288c0 26.51 21.49 48 48 48h416c26.51 0 48-21.49 48-48V112c0-26.51-21.49-48-48-48zm0 48v40.805c-22.422 18.259-58.168 46.651-134.587 106.49-16.841 13.247-50.201 45.072-73.413 44.701-23.208.375-56.579-31.459-73.413-44.701C106.18 199.465 70.425 171.067 48 152.805V112h416zM48 400V214.398c22.914 18.251 55.409 43.862 104.938 82.646 21.857 17.205 60.134 55.186 103.062 54.955 42.717.231 80.509-37.199 103.053-54.947 49.528-38.783 82.032-64.401 104.947-82.653V400H48z\"><\/path><\/svg>\t\t\t<\/span>\n\t\t\t\t\t\t\t\t\t<span class=\"elementor-button-text\">PO\u0160ALJI E-MAIL<\/span>\n\t\t\t\t\t<\/span>\n\t\t\t\t\t<\/a>\n\t\t<\/div>\n\t\t\t\t<\/div>\n\t\t\t\t<\/div>\n\t\t\t\t\t<\/div>\n\t\t\t\t<\/div>\n\t\t\t\t<\/div>\n\t\t","protected":false},"excerpt":{"rendered":"<p>KLIKNI I NAZOVI PO\u0160ALJI E-MAIL Injektori dizne \u00a0 \u00a0 \u00a0 \u00a0 \u00a0 \u00a0 \u00a0&hellip;<\/p>\n","protected":false},"author":2,"featured_media":0,"parent":1470,"menu_order":0,"comment_status":"closed","ping_status":"closed","template":"","meta":{"footnotes":""},"class_list":["post-1478","page","type-page","status-publish","hentry"],"yoast_head":"<!-- This site is optimized with the Yoast SEO plugin v22.5 - https:\/\/yoast.com\/wordpress\/plugins\/seo\/ -->\n<title>INJEKTORI DIZNE PUMPE COMMON RAIL<\/title>\n<meta name=\"description\" content=\"INJEKTORI DIZNE PUMPE,COMMON RAIL ZA INDUSTRIJSKE MOTORE, KAMIONE, AUTOMOBILE, TRAKTORE, BRODOVE,DENSO, ZEXEL, BOSCH, DELPHI, SIEMENS VDO\" \/>\n<meta name=\"robots\" content=\"index, follow, max-snippet:-1, max-image-preview:large, max-video-preview:-1\" \/>\n<link rel=\"canonical\" href=\"https:\/\/obrtkockica.hr\/dd\/rezervni-dijelovi\/injektori-dizne\/\" \/>\n<meta property=\"og:locale\" content=\"en_US\" \/>\n<meta property=\"og:type\" content=\"article\" \/>\n<meta property=\"og:title\" content=\"INJEKTORI DIZNE PUMPE COMMON RAIL\" \/>\n<meta property=\"og:description\" content=\"INJEKTORI DIZNE PUMPE,COMMON RAIL ZA INDUSTRIJSKE MOTORE, KAMIONE, AUTOMOBILE, TRAKTORE, BRODOVE,DENSO, ZEXEL, BOSCH, DELPHI, SIEMENS VDO\" \/>\n<meta property=\"og:url\" content=\"https:\/\/obrtkockica.hr\/dd\/rezervni-dijelovi\/injektori-dizne\/\" \/>\n<meta property=\"og:site_name\" content=\"Diesel dijelovi d.o.o.\" \/>\n<meta property=\"article:publisher\" content=\"https:\/\/www.facebook.com\/p\/Diesel-Dijelovi-doo-100064110154834\/?paipv=0&amp;eav=AfYnuqWpCqdovRazjbzrCZNjFjnIrq4c6PcPzqbGHvjZZ1ANQ4dStPqIEkAEUHAE68E&amp;_rdr\" \/>\n<meta property=\"article:modified_time\" content=\"2024-04-21T18:44:51+00:00\" \/>\n<meta property=\"og:image\" content=\"https:\/\/obrtkockica.hr\/dd\/wp-content\/uploads\/2017\/01\/Common-rail_Denso.png\" \/>\n<meta name=\"twitter:card\" content=\"summary_large_image\" \/>\n<meta name=\"twitter:label1\" content=\"Est. reading time\" \/>\n\t<meta name=\"twitter:data1\" content=\"3 minutes\" \/>\n<script type=\"application\/ld+json\" class=\"yoast-schema-graph\">{\"@context\":\"https:\/\/schema.org\",\"@graph\":[{\"@type\":\"WebPage\",\"@id\":\"https:\/\/obrtkockica.hr\/dd\/rezervni-dijelovi\/injektori-dizne\/\",\"url\":\"https:\/\/obrtkockica.hr\/dd\/rezervni-dijelovi\/injektori-dizne\/\",\"name\":\"INJEKTORI DIZNE PUMPE COMMON RAIL\",\"isPartOf\":{\"@id\":\"https:\/\/obrtkockica.hr\/dd\/#website\"},\"primaryImageOfPage\":{\"@id\":\"https:\/\/obrtkockica.hr\/dd\/rezervni-dijelovi\/injektori-dizne\/#primaryimage\"},\"image\":{\"@id\":\"https:\/\/obrtkockica.hr\/dd\/rezervni-dijelovi\/injektori-dizne\/#primaryimage\"},\"thumbnailUrl\":\"https:\/\/obrtkockica.hr\/dd\/wp-content\/uploads\/2017\/01\/Common-rail_Denso.png\",\"datePublished\":\"2017-01-08T02:59:29+00:00\",\"dateModified\":\"2024-04-21T18:44:51+00:00\",\"description\":\"INJEKTORI DIZNE PUMPE,COMMON RAIL ZA INDUSTRIJSKE MOTORE, KAMIONE, AUTOMOBILE, TRAKTORE, BRODOVE,DENSO, ZEXEL, BOSCH, DELPHI, SIEMENS VDO\",\"breadcrumb\":{\"@id\":\"https:\/\/obrtkockica.hr\/dd\/rezervni-dijelovi\/injektori-dizne\/#breadcrumb\"},\"inLanguage\":\"en-US\",\"potentialAction\":[{\"@type\":\"ReadAction\",\"target\":[\"https:\/\/obrtkockica.hr\/dd\/rezervni-dijelovi\/injektori-dizne\/\"]}]},{\"@type\":\"ImageObject\",\"inLanguage\":\"en-US\",\"@id\":\"https:\/\/obrtkockica.hr\/dd\/rezervni-dijelovi\/injektori-dizne\/#primaryimage\",\"url\":\"https:\/\/obrtkockica.hr\/dd\/wp-content\/uploads\/2017\/01\/Common-rail_Denso.png\",\"contentUrl\":\"https:\/\/obrtkockica.hr\/dd\/wp-content\/uploads\/2017\/01\/Common-rail_Denso.png\"},{\"@type\":\"BreadcrumbList\",\"@id\":\"https:\/\/obrtkockica.hr\/dd\/rezervni-dijelovi\/injektori-dizne\/#breadcrumb\",\"itemListElement\":[{\"@type\":\"ListItem\",\"position\":1,\"name\":\"Home\",\"item\":\"https:\/\/obrtkockica.hr\/dd\/\"},{\"@type\":\"ListItem\",\"position\":2,\"name\":\"REZERVNI DIJELOVI\",\"item\":\"https:\/\/obrtkockica.hr\/dd\/rezervni-dijelovi\/\"},{\"@type\":\"ListItem\",\"position\":3,\"name\":\"INJEKTORI DIZNE\"}]},{\"@type\":\"WebSite\",\"@id\":\"https:\/\/obrtkockica.hr\/dd\/#website\",\"url\":\"https:\/\/obrtkockica.hr\/dd\/\",\"name\":\"Diesel dijelovi d.o.o.\",\"description\":\"Rezervni dijelovi za gra\u0111evinske strojeve, brodove, vili\u010dare, poljoprivredne strojeve\",\"publisher\":{\"@id\":\"https:\/\/obrtkockica.hr\/dd\/#organization\"},\"potentialAction\":[{\"@type\":\"SearchAction\",\"target\":{\"@type\":\"EntryPoint\",\"urlTemplate\":\"https:\/\/obrtkockica.hr\/dd\/?s={search_term_string}\"},\"query-input\":\"required name=search_term_string\"}],\"inLanguage\":\"en-US\"},{\"@type\":\"Organization\",\"@id\":\"https:\/\/obrtkockica.hr\/dd\/#organization\",\"name\":\"Diesel dijelovi d.o.o.\",\"url\":\"https:\/\/obrtkockica.hr\/dd\/\",\"logo\":{\"@type\":\"ImageObject\",\"inLanguage\":\"en-US\",\"@id\":\"https:\/\/obrtkockica.hr\/dd\/#\/schema\/logo\/image\/\",\"url\":\"https:\/\/obrtkockica.hr\/dd\/wp-content\/uploads\/2024\/01\/s01-1.png\",\"contentUrl\":\"https:\/\/obrtkockica.hr\/dd\/wp-content\/uploads\/2024\/01\/s01-1.png\",\"width\":970,\"height\":240,\"caption\":\"Diesel dijelovi d.o.o.\"},\"image\":{\"@id\":\"https:\/\/obrtkockica.hr\/dd\/#\/schema\/logo\/image\/\"},\"sameAs\":[\"https:\/\/www.facebook.com\/p\/Diesel-Dijelovi-doo-100064110154834\/?paipv=0&eav=AfYnuqWpCqdovRazjbzrCZNjFjnIrq4c6PcPzqbGHvjZZ1ANQ4dStPqIEkAEUHAE68E&_rdr\"]}]}<\/script>\n<!-- \/ Yoast SEO plugin. -->","yoast_head_json":{"title":"INJEKTORI DIZNE PUMPE COMMON RAIL","description":"INJEKTORI DIZNE PUMPE,COMMON RAIL ZA INDUSTRIJSKE MOTORE, KAMIONE, AUTOMOBILE, TRAKTORE, BRODOVE,DENSO, ZEXEL, BOSCH, DELPHI, SIEMENS VDO","robots":{"index":"index","follow":"follow","max-snippet":"max-snippet:-1","max-image-preview":"max-image-preview:large","max-video-preview":"max-video-preview:-1"},"canonical":"https:\/\/obrtkockica.hr\/dd\/rezervni-dijelovi\/injektori-dizne\/","og_locale":"en_US","og_type":"article","og_title":"INJEKTORI DIZNE PUMPE COMMON RAIL","og_description":"INJEKTORI DIZNE PUMPE,COMMON RAIL ZA INDUSTRIJSKE MOTORE, KAMIONE, AUTOMOBILE, TRAKTORE, BRODOVE,DENSO, ZEXEL, BOSCH, DELPHI, SIEMENS VDO","og_url":"https:\/\/obrtkockica.hr\/dd\/rezervni-dijelovi\/injektori-dizne\/","og_site_name":"Diesel dijelovi d.o.o.","article_publisher":"https:\/\/www.facebook.com\/p\/Diesel-Dijelovi-doo-100064110154834\/?paipv=0&eav=AfYnuqWpCqdovRazjbzrCZNjFjnIrq4c6PcPzqbGHvjZZ1ANQ4dStPqIEkAEUHAE68E&_rdr","article_modified_time":"2024-04-21T18:44:51+00:00","og_image":[{"url":"https:\/\/obrtkockica.hr\/dd\/wp-content\/uploads\/2017\/01\/Common-rail_Denso.png"}],"twitter_card":"summary_large_image","twitter_misc":{"Est. reading time":"3 minutes"},"schema":{"@context":"https:\/\/schema.org","@graph":[{"@type":"WebPage","@id":"https:\/\/obrtkockica.hr\/dd\/rezervni-dijelovi\/injektori-dizne\/","url":"https:\/\/obrtkockica.hr\/dd\/rezervni-dijelovi\/injektori-dizne\/","name":"INJEKTORI DIZNE PUMPE COMMON RAIL","isPartOf":{"@id":"https:\/\/obrtkockica.hr\/dd\/#website"},"primaryImageOfPage":{"@id":"https:\/\/obrtkockica.hr\/dd\/rezervni-dijelovi\/injektori-dizne\/#primaryimage"},"image":{"@id":"https:\/\/obrtkockica.hr\/dd\/rezervni-dijelovi\/injektori-dizne\/#primaryimage"},"thumbnailUrl":"https:\/\/obrtkockica.hr\/dd\/wp-content\/uploads\/2017\/01\/Common-rail_Denso.png","datePublished":"2017-01-08T02:59:29+00:00","dateModified":"2024-04-21T18:44:51+00:00","description":"INJEKTORI DIZNE PUMPE,COMMON RAIL ZA INDUSTRIJSKE MOTORE, KAMIONE, AUTOMOBILE, TRAKTORE, BRODOVE,DENSO, ZEXEL, BOSCH, DELPHI, SIEMENS VDO","breadcrumb":{"@id":"https:\/\/obrtkockica.hr\/dd\/rezervni-dijelovi\/injektori-dizne\/#breadcrumb"},"inLanguage":"en-US","potentialAction":[{"@type":"ReadAction","target":["https:\/\/obrtkockica.hr\/dd\/rezervni-dijelovi\/injektori-dizne\/"]}]},{"@type":"ImageObject","inLanguage":"en-US","@id":"https:\/\/obrtkockica.hr\/dd\/rezervni-dijelovi\/injektori-dizne\/#primaryimage","url":"https:\/\/obrtkockica.hr\/dd\/wp-content\/uploads\/2017\/01\/Common-rail_Denso.png","contentUrl":"https:\/\/obrtkockica.hr\/dd\/wp-content\/uploads\/2017\/01\/Common-rail_Denso.png"},{"@type":"BreadcrumbList","@id":"https:\/\/obrtkockica.hr\/dd\/rezervni-dijelovi\/injektori-dizne\/#breadcrumb","itemListElement":[{"@type":"ListItem","position":1,"name":"Home","item":"https:\/\/obrtkockica.hr\/dd\/"},{"@type":"ListItem","position":2,"name":"REZERVNI DIJELOVI","item":"https:\/\/obrtkockica.hr\/dd\/rezervni-dijelovi\/"},{"@type":"ListItem","position":3,"name":"INJEKTORI DIZNE"}]},{"@type":"WebSite","@id":"https:\/\/obrtkockica.hr\/dd\/#website","url":"https:\/\/obrtkockica.hr\/dd\/","name":"Diesel dijelovi d.o.o.","description":"Rezervni dijelovi za gra\u0111evinske strojeve, brodove, vili\u010dare, poljoprivredne strojeve","publisher":{"@id":"https:\/\/obrtkockica.hr\/dd\/#organization"},"potentialAction":[{"@type":"SearchAction","target":{"@type":"EntryPoint","urlTemplate":"https:\/\/obrtkockica.hr\/dd\/?s={search_term_string}"},"query-input":"required name=search_term_string"}],"inLanguage":"en-US"},{"@type":"Organization","@id":"https:\/\/obrtkockica.hr\/dd\/#organization","name":"Diesel dijelovi d.o.o.","url":"https:\/\/obrtkockica.hr\/dd\/","logo":{"@type":"ImageObject","inLanguage":"en-US","@id":"https:\/\/obrtkockica.hr\/dd\/#\/schema\/logo\/image\/","url":"https:\/\/obrtkockica.hr\/dd\/wp-content\/uploads\/2024\/01\/s01-1.png","contentUrl":"https:\/\/obrtkockica.hr\/dd\/wp-content\/uploads\/2024\/01\/s01-1.png","width":970,"height":240,"caption":"Diesel dijelovi d.o.o."},"image":{"@id":"https:\/\/obrtkockica.hr\/dd\/#\/schema\/logo\/image\/"},"sameAs":["https:\/\/www.facebook.com\/p\/Diesel-Dijelovi-doo-100064110154834\/?paipv=0&eav=AfYnuqWpCqdovRazjbzrCZNjFjnIrq4c6PcPzqbGHvjZZ1ANQ4dStPqIEkAEUHAE68E&_rdr"]}]}},"_links":{"self":[{"href":"https:\/\/obrtkockica.hr\/dd\/wp-json\/wp\/v2\/pages\/1478","targetHints":{"allow":["GET"]}}],"collection":[{"href":"https:\/\/obrtkockica.hr\/dd\/wp-json\/wp\/v2\/pages"}],"about":[{"href":"https:\/\/obrtkockica.hr\/dd\/wp-json\/wp\/v2\/types\/page"}],"author":[{"embeddable":true,"href":"https:\/\/obrtkockica.hr\/dd\/wp-json\/wp\/v2\/users\/2"}],"replies":[{"embeddable":true,"href":"https:\/\/obrtkockica.hr\/dd\/wp-json\/wp\/v2\/comments?post=1478"}],"version-history":[{"count":10,"href":"https:\/\/obrtkockica.hr\/dd\/wp-json\/wp\/v2\/pages\/1478\/revisions"}],"predecessor-version":[{"id":2210,"href":"https:\/\/obrtkockica.hr\/dd\/wp-json\/wp\/v2\/pages\/1478\/revisions\/2210"}],"up":[{"embeddable":true,"href":"https:\/\/obrtkockica.hr\/dd\/wp-json\/wp\/v2\/pages\/1470"}],"wp:attachment":[{"href":"https:\/\/obrtkockica.hr\/dd\/wp-json\/wp\/v2\/media?parent=1478"}],"curies":[{"name":"wp","href":"https:\/\/api.w.org\/{rel}","templated":true}]}}