{"id":1471,"date":"2017-01-08T03:26:03","date_gmt":"2017-01-08T02:26:03","guid":{"rendered":"http:\/\/dieseldijelovi.com\/?page_id=734"},"modified":"2023-11-06T13:14:08","modified_gmt":"2023-11-06T13:14:08","slug":"donji-postroj","status":"publish","type":"page","link":"https:\/\/obrtkockica.hr\/dd\/rezervni-dijelovi\/donji-postroj\/","title":{"rendered":"DONJI POSTROJ"},"content":{"rendered":"<p>Donji postroj<\/p>\n<h2>sastoji se od :<\/h2>\n<p><a href=\"https:\/\/obrtkockica.hr\/dd\/wp-content\/uploads\/2017\/01\/Donji-postroj.png\" data-rel=\"penci-gallery-image-content\" ><img fetchpriority=\"high\" decoding=\"async\" class=\"aligncenter wp-image-824 \" src=\"https:\/\/obrtkockica.hr\/dd\/wp-content\/uploads\/2017\/01\/Donji-postroj.png\" alt=\"Donji postroj\" width=\"400\" height=\"288\" srcset=\"https:\/\/obrtkockica.hr\/dd\/wp-content\/uploads\/2017\/01\/Donji-postroj.png 450w, https:\/\/obrtkockica.hr\/dd\/wp-content\/uploads\/2017\/01\/Donji-postroj-300x216.png 300w\" sizes=\"(max-width: 400px) 100vw, 400px\" \/><\/a><\/p>\n<ul>\n<li>\n<h2>LANCA GUSJENICE \u00a0na koji se vijcima i maticama pri\u010dvr\u0161\u0107uju stope ili papu\u010de gusjenice<\/h2>\n<\/li>\n<\/ul>\n<p><a href=\"https:\/\/obrtkockica.hr\/dd\/wp-content\/uploads\/2017\/01\/Lanac-gusjenice.png\" data-rel=\"penci-gallery-image-content\" ><img decoding=\"async\" class=\" wp-image-825 alignleft\" src=\"https:\/\/obrtkockica.hr\/dd\/wp-content\/uploads\/2017\/01\/Lanac-gusjenice.png\" alt=\"Lanac gusjenice\" width=\"227\" height=\"166\" \/><\/a><a href=\"https:\/\/obrtkockica.hr\/dd\/wp-content\/uploads\/2017\/01\/Lancgusjenice.png\" data-rel=\"penci-gallery-image-content\" ><img decoding=\"async\" class=\" wp-image-826 alignleft\" src=\"https:\/\/obrtkockica.hr\/dd\/wp-content\/uploads\/2017\/01\/Lancgusjenice.png\" alt=\"Lancgusjenice\" width=\"221\" height=\"146\" srcset=\"https:\/\/obrtkockica.hr\/dd\/wp-content\/uploads\/2017\/01\/Lancgusjenice.png 275w, https:\/\/obrtkockica.hr\/dd\/wp-content\/uploads\/2017\/01\/Lancgusjenice-263x175.png 263w\" sizes=\"(max-width: 221px) 100vw, 221px\" \/><\/a><\/p>\n<ul>\n<li>\n<h2>STOPE ili PAPU\u010cE GUSJENICE<\/h2>\n<\/li>\n<\/ul>\n<p><a href=\"https:\/\/obrtkockica.hr\/dd\/wp-content\/uploads\/2017\/01\/Stopa.png\" data-rel=\"penci-gallery-image-content\" ><img loading=\"lazy\" decoding=\"async\" class=\"size-full wp-image-827 aligncenter\" src=\"https:\/\/obrtkockica.hr\/dd\/wp-content\/uploads\/2017\/01\/Stopa.png\" alt=\"Stopa\" width=\"92\" height=\"107\" \/><\/a><\/p>\n<ul>\n<li>\n<h2>DONJIH ROLKI<\/h2>\n<\/li>\n<\/ul>\n<p><a href=\"https:\/\/obrtkockica.hr\/dd\/wp-content\/uploads\/2017\/01\/Donja-rolka.png\" data-rel=\"penci-gallery-image-content\" ><img loading=\"lazy\" decoding=\"async\" class=\"aligncenter wp-image-828\" src=\"https:\/\/obrtkockica.hr\/dd\/wp-content\/uploads\/2017\/01\/Donja-rolka.png\" alt=\"Donja rolka\" width=\"206\" height=\"186\" \/><\/a><\/p>\n<ul>\n<li>\n<h2>GORNJIH ROLKI<\/h2>\n<\/li>\n<\/ul>\n<p><a href=\"https:\/\/obrtkockica.hr\/dd\/wp-content\/uploads\/2017\/01\/Gornja-rolka.png\" data-rel=\"penci-gallery-image-content\" ><img loading=\"lazy\" decoding=\"async\" class=\"aligncenter wp-image-829\" src=\"https:\/\/obrtkockica.hr\/dd\/wp-content\/uploads\/2017\/01\/Gornja-rolka.png\" alt=\"Gornja rolka\" width=\"206\" height=\"205\" srcset=\"https:\/\/obrtkockica.hr\/dd\/wp-content\/uploads\/2017\/01\/Gornja-rolka.png 250w, https:\/\/obrtkockica.hr\/dd\/wp-content\/uploads\/2017\/01\/Gornja-rolka-150x150.png 150w\" sizes=\"(max-width: 206px) 100vw, 206px\" \/><\/a><\/p>\n<ul>\n<li>\n<h2>POGONSKOG KOTA\u010cA (SPROCKET)<\/h2>\n<\/li>\n<\/ul>\n<p><a href=\"https:\/\/obrtkockica.hr\/dd\/wp-content\/uploads\/2017\/01\/Pogonski-kotac.png\" data-rel=\"penci-gallery-image-content\" ><img loading=\"lazy\" decoding=\"async\" class=\"aligncenter wp-image-830\" src=\"https:\/\/obrtkockica.hr\/dd\/wp-content\/uploads\/2017\/01\/Pogonski-kotac.png\" alt=\"Pogonski kota\u010d\" width=\"198\" height=\"171\" \/><\/a><\/p>\n<ul>\n<li>\n<h2>NATEZA\u010c ILI ZATEZA\u010cA u ponudi imamo rabljenih i repariranih nateza\u010da<\/h2>\n<\/li>\n<\/ul>\n<p><a href=\"https:\/\/obrtkockica.hr\/dd\/wp-content\/uploads\/2017\/01\/Opruga-natezaca.png\" data-rel=\"penci-gallery-image-content\" ><img loading=\"lazy\" decoding=\"async\" class=\"aligncenter wp-image-831\" src=\"http:\/\/dieseldijelovi.com\/wp-content\/uploads\/2017\/01\/Opruga-nateza\u010da-300x230.png\" alt=\"Opruga nateza\u010da\" width=\"243\" height=\"186\" \/><\/a><\/p>\n<p style=\"text-align: center;\">\n<p style=\"text-align: center;\">\n<h2 style=\"text-align: left;\">Istro\u0161enost komponenti mogu dovesti do o\u0161te\u0107enja ostalih dijelova donjeg postroja.<\/h2>\n<h2 style=\"text-align: left;\">Kvaliteta materijala vrlo je va\u017ena za donji postroj.<\/h2>\n<h2>U ponudi imamo kvalitetne dijelove donjeg postroja vrhunske kvalitete svih renomiranih proizvo\u0111a\u010da gra\u0111evinske oprem JCB; CATERPILLAR; KOMATSU; NEW HOLLAND; FIAT HITACHI i svi ostali.<\/h2>\n<p>[\/fusion_builder_column][\/fusion_builder_row][\/fusion_builder_container]<\/p>\n<p>GARANCIJA na sve dijelove je 6 mjeseci od izdanog ra\u010duna.<\/p>\n<p>Garancija ne vrijedi ukoliko dijelovi nisu ugra\u0111eni kod ovla\u0161tenog servisa.<\/p>\n<p>Garancija ne vrijedi ukoliko kupac koristi rabljene ili dijelove drugogog proizvo\u0111a\u010da uz na\u0161e dijelove.<\/p>\n","protected":false},"excerpt":{"rendered":"<p>Donji postroj sastoji se od : LANCA GUSJENICE \u00a0na koji se vijcima i maticama&hellip;<\/p>\n","protected":false},"author":2,"featured_media":0,"parent":1470,"menu_order":0,"comment_status":"closed","ping_status":"closed","template":"","meta":{"footnotes":""},"class_list":["post-1471","page","type-page","status-publish","hentry"],"yoast_head":"<!-- This site is optimized with the Yoast SEO plugin v22.5 - https:\/\/yoast.com\/wordpress\/plugins\/seo\/ -->\n<title>DONJI POSTROJ-PODVOZJE ZA GRA\u0110EVINSKE STROJEVE -Diesel Dijelovi d.o.o.<\/title>\n<meta name=\"description\" content=\"Donji postroj , lanci gusjenica, papu\u010de gusjenica, vijak gusjenica, donje rolke , gornje rolke, pogonski kota\u010d, vode\u0107i kota\u010d, nateza\u010d 098\/894 684\" \/>\n<meta name=\"robots\" content=\"index, follow, max-snippet:-1, max-image-preview:large, max-video-preview:-1\" \/>\n<link rel=\"canonical\" href=\"https:\/\/obrtkockica.hr\/dd\/rezervni-dijelovi\/donji-postroj\/\" \/>\n<meta property=\"og:locale\" content=\"en_US\" \/>\n<meta property=\"og:type\" content=\"article\" \/>\n<meta property=\"og:title\" content=\"DONJI POSTROJ-PODVOZJE ZA GRA\u0110EVINSKE STROJEVE -Diesel Dijelovi d.o.o.\" \/>\n<meta property=\"og:description\" content=\"Donji postroj , lanci gusjenica, papu\u010de gusjenica, vijak gusjenica, donje rolke , gornje rolke, pogonski kota\u010d, vode\u0107i kota\u010d, nateza\u010d 098\/894 684\" \/>\n<meta property=\"og:url\" content=\"https:\/\/obrtkockica.hr\/dd\/rezervni-dijelovi\/donji-postroj\/\" \/>\n<meta property=\"og:site_name\" content=\"Diesel dijelovi d.o.o.\" \/>\n<meta property=\"article:publisher\" content=\"https:\/\/www.facebook.com\/p\/Diesel-Dijelovi-doo-100064110154834\/?paipv=0&amp;eav=AfYnuqWpCqdovRazjbzrCZNjFjnIrq4c6PcPzqbGHvjZZ1ANQ4dStPqIEkAEUHAE68E&amp;_rdr\" \/>\n<meta property=\"article:modified_time\" content=\"2023-11-06T13:14:08+00:00\" \/>\n<meta property=\"og:image\" content=\"https:\/\/obrtkockica.hr\/dd\/wp-content\/uploads\/2017\/01\/Donji-postroj.png\" \/>\n<meta name=\"twitter:card\" content=\"summary_large_image\" \/>\n<meta name=\"twitter:label1\" content=\"Est. reading time\" \/>\n\t<meta name=\"twitter:data1\" content=\"1 minute\" \/>\n<script type=\"application\/ld+json\" class=\"yoast-schema-graph\">{\"@context\":\"https:\/\/schema.org\",\"@graph\":[{\"@type\":\"WebPage\",\"@id\":\"https:\/\/obrtkockica.hr\/dd\/rezervni-dijelovi\/donji-postroj\/\",\"url\":\"https:\/\/obrtkockica.hr\/dd\/rezervni-dijelovi\/donji-postroj\/\",\"name\":\"DONJI POSTROJ-PODVOZJE ZA GRA\u0110EVINSKE STROJEVE -Diesel Dijelovi d.o.o.\",\"isPartOf\":{\"@id\":\"https:\/\/obrtkockica.hr\/dd\/#website\"},\"primaryImageOfPage\":{\"@id\":\"https:\/\/obrtkockica.hr\/dd\/rezervni-dijelovi\/donji-postroj\/#primaryimage\"},\"image\":{\"@id\":\"https:\/\/obrtkockica.hr\/dd\/rezervni-dijelovi\/donji-postroj\/#primaryimage\"},\"thumbnailUrl\":\"https:\/\/obrtkockica.hr\/dd\/wp-content\/uploads\/2017\/01\/Donji-postroj.png\",\"datePublished\":\"2017-01-08T02:26:03+00:00\",\"dateModified\":\"2023-11-06T13:14:08+00:00\",\"description\":\"Donji postroj , lanci gusjenica, papu\u010de gusjenica, vijak gusjenica, donje rolke , gornje rolke, pogonski kota\u010d, vode\u0107i kota\u010d, nateza\u010d 098\/894 684\",\"breadcrumb\":{\"@id\":\"https:\/\/obrtkockica.hr\/dd\/rezervni-dijelovi\/donji-postroj\/#breadcrumb\"},\"inLanguage\":\"en-US\",\"potentialAction\":[{\"@type\":\"ReadAction\",\"target\":[\"https:\/\/obrtkockica.hr\/dd\/rezervni-dijelovi\/donji-postroj\/\"]}]},{\"@type\":\"ImageObject\",\"inLanguage\":\"en-US\",\"@id\":\"https:\/\/obrtkockica.hr\/dd\/rezervni-dijelovi\/donji-postroj\/#primaryimage\",\"url\":\"https:\/\/obrtkockica.hr\/dd\/wp-content\/uploads\/2017\/01\/Donji-postroj.png\",\"contentUrl\":\"https:\/\/obrtkockica.hr\/dd\/wp-content\/uploads\/2017\/01\/Donji-postroj.png\"},{\"@type\":\"BreadcrumbList\",\"@id\":\"https:\/\/obrtkockica.hr\/dd\/rezervni-dijelovi\/donji-postroj\/#breadcrumb\",\"itemListElement\":[{\"@type\":\"ListItem\",\"position\":1,\"name\":\"Home\",\"item\":\"https:\/\/obrtkockica.hr\/dd\/\"},{\"@type\":\"ListItem\",\"position\":2,\"name\":\"REZERVNI DIJELOVI\",\"item\":\"https:\/\/obrtkockica.hr\/dd\/rezervni-dijelovi\/\"},{\"@type\":\"ListItem\",\"position\":3,\"name\":\"DONJI POSTROJ\"}]},{\"@type\":\"WebSite\",\"@id\":\"https:\/\/obrtkockica.hr\/dd\/#website\",\"url\":\"https:\/\/obrtkockica.hr\/dd\/\",\"name\":\"Diesel dijelovi d.o.o.\",\"description\":\"Rezervni dijelovi za gra\u0111evinske strojeve, brodove, vili\u010dare, poljoprivredne strojeve\",\"publisher\":{\"@id\":\"https:\/\/obrtkockica.hr\/dd\/#organization\"},\"potentialAction\":[{\"@type\":\"SearchAction\",\"target\":{\"@type\":\"EntryPoint\",\"urlTemplate\":\"https:\/\/obrtkockica.hr\/dd\/?s={search_term_string}\"},\"query-input\":\"required name=search_term_string\"}],\"inLanguage\":\"en-US\"},{\"@type\":\"Organization\",\"@id\":\"https:\/\/obrtkockica.hr\/dd\/#organization\",\"name\":\"Diesel dijelovi d.o.o.\",\"url\":\"https:\/\/obrtkockica.hr\/dd\/\",\"logo\":{\"@type\":\"ImageObject\",\"inLanguage\":\"en-US\",\"@id\":\"https:\/\/obrtkockica.hr\/dd\/#\/schema\/logo\/image\/\",\"url\":\"https:\/\/obrtkockica.hr\/dd\/wp-content\/uploads\/2024\/01\/s01-1.png\",\"contentUrl\":\"https:\/\/obrtkockica.hr\/dd\/wp-content\/uploads\/2024\/01\/s01-1.png\",\"width\":970,\"height\":240,\"caption\":\"Diesel dijelovi d.o.o.\"},\"image\":{\"@id\":\"https:\/\/obrtkockica.hr\/dd\/#\/schema\/logo\/image\/\"},\"sameAs\":[\"https:\/\/www.facebook.com\/p\/Diesel-Dijelovi-doo-100064110154834\/?paipv=0&eav=AfYnuqWpCqdovRazjbzrCZNjFjnIrq4c6PcPzqbGHvjZZ1ANQ4dStPqIEkAEUHAE68E&_rdr\"]}]}<\/script>\n<!-- \/ Yoast SEO plugin. -->","yoast_head_json":{"title":"DONJI POSTROJ-PODVOZJE ZA GRA\u0110EVINSKE STROJEVE -Diesel Dijelovi d.o.o.","description":"Donji postroj , lanci gusjenica, papu\u010de gusjenica, vijak gusjenica, donje rolke , gornje rolke, pogonski kota\u010d, vode\u0107i kota\u010d, nateza\u010d 098\/894 684","robots":{"index":"index","follow":"follow","max-snippet":"max-snippet:-1","max-image-preview":"max-image-preview:large","max-video-preview":"max-video-preview:-1"},"canonical":"https:\/\/obrtkockica.hr\/dd\/rezervni-dijelovi\/donji-postroj\/","og_locale":"en_US","og_type":"article","og_title":"DONJI POSTROJ-PODVOZJE ZA GRA\u0110EVINSKE STROJEVE -Diesel Dijelovi d.o.o.","og_description":"Donji postroj , lanci gusjenica, papu\u010de gusjenica, vijak gusjenica, donje rolke , gornje rolke, pogonski kota\u010d, vode\u0107i kota\u010d, nateza\u010d 098\/894 684","og_url":"https:\/\/obrtkockica.hr\/dd\/rezervni-dijelovi\/donji-postroj\/","og_site_name":"Diesel dijelovi d.o.o.","article_publisher":"https:\/\/www.facebook.com\/p\/Diesel-Dijelovi-doo-100064110154834\/?paipv=0&eav=AfYnuqWpCqdovRazjbzrCZNjFjnIrq4c6PcPzqbGHvjZZ1ANQ4dStPqIEkAEUHAE68E&_rdr","article_modified_time":"2023-11-06T13:14:08+00:00","og_image":[{"url":"https:\/\/obrtkockica.hr\/dd\/wp-content\/uploads\/2017\/01\/Donji-postroj.png"}],"twitter_card":"summary_large_image","twitter_misc":{"Est. reading time":"1 minute"},"schema":{"@context":"https:\/\/schema.org","@graph":[{"@type":"WebPage","@id":"https:\/\/obrtkockica.hr\/dd\/rezervni-dijelovi\/donji-postroj\/","url":"https:\/\/obrtkockica.hr\/dd\/rezervni-dijelovi\/donji-postroj\/","name":"DONJI POSTROJ-PODVOZJE ZA GRA\u0110EVINSKE STROJEVE -Diesel Dijelovi d.o.o.","isPartOf":{"@id":"https:\/\/obrtkockica.hr\/dd\/#website"},"primaryImageOfPage":{"@id":"https:\/\/obrtkockica.hr\/dd\/rezervni-dijelovi\/donji-postroj\/#primaryimage"},"image":{"@id":"https:\/\/obrtkockica.hr\/dd\/rezervni-dijelovi\/donji-postroj\/#primaryimage"},"thumbnailUrl":"https:\/\/obrtkockica.hr\/dd\/wp-content\/uploads\/2017\/01\/Donji-postroj.png","datePublished":"2017-01-08T02:26:03+00:00","dateModified":"2023-11-06T13:14:08+00:00","description":"Donji postroj , lanci gusjenica, papu\u010de gusjenica, vijak gusjenica, donje rolke , gornje rolke, pogonski kota\u010d, vode\u0107i kota\u010d, nateza\u010d 098\/894 684","breadcrumb":{"@id":"https:\/\/obrtkockica.hr\/dd\/rezervni-dijelovi\/donji-postroj\/#breadcrumb"},"inLanguage":"en-US","potentialAction":[{"@type":"ReadAction","target":["https:\/\/obrtkockica.hr\/dd\/rezervni-dijelovi\/donji-postroj\/"]}]},{"@type":"ImageObject","inLanguage":"en-US","@id":"https:\/\/obrtkockica.hr\/dd\/rezervni-dijelovi\/donji-postroj\/#primaryimage","url":"https:\/\/obrtkockica.hr\/dd\/wp-content\/uploads\/2017\/01\/Donji-postroj.png","contentUrl":"https:\/\/obrtkockica.hr\/dd\/wp-content\/uploads\/2017\/01\/Donji-postroj.png"},{"@type":"BreadcrumbList","@id":"https:\/\/obrtkockica.hr\/dd\/rezervni-dijelovi\/donji-postroj\/#breadcrumb","itemListElement":[{"@type":"ListItem","position":1,"name":"Home","item":"https:\/\/obrtkockica.hr\/dd\/"},{"@type":"ListItem","position":2,"name":"REZERVNI DIJELOVI","item":"https:\/\/obrtkockica.hr\/dd\/rezervni-dijelovi\/"},{"@type":"ListItem","position":3,"name":"DONJI POSTROJ"}]},{"@type":"WebSite","@id":"https:\/\/obrtkockica.hr\/dd\/#website","url":"https:\/\/obrtkockica.hr\/dd\/","name":"Diesel dijelovi d.o.o.","description":"Rezervni dijelovi za gra\u0111evinske strojeve, brodove, vili\u010dare, poljoprivredne strojeve","publisher":{"@id":"https:\/\/obrtkockica.hr\/dd\/#organization"},"potentialAction":[{"@type":"SearchAction","target":{"@type":"EntryPoint","urlTemplate":"https:\/\/obrtkockica.hr\/dd\/?s={search_term_string}"},"query-input":"required name=search_term_string"}],"inLanguage":"en-US"},{"@type":"Organization","@id":"https:\/\/obrtkockica.hr\/dd\/#organization","name":"Diesel dijelovi d.o.o.","url":"https:\/\/obrtkockica.hr\/dd\/","logo":{"@type":"ImageObject","inLanguage":"en-US","@id":"https:\/\/obrtkockica.hr\/dd\/#\/schema\/logo\/image\/","url":"https:\/\/obrtkockica.hr\/dd\/wp-content\/uploads\/2024\/01\/s01-1.png","contentUrl":"https:\/\/obrtkockica.hr\/dd\/wp-content\/uploads\/2024\/01\/s01-1.png","width":970,"height":240,"caption":"Diesel dijelovi d.o.o."},"image":{"@id":"https:\/\/obrtkockica.hr\/dd\/#\/schema\/logo\/image\/"},"sameAs":["https:\/\/www.facebook.com\/p\/Diesel-Dijelovi-doo-100064110154834\/?paipv=0&eav=AfYnuqWpCqdovRazjbzrCZNjFjnIrq4c6PcPzqbGHvjZZ1ANQ4dStPqIEkAEUHAE68E&_rdr"]}]}},"_links":{"self":[{"href":"https:\/\/obrtkockica.hr\/dd\/wp-json\/wp\/v2\/pages\/1471","targetHints":{"allow":["GET"]}}],"collection":[{"href":"https:\/\/obrtkockica.hr\/dd\/wp-json\/wp\/v2\/pages"}],"about":[{"href":"https:\/\/obrtkockica.hr\/dd\/wp-json\/wp\/v2\/types\/page"}],"author":[{"embeddable":true,"href":"https:\/\/obrtkockica.hr\/dd\/wp-json\/wp\/v2\/users\/2"}],"replies":[{"embeddable":true,"href":"https:\/\/obrtkockica.hr\/dd\/wp-json\/wp\/v2\/comments?post=1471"}],"version-history":[{"count":1,"href":"https:\/\/obrtkockica.hr\/dd\/wp-json\/wp\/v2\/pages\/1471\/revisions"}],"predecessor-version":[{"id":1542,"href":"https:\/\/obrtkockica.hr\/dd\/wp-json\/wp\/v2\/pages\/1471\/revisions\/1542"}],"up":[{"embeddable":true,"href":"https:\/\/obrtkockica.hr\/dd\/wp-json\/wp\/v2\/pages\/1470"}],"wp:attachment":[{"href":"https:\/\/obrtkockica.hr\/dd\/wp-json\/wp\/v2\/media?parent=1471"}],"curies":[{"name":"wp","href":"https:\/\/api.w.org\/{rel}","templated":true}]}}