{"id":143,"date":"2015-11-22T17:35:02","date_gmt":"2015-11-22T16:35:02","guid":{"rendered":"http:\/\/dieseldijelovi.com\/?page_id=143"},"modified":"2024-04-21T18:16:53","modified_gmt":"2024-04-21T18:16:53","slug":"anlaser-alternator","status":"publish","type":"page","link":"https:\/\/obrtkockica.hr\/dd\/rezervni-dijelovi\/anlaser-alternator\/","title":{"rendered":"ANLASER-ALTERNATOR"},"content":{"rendered":"\t\t<div data-elementor-type=\"wp-page\" data-elementor-id=\"143\" class=\"elementor elementor-143\" data-elementor-post-type=\"page\">\n\t\t\t\t<div class=\"elementor-element elementor-element-75ca19b e-flex e-con-boxed e-con e-parent\" data-id=\"75ca19b\" data-element_type=\"container\">\n\t\t\t\t\t<div class=\"e-con-inner\">\n\t\t\t\t<div class=\"elementor-element elementor-element-757a0be elementor-align-center elementor-widget elementor-widget-button\" data-id=\"757a0be\" data-element_type=\"widget\" data-widget_type=\"button.default\">\n\t\t\t\t<div class=\"elementor-widget-container\">\n\t\t\t\t\t<div class=\"elementor-button-wrapper\">\n\t\t\t<a class=\"elementor-button elementor-button-link elementor-size-xl\" href=\"tel:+38598894684\">\n\t\t\t\t\t\t<span class=\"elementor-button-content-wrapper\">\n\t\t\t\t\t\t<span class=\"elementor-button-icon elementor-align-icon-left\">\n\t\t\t\t<svg aria-hidden=\"true\" class=\"e-font-icon-svg e-fas-phone-alt\" viewBox=\"0 0 512 512\" xmlns=\"http:\/\/www.w3.org\/2000\/svg\"><path d=\"M497.39 361.8l-112-48a24 24 0 0 0-28 6.9l-49.6 60.6A370.66 370.66 0 0 1 130.6 204.11l60.6-49.6a23.94 23.94 0 0 0 6.9-28l-48-112A24.16 24.16 0 0 0 122.6.61l-104 24A24 24 0 0 0 0 48c0 256.5 207.9 464 464 464a24 24 0 0 0 23.4-18.6l24-104a24.29 24.29 0 0 0-14.01-27.6z\"><\/path><\/svg>\t\t\t<\/span>\n\t\t\t\t\t\t\t\t\t<span class=\"elementor-button-text\">KLIKNI I NAZOVI<\/span>\n\t\t\t\t\t<\/span>\n\t\t\t\t\t<\/a>\n\t\t<\/div>\n\t\t\t\t<\/div>\n\t\t\t\t<\/div>\n\t\t\t\t\t<\/div>\n\t\t\t\t<\/div>\n\t\t<div class=\"elementor-element elementor-element-661765a e-flex e-con-boxed e-con e-parent\" data-id=\"661765a\" data-element_type=\"container\">\n\t\t\t\t\t<div class=\"e-con-inner\">\n\t\t\t\t<div class=\"elementor-element elementor-element-ae5400f elementor-align-center elementor-widget elementor-widget-button\" data-id=\"ae5400f\" data-element_type=\"widget\" data-widget_type=\"button.default\">\n\t\t\t\t<div class=\"elementor-widget-container\">\n\t\t\t\t\t<div class=\"elementor-button-wrapper\">\n\t\t\t<a class=\"elementor-button elementor-button-link elementor-size-xl\" href=\"mailto:info@dieseldijelovi.com\">\n\t\t\t\t\t\t<span class=\"elementor-button-content-wrapper\">\n\t\t\t\t\t\t<span class=\"elementor-button-icon elementor-align-icon-left\">\n\t\t\t\t<svg aria-hidden=\"true\" class=\"e-font-icon-svg e-far-envelope\" viewBox=\"0 0 512 512\" xmlns=\"http:\/\/www.w3.org\/2000\/svg\"><path d=\"M464 64H48C21.49 64 0 85.49 0 112v288c0 26.51 21.49 48 48 48h416c26.51 0 48-21.49 48-48V112c0-26.51-21.49-48-48-48zm0 48v40.805c-22.422 18.259-58.168 46.651-134.587 106.49-16.841 13.247-50.201 45.072-73.413 44.701-23.208.375-56.579-31.459-73.413-44.701C106.18 199.465 70.425 171.067 48 152.805V112h416zM48 400V214.398c22.914 18.251 55.409 43.862 104.938 82.646 21.857 17.205 60.134 55.186 103.062 54.955 42.717.231 80.509-37.199 103.053-54.947 49.528-38.783 82.032-64.401 104.947-82.653V400H48z\"><\/path><\/svg>\t\t\t<\/span>\n\t\t\t\t\t\t\t\t\t<span class=\"elementor-button-text\">PO\u0160ALJI E-MAIL<\/span>\n\t\t\t\t\t<\/span>\n\t\t\t\t\t<\/a>\n\t\t<\/div>\n\t\t\t\t<\/div>\n\t\t\t\t<\/div>\n\t\t\t\t\t<\/div>\n\t\t\t\t<\/div>\n\t\t<div class=\"elementor-element elementor-element-ed7df65 e-flex e-con-boxed e-con e-parent\" data-id=\"ed7df65\" data-element_type=\"container\">\n\t\t\t\t\t<div class=\"e-con-inner\">\n\t\t\t\t<div class=\"elementor-element elementor-element-6c627f4e elementor-widget elementor-widget-text-editor\" data-id=\"6c627f4e\" data-element_type=\"widget\" data-widget_type=\"text-editor.default\">\n\t\t\t\t<div class=\"elementor-widget-container\">\n\t\t\t<style>\/*! elementor - v3.21.0 - 18-04-2024 *\/\n.elementor-widget-text-editor.elementor-drop-cap-view-stacked .elementor-drop-cap{background-color:#69727d;color:#fff}.elementor-widget-text-editor.elementor-drop-cap-view-framed .elementor-drop-cap{color:#69727d;border:3px solid;background-color:transparent}.elementor-widget-text-editor:not(.elementor-drop-cap-view-default) .elementor-drop-cap{margin-top:8px}.elementor-widget-text-editor:not(.elementor-drop-cap-view-default) .elementor-drop-cap-letter{width:1em;height:1em}.elementor-widget-text-editor .elementor-drop-cap{float:left;text-align:center;line-height:1;font-size:50px}.elementor-widget-text-editor .elementor-drop-cap-letter{display:inline-block}<\/style>\t\t\t\t<p>ANLASER &#8211; ALTERNATOR<\/p><div id=\"attachment_510\" style=\"width: 160px\" class=\"wp-caption alignnone\"><a href=\"https:\/\/obrtkockica.hr\/dd\/wp-content\/uploads\/2015\/11\/Starter2.png\" data-rel=\"penci-gallery-image-content\" ><img decoding=\"async\" aria-describedby=\"caption-attachment-510\" class=\"wp-image-510 size-thumbnail\" src=\"https:\/\/obrtkockica.hr\/dd\/wp-content\/uploads\/2015\/11\/Starter2-150x150.png\" alt=\"ANLASER\" width=\"150\" height=\"150\" \/><\/a><p id=\"caption-attachment-510\" class=\"wp-caption-text\">ANLASER<\/p><\/div><h3>Veliki izbor i NAJNI\u017dE CIJENE ANLASERA i ALTERNATORA. Anlaseri za BRODOVE, TRAKTORE, \u00a0GRA\u0110EVINSKE STROJEVE, KAMIONE, AUTOMOBILE.<\/h3><h3><span style=\"color: #ff0000;\">ISPORUKA SA LAGERA ILI ZA 1.DAN !!<\/span><\/h3><h3>Denso, Nikko, Bosch, Valeo, Mitsubishi, Delco Remy, Iskra, Prestolite i ostale marke mo\u017eemo ponuditi za Va\u0161e strojeve.<\/h3><h3>Na\u0161a ponuda rezervnih dijelova za popravak i servis:<\/h3><ul><li><h3>ku\u010di\u0161te<\/h3><\/li><li><h3>stator<\/h3><\/li><li><h3>rotor<\/h3><\/li><li><h3>automat<\/h3><\/li><li><h3>zup\u010danik<\/h3><\/li><li><h3>\u00a0\u010detkice i dr\u017ea\u010di \u010detkica<\/h3><\/li><li><h3>bendiks<\/h3><\/li><li><h3>le\u017eajevi<\/h3><\/li><\/ul><h3>Anlasere po snazi mo\u017eemo ponuditi od 0,2kw do 12kw.<\/h3><h3>Anlaser, starter ili elktro-pokreta\u010d.<br \/>To je vrsta istosmjernog elektro motora napravljena sa funkcijom startanja diesel, benzinskog ili plinskog motora.<br \/>Redovni servis \u00a0anlasera u koji ulazi pregled rotora, \u010detkica, le\u017eajeva, podmazivanje le\u017eajeva potrebno je napraviti svaku godinu dana, ili i ranije s obzirom na uvjete rada.<\/h3><h3>\u00a0<\/h3><h2><a href=\"https:\/\/obrtkockica.hr\/dd\/wp-content\/uploads\/2015\/11\/Alternator1.png\" data-rel=\"penci-gallery-image-content\" ><img fetchpriority=\"high\" decoding=\"async\" class=\"alignleft size-medium wp-image-509\" src=\"http:\/\/dieseldijelovi.com\/wp-content\/uploads\/2015\/11\/Alternator1-285x300.png\" alt=\"Alternator\" width=\"285\" height=\"300\" srcset=\"https:\/\/obrtkockica.hr\/dd\/wp-content\/uploads\/2015\/11\/Alternator1-285x300.png 285w, https:\/\/obrtkockica.hr\/dd\/wp-content\/uploads\/2015\/11\/Alternator1.png 304w\" sizes=\"(max-width: 285px) 100vw, 285px\" \/><\/a>ALTERNATOR<\/h2><h3>Alternator je ure\u0111aj koji pretvara mehani\u010dku vrtnju u elektri\u010dnu struju (generator struje).<br \/>Slu\u017ei na strojevima za punjenje akumulatora i opskrbu strujom raznih potro\u0161a\u010da na strojevima.<\/h3><p>GARANCIJA na sve dijelove je 6 mjeseci od izdanog ra\u010duna.<\/p><p>Garancija ne vrijedi ukoliko dijelovi nisu ugra\u0111eni kod ovla\u0161tenog servisa.<\/p><p>Garancija ne vrijedi ukoliko kupac koristi rabljene ili dijelove\u00a0 drugogog proizvo\u0111a\u010da uz na\u0161e dijelove.<\/p>\t\t\t\t\t\t<\/div>\n\t\t\t\t<\/div>\n\t\t\t\t\t<\/div>\n\t\t\t\t<\/div>\n\t\t<div class=\"elementor-element elementor-element-9738bc2 e-flex e-con-boxed e-con e-parent\" data-id=\"9738bc2\" data-element_type=\"container\">\n\t\t\t\t\t<div class=\"e-con-inner\">\n\t\t\t\t<div class=\"elementor-element elementor-element-bb7971a elementor-align-center elementor-widget elementor-widget-button\" data-id=\"bb7971a\" data-element_type=\"widget\" data-widget_type=\"button.default\">\n\t\t\t\t<div class=\"elementor-widget-container\">\n\t\t\t\t\t<div class=\"elementor-button-wrapper\">\n\t\t\t<a class=\"elementor-button elementor-button-link elementor-size-xl\" href=\"tel:+38598894684\">\n\t\t\t\t\t\t<span class=\"elementor-button-content-wrapper\">\n\t\t\t\t\t\t<span class=\"elementor-button-icon elementor-align-icon-left\">\n\t\t\t\t<svg aria-hidden=\"true\" class=\"e-font-icon-svg e-fas-phone-alt\" viewBox=\"0 0 512 512\" xmlns=\"http:\/\/www.w3.org\/2000\/svg\"><path d=\"M497.39 361.8l-112-48a24 24 0 0 0-28 6.9l-49.6 60.6A370.66 370.66 0 0 1 130.6 204.11l60.6-49.6a23.94 23.94 0 0 0 6.9-28l-48-112A24.16 24.16 0 0 0 122.6.61l-104 24A24 24 0 0 0 0 48c0 256.5 207.9 464 464 464a24 24 0 0 0 23.4-18.6l24-104a24.29 24.29 0 0 0-14.01-27.6z\"><\/path><\/svg>\t\t\t<\/span>\n\t\t\t\t\t\t\t\t\t<span class=\"elementor-button-text\">KLIKNI I NAZOVI<\/span>\n\t\t\t\t\t<\/span>\n\t\t\t\t\t<\/a>\n\t\t<\/div>\n\t\t\t\t<\/div>\n\t\t\t\t<\/div>\n\t\t\t\t\t<\/div>\n\t\t\t\t<\/div>\n\t\t<div class=\"elementor-element elementor-element-dc33f58 e-flex e-con-boxed e-con e-parent\" data-id=\"dc33f58\" data-element_type=\"container\">\n\t\t\t\t\t<div class=\"e-con-inner\">\n\t\t\t\t<div class=\"elementor-element elementor-element-0edb205 elementor-align-center elementor-widget elementor-widget-button\" data-id=\"0edb205\" data-element_type=\"widget\" data-widget_type=\"button.default\">\n\t\t\t\t<div class=\"elementor-widget-container\">\n\t\t\t\t\t<div class=\"elementor-button-wrapper\">\n\t\t\t<a class=\"elementor-button elementor-button-link elementor-size-xl\" href=\"mailto:info@dieseldijelovi.com\">\n\t\t\t\t\t\t<span class=\"elementor-button-content-wrapper\">\n\t\t\t\t\t\t<span class=\"elementor-button-icon elementor-align-icon-left\">\n\t\t\t\t<svg aria-hidden=\"true\" class=\"e-font-icon-svg e-far-envelope\" viewBox=\"0 0 512 512\" xmlns=\"http:\/\/www.w3.org\/2000\/svg\"><path d=\"M464 64H48C21.49 64 0 85.49 0 112v288c0 26.51 21.49 48 48 48h416c26.51 0 48-21.49 48-48V112c0-26.51-21.49-48-48-48zm0 48v40.805c-22.422 18.259-58.168 46.651-134.587 106.49-16.841 13.247-50.201 45.072-73.413 44.701-23.208.375-56.579-31.459-73.413-44.701C106.18 199.465 70.425 171.067 48 152.805V112h416zM48 400V214.398c22.914 18.251 55.409 43.862 104.938 82.646 21.857 17.205 60.134 55.186 103.062 54.955 42.717.231 80.509-37.199 103.053-54.947 49.528-38.783 82.032-64.401 104.947-82.653V400H48z\"><\/path><\/svg>\t\t\t<\/span>\n\t\t\t\t\t\t\t\t\t<span class=\"elementor-button-text\">PO\u0160ALJI E-MAIL<\/span>\n\t\t\t\t\t<\/span>\n\t\t\t\t\t<\/a>\n\t\t<\/div>\n\t\t\t\t<\/div>\n\t\t\t\t<\/div>\n\t\t\t\t\t<\/div>\n\t\t\t\t<\/div>\n\t\t\t\t<\/div>\n\t\t","protected":false},"excerpt":{"rendered":"<p>KLIKNI I NAZOVI PO\u0160ALJI E-MAIL ANLASER &#8211; ALTERNATOR Veliki izbor i NAJNI\u017dE CIJENE ANLASERA&hellip;<\/p>\n","protected":false},"author":2,"featured_media":0,"parent":1470,"menu_order":0,"comment_status":"closed","ping_status":"closed","template":"","meta":{"footnotes":""},"class_list":["post-143","page","type-page","status-publish","hentry"],"yoast_head":"<!-- This site is optimized with the Yoast SEO plugin v22.5 - https:\/\/yoast.com\/wordpress\/plugins\/seo\/ -->\n<title>ANLASER - ALTERNATOR Diesel Dijelovi d.o.o.<\/title>\n<meta name=\"description\" content=\"Veliki izbor i NAJNI\u017dE CIJENE ANLASER i ALTERNATOR. Anlaseri za GRA\u0110EVINSKE STROJEVE, BRODOVE. TRAKTORE..Brza ISPORUKA.Nazovi 098894684\" \/>\n<meta name=\"robots\" content=\"index, follow, max-snippet:-1, max-image-preview:large, max-video-preview:-1\" \/>\n<link rel=\"canonical\" href=\"https:\/\/obrtkockica.hr\/dd\/rezervni-dijelovi\/anlaser-alternator\/\" \/>\n<meta property=\"og:locale\" content=\"en_US\" \/>\n<meta property=\"og:type\" content=\"article\" \/>\n<meta property=\"og:title\" content=\"ANLASER - ALTERNATOR Diesel Dijelovi d.o.o.\" \/>\n<meta property=\"og:description\" content=\"Veliki izbor i NAJNI\u017dE CIJENE ANLASER i ALTERNATOR. Anlaseri za GRA\u0110EVINSKE STROJEVE, BRODOVE. TRAKTORE..Brza ISPORUKA.Nazovi 098894684\" \/>\n<meta property=\"og:url\" content=\"https:\/\/obrtkockica.hr\/dd\/rezervni-dijelovi\/anlaser-alternator\/\" \/>\n<meta property=\"og:site_name\" content=\"Diesel dijelovi d.o.o.\" \/>\n<meta property=\"article:publisher\" content=\"https:\/\/www.facebook.com\/p\/Diesel-Dijelovi-doo-100064110154834\/?paipv=0&amp;eav=AfYnuqWpCqdovRazjbzrCZNjFjnIrq4c6PcPzqbGHvjZZ1ANQ4dStPqIEkAEUHAE68E&amp;_rdr\" \/>\n<meta property=\"article:modified_time\" content=\"2024-04-21T18:16:53+00:00\" \/>\n<meta property=\"og:image\" content=\"https:\/\/obrtkockica.hr\/dd\/wp-content\/uploads\/2015\/11\/Starter2-150x150.png\" \/>\n<meta name=\"twitter:card\" content=\"summary_large_image\" \/>\n<meta name=\"twitter:label1\" content=\"Est. reading time\" \/>\n\t<meta name=\"twitter:data1\" content=\"2 minutes\" \/>\n<script type=\"application\/ld+json\" class=\"yoast-schema-graph\">{\"@context\":\"https:\/\/schema.org\",\"@graph\":[{\"@type\":\"WebPage\",\"@id\":\"https:\/\/obrtkockica.hr\/dd\/rezervni-dijelovi\/anlaser-alternator\/\",\"url\":\"https:\/\/obrtkockica.hr\/dd\/rezervni-dijelovi\/anlaser-alternator\/\",\"name\":\"ANLASER - ALTERNATOR Diesel Dijelovi d.o.o.\",\"isPartOf\":{\"@id\":\"https:\/\/obrtkockica.hr\/dd\/#website\"},\"primaryImageOfPage\":{\"@id\":\"https:\/\/obrtkockica.hr\/dd\/rezervni-dijelovi\/anlaser-alternator\/#primaryimage\"},\"image\":{\"@id\":\"https:\/\/obrtkockica.hr\/dd\/rezervni-dijelovi\/anlaser-alternator\/#primaryimage\"},\"thumbnailUrl\":\"https:\/\/obrtkockica.hr\/dd\/wp-content\/uploads\/2015\/11\/Starter2-150x150.png\",\"datePublished\":\"2015-11-22T16:35:02+00:00\",\"dateModified\":\"2024-04-21T18:16:53+00:00\",\"description\":\"Veliki izbor i NAJNI\u017dE CIJENE ANLASER i ALTERNATOR. Anlaseri za GRA\u0110EVINSKE STROJEVE, BRODOVE. TRAKTORE..Brza ISPORUKA.Nazovi 098894684\",\"breadcrumb\":{\"@id\":\"https:\/\/obrtkockica.hr\/dd\/rezervni-dijelovi\/anlaser-alternator\/#breadcrumb\"},\"inLanguage\":\"en-US\",\"potentialAction\":[{\"@type\":\"ReadAction\",\"target\":[\"https:\/\/obrtkockica.hr\/dd\/rezervni-dijelovi\/anlaser-alternator\/\"]}]},{\"@type\":\"ImageObject\",\"inLanguage\":\"en-US\",\"@id\":\"https:\/\/obrtkockica.hr\/dd\/rezervni-dijelovi\/anlaser-alternator\/#primaryimage\",\"url\":\"https:\/\/obrtkockica.hr\/dd\/wp-content\/uploads\/2015\/11\/Starter2.png\",\"contentUrl\":\"https:\/\/obrtkockica.hr\/dd\/wp-content\/uploads\/2015\/11\/Starter2.png\",\"width\":300,\"height\":220,\"caption\":\"Starter2\"},{\"@type\":\"BreadcrumbList\",\"@id\":\"https:\/\/obrtkockica.hr\/dd\/rezervni-dijelovi\/anlaser-alternator\/#breadcrumb\",\"itemListElement\":[{\"@type\":\"ListItem\",\"position\":1,\"name\":\"Home\",\"item\":\"https:\/\/obrtkockica.hr\/dd\/\"},{\"@type\":\"ListItem\",\"position\":2,\"name\":\"REZERVNI DIJELOVI\",\"item\":\"https:\/\/obrtkockica.hr\/dd\/rezervni-dijelovi\/\"},{\"@type\":\"ListItem\",\"position\":3,\"name\":\"ANLASER-ALTERNATOR\"}]},{\"@type\":\"WebSite\",\"@id\":\"https:\/\/obrtkockica.hr\/dd\/#website\",\"url\":\"https:\/\/obrtkockica.hr\/dd\/\",\"name\":\"Diesel dijelovi d.o.o.\",\"description\":\"Rezervni dijelovi za gra\u0111evinske strojeve, brodove, vili\u010dare, poljoprivredne strojeve\",\"publisher\":{\"@id\":\"https:\/\/obrtkockica.hr\/dd\/#organization\"},\"potentialAction\":[{\"@type\":\"SearchAction\",\"target\":{\"@type\":\"EntryPoint\",\"urlTemplate\":\"https:\/\/obrtkockica.hr\/dd\/?s={search_term_string}\"},\"query-input\":\"required name=search_term_string\"}],\"inLanguage\":\"en-US\"},{\"@type\":\"Organization\",\"@id\":\"https:\/\/obrtkockica.hr\/dd\/#organization\",\"name\":\"Diesel dijelovi d.o.o.\",\"url\":\"https:\/\/obrtkockica.hr\/dd\/\",\"logo\":{\"@type\":\"ImageObject\",\"inLanguage\":\"en-US\",\"@id\":\"https:\/\/obrtkockica.hr\/dd\/#\/schema\/logo\/image\/\",\"url\":\"https:\/\/obrtkockica.hr\/dd\/wp-content\/uploads\/2024\/01\/s01-1.png\",\"contentUrl\":\"https:\/\/obrtkockica.hr\/dd\/wp-content\/uploads\/2024\/01\/s01-1.png\",\"width\":970,\"height\":240,\"caption\":\"Diesel dijelovi d.o.o.\"},\"image\":{\"@id\":\"https:\/\/obrtkockica.hr\/dd\/#\/schema\/logo\/image\/\"},\"sameAs\":[\"https:\/\/www.facebook.com\/p\/Diesel-Dijelovi-doo-100064110154834\/?paipv=0&eav=AfYnuqWpCqdovRazjbzrCZNjFjnIrq4c6PcPzqbGHvjZZ1ANQ4dStPqIEkAEUHAE68E&_rdr\"]}]}<\/script>\n<!-- \/ Yoast SEO plugin. -->","yoast_head_json":{"title":"ANLASER - ALTERNATOR Diesel Dijelovi d.o.o.","description":"Veliki izbor i NAJNI\u017dE CIJENE ANLASER i ALTERNATOR. Anlaseri za GRA\u0110EVINSKE STROJEVE, BRODOVE. TRAKTORE..Brza ISPORUKA.Nazovi 098894684","robots":{"index":"index","follow":"follow","max-snippet":"max-snippet:-1","max-image-preview":"max-image-preview:large","max-video-preview":"max-video-preview:-1"},"canonical":"https:\/\/obrtkockica.hr\/dd\/rezervni-dijelovi\/anlaser-alternator\/","og_locale":"en_US","og_type":"article","og_title":"ANLASER - ALTERNATOR Diesel Dijelovi d.o.o.","og_description":"Veliki izbor i NAJNI\u017dE CIJENE ANLASER i ALTERNATOR. Anlaseri za GRA\u0110EVINSKE STROJEVE, BRODOVE. TRAKTORE..Brza ISPORUKA.Nazovi 098894684","og_url":"https:\/\/obrtkockica.hr\/dd\/rezervni-dijelovi\/anlaser-alternator\/","og_site_name":"Diesel dijelovi d.o.o.","article_publisher":"https:\/\/www.facebook.com\/p\/Diesel-Dijelovi-doo-100064110154834\/?paipv=0&eav=AfYnuqWpCqdovRazjbzrCZNjFjnIrq4c6PcPzqbGHvjZZ1ANQ4dStPqIEkAEUHAE68E&_rdr","article_modified_time":"2024-04-21T18:16:53+00:00","og_image":[{"url":"https:\/\/obrtkockica.hr\/dd\/wp-content\/uploads\/2015\/11\/Starter2-150x150.png"}],"twitter_card":"summary_large_image","twitter_misc":{"Est. reading time":"2 minutes"},"schema":{"@context":"https:\/\/schema.org","@graph":[{"@type":"WebPage","@id":"https:\/\/obrtkockica.hr\/dd\/rezervni-dijelovi\/anlaser-alternator\/","url":"https:\/\/obrtkockica.hr\/dd\/rezervni-dijelovi\/anlaser-alternator\/","name":"ANLASER - ALTERNATOR Diesel Dijelovi d.o.o.","isPartOf":{"@id":"https:\/\/obrtkockica.hr\/dd\/#website"},"primaryImageOfPage":{"@id":"https:\/\/obrtkockica.hr\/dd\/rezervni-dijelovi\/anlaser-alternator\/#primaryimage"},"image":{"@id":"https:\/\/obrtkockica.hr\/dd\/rezervni-dijelovi\/anlaser-alternator\/#primaryimage"},"thumbnailUrl":"https:\/\/obrtkockica.hr\/dd\/wp-content\/uploads\/2015\/11\/Starter2-150x150.png","datePublished":"2015-11-22T16:35:02+00:00","dateModified":"2024-04-21T18:16:53+00:00","description":"Veliki izbor i NAJNI\u017dE CIJENE ANLASER i ALTERNATOR. Anlaseri za GRA\u0110EVINSKE STROJEVE, BRODOVE. TRAKTORE..Brza ISPORUKA.Nazovi 098894684","breadcrumb":{"@id":"https:\/\/obrtkockica.hr\/dd\/rezervni-dijelovi\/anlaser-alternator\/#breadcrumb"},"inLanguage":"en-US","potentialAction":[{"@type":"ReadAction","target":["https:\/\/obrtkockica.hr\/dd\/rezervni-dijelovi\/anlaser-alternator\/"]}]},{"@type":"ImageObject","inLanguage":"en-US","@id":"https:\/\/obrtkockica.hr\/dd\/rezervni-dijelovi\/anlaser-alternator\/#primaryimage","url":"https:\/\/obrtkockica.hr\/dd\/wp-content\/uploads\/2015\/11\/Starter2.png","contentUrl":"https:\/\/obrtkockica.hr\/dd\/wp-content\/uploads\/2015\/11\/Starter2.png","width":300,"height":220,"caption":"Starter2"},{"@type":"BreadcrumbList","@id":"https:\/\/obrtkockica.hr\/dd\/rezervni-dijelovi\/anlaser-alternator\/#breadcrumb","itemListElement":[{"@type":"ListItem","position":1,"name":"Home","item":"https:\/\/obrtkockica.hr\/dd\/"},{"@type":"ListItem","position":2,"name":"REZERVNI DIJELOVI","item":"https:\/\/obrtkockica.hr\/dd\/rezervni-dijelovi\/"},{"@type":"ListItem","position":3,"name":"ANLASER-ALTERNATOR"}]},{"@type":"WebSite","@id":"https:\/\/obrtkockica.hr\/dd\/#website","url":"https:\/\/obrtkockica.hr\/dd\/","name":"Diesel dijelovi d.o.o.","description":"Rezervni dijelovi za gra\u0111evinske strojeve, brodove, vili\u010dare, poljoprivredne strojeve","publisher":{"@id":"https:\/\/obrtkockica.hr\/dd\/#organization"},"potentialAction":[{"@type":"SearchAction","target":{"@type":"EntryPoint","urlTemplate":"https:\/\/obrtkockica.hr\/dd\/?s={search_term_string}"},"query-input":"required name=search_term_string"}],"inLanguage":"en-US"},{"@type":"Organization","@id":"https:\/\/obrtkockica.hr\/dd\/#organization","name":"Diesel dijelovi d.o.o.","url":"https:\/\/obrtkockica.hr\/dd\/","logo":{"@type":"ImageObject","inLanguage":"en-US","@id":"https:\/\/obrtkockica.hr\/dd\/#\/schema\/logo\/image\/","url":"https:\/\/obrtkockica.hr\/dd\/wp-content\/uploads\/2024\/01\/s01-1.png","contentUrl":"https:\/\/obrtkockica.hr\/dd\/wp-content\/uploads\/2024\/01\/s01-1.png","width":970,"height":240,"caption":"Diesel dijelovi d.o.o."},"image":{"@id":"https:\/\/obrtkockica.hr\/dd\/#\/schema\/logo\/image\/"},"sameAs":["https:\/\/www.facebook.com\/p\/Diesel-Dijelovi-doo-100064110154834\/?paipv=0&eav=AfYnuqWpCqdovRazjbzrCZNjFjnIrq4c6PcPzqbGHvjZZ1ANQ4dStPqIEkAEUHAE68E&_rdr"]}]}},"_links":{"self":[{"href":"https:\/\/obrtkockica.hr\/dd\/wp-json\/wp\/v2\/pages\/143","targetHints":{"allow":["GET"]}}],"collection":[{"href":"https:\/\/obrtkockica.hr\/dd\/wp-json\/wp\/v2\/pages"}],"about":[{"href":"https:\/\/obrtkockica.hr\/dd\/wp-json\/wp\/v2\/types\/page"}],"author":[{"embeddable":true,"href":"https:\/\/obrtkockica.hr\/dd\/wp-json\/wp\/v2\/users\/2"}],"replies":[{"embeddable":true,"href":"https:\/\/obrtkockica.hr\/dd\/wp-json\/wp\/v2\/comments?post=143"}],"version-history":[{"count":7,"href":"https:\/\/obrtkockica.hr\/dd\/wp-json\/wp\/v2\/pages\/143\/revisions"}],"predecessor-version":[{"id":2167,"href":"https:\/\/obrtkockica.hr\/dd\/wp-json\/wp\/v2\/pages\/143\/revisions\/2167"}],"up":[{"embeddable":true,"href":"https:\/\/obrtkockica.hr\/dd\/wp-json\/wp\/v2\/pages\/1470"}],"wp:attachment":[{"href":"https:\/\/obrtkockica.hr\/dd\/wp-json\/wp\/v2\/media?parent=143"}],"curies":[{"name":"wp","href":"https:\/\/api.w.org\/{rel}","templated":true}]}}