{"id":133,"date":"2015-11-22T17:27:34","date_gmt":"2015-11-22T16:27:34","guid":{"rendered":"http:\/\/dieseldijelovi.com\/?page_id=133"},"modified":"2024-04-20T17:25:33","modified_gmt":"2024-04-20T17:25:33","slug":"mitsubishi-rezervni-dijelovi","status":"publish","type":"page","link":"https:\/\/obrtkockica.hr\/dd\/rezervni-dijelovi\/mitsubishi-rezervni-dijelovi\/","title":{"rendered":"MITSUBISHI"},"content":{"rendered":"\t\t<div data-elementor-type=\"wp-page\" data-elementor-id=\"133\" class=\"elementor elementor-133\" data-elementor-post-type=\"page\">\n\t\t\t\t<div class=\"elementor-element elementor-element-7a00ec9 e-flex e-con-boxed e-con e-parent\" data-id=\"7a00ec9\" data-element_type=\"container\">\n\t\t\t\t\t<div class=\"e-con-inner\">\n\t\t\t\t<div class=\"elementor-element elementor-element-d705f5f elementor-align-center elementor-widget elementor-widget-button\" data-id=\"d705f5f\" data-element_type=\"widget\" data-widget_type=\"button.default\">\n\t\t\t\t<div class=\"elementor-widget-container\">\n\t\t\t\t\t<div class=\"elementor-button-wrapper\">\n\t\t\t<a class=\"elementor-button elementor-button-link elementor-size-xl\" href=\"tel:+38598894684\">\n\t\t\t\t\t\t<span class=\"elementor-button-content-wrapper\">\n\t\t\t\t\t\t<span class=\"elementor-button-icon elementor-align-icon-left\">\n\t\t\t\t<svg aria-hidden=\"true\" class=\"e-font-icon-svg e-fas-phone-alt\" viewBox=\"0 0 512 512\" xmlns=\"http:\/\/www.w3.org\/2000\/svg\"><path d=\"M497.39 361.8l-112-48a24 24 0 0 0-28 6.9l-49.6 60.6A370.66 370.66 0 0 1 130.6 204.11l60.6-49.6a23.94 23.94 0 0 0 6.9-28l-48-112A24.16 24.16 0 0 0 122.6.61l-104 24A24 24 0 0 0 0 48c0 256.5 207.9 464 464 464a24 24 0 0 0 23.4-18.6l24-104a24.29 24.29 0 0 0-14.01-27.6z\"><\/path><\/svg>\t\t\t<\/span>\n\t\t\t\t\t\t\t\t\t<span class=\"elementor-button-text\">Nazovite nas odmah<\/span>\n\t\t\t\t\t<\/span>\n\t\t\t\t\t<\/a>\n\t\t<\/div>\n\t\t\t\t<\/div>\n\t\t\t\t<\/div>\n\t\t\t\t\t<\/div>\n\t\t\t\t<\/div>\n\t\t<div class=\"elementor-element elementor-element-5cba268 e-flex e-con-boxed e-con e-parent\" data-id=\"5cba268\" data-element_type=\"container\">\n\t\t\t\t\t<div class=\"e-con-inner\">\n\t\t\t\t<div class=\"elementor-element elementor-element-2ed09f4 elementor-align-center elementor-widget elementor-widget-button\" data-id=\"2ed09f4\" data-element_type=\"widget\" data-widget_type=\"button.default\">\n\t\t\t\t<div class=\"elementor-widget-container\">\n\t\t\t\t\t<div class=\"elementor-button-wrapper\">\n\t\t\t<a class=\"elementor-button elementor-button-link elementor-size-xl\" href=\"\">\n\t\t\t\t\t\t<span class=\"elementor-button-content-wrapper\">\n\t\t\t\t\t\t<span class=\"elementor-button-icon elementor-align-icon-left\">\n\t\t\t\t<svg aria-hidden=\"true\" class=\"e-font-icon-svg e-far-envelope\" viewBox=\"0 0 512 512\" xmlns=\"http:\/\/www.w3.org\/2000\/svg\"><path d=\"M464 64H48C21.49 64 0 85.49 0 112v288c0 26.51 21.49 48 48 48h416c26.51 0 48-21.49 48-48V112c0-26.51-21.49-48-48-48zm0 48v40.805c-22.422 18.259-58.168 46.651-134.587 106.49-16.841 13.247-50.201 45.072-73.413 44.701-23.208.375-56.579-31.459-73.413-44.701C106.18 199.465 70.425 171.067 48 152.805V112h416zM48 400V214.398c22.914 18.251 55.409 43.862 104.938 82.646 21.857 17.205 60.134 55.186 103.062 54.955 42.717.231 80.509-37.199 103.053-54.947 49.528-38.783 82.032-64.401 104.947-82.653V400H48z\"><\/path><\/svg>\t\t\t<\/span>\n\t\t\t\t\t\t\t\t\t<span class=\"elementor-button-text\">Javite nam se e-mailom<\/span>\n\t\t\t\t\t<\/span>\n\t\t\t\t\t<\/a>\n\t\t<\/div>\n\t\t\t\t<\/div>\n\t\t\t\t<\/div>\n\t\t\t\t\t<\/div>\n\t\t\t\t<\/div>\n\t\t<div class=\"elementor-element elementor-element-69add9ff e-flex e-con-boxed e-con e-parent\" data-id=\"69add9ff\" data-element_type=\"container\">\n\t\t\t\t\t<div class=\"e-con-inner\">\n\t\t\t\t<div class=\"elementor-element elementor-element-a9360a5 elementor-widget elementor-widget-text-editor\" data-id=\"a9360a5\" data-element_type=\"widget\" data-widget_type=\"text-editor.default\">\n\t\t\t\t<div class=\"elementor-widget-container\">\n\t\t\t<style>\/*! elementor - v3.21.0 - 18-04-2024 *\/\n.elementor-widget-text-editor.elementor-drop-cap-view-stacked .elementor-drop-cap{background-color:#69727d;color:#fff}.elementor-widget-text-editor.elementor-drop-cap-view-framed .elementor-drop-cap{color:#69727d;border:3px solid;background-color:transparent}.elementor-widget-text-editor:not(.elementor-drop-cap-view-default) .elementor-drop-cap{margin-top:8px}.elementor-widget-text-editor:not(.elementor-drop-cap-view-default) .elementor-drop-cap-letter{width:1em;height:1em}.elementor-widget-text-editor .elementor-drop-cap{float:left;text-align:center;line-height:1;font-size:50px}.elementor-widget-text-editor .elementor-drop-cap-letter{display:inline-block}<\/style>\t\t\t\t<p>MITSUBISHI-REZERVNI DIJELOVI<\/p><p><a href=\"https:\/\/obrtkockica.hr\/dd\/wp-content\/uploads\/2015\/11\/Mtsubishi_engine.png\" data-rel=\"penci-gallery-image-content\" ><img decoding=\"async\" class=\"alignleft wp-image-507 size-thumbnail\" src=\"http:\/\/dieseldijelovi.com\/wp-content\/uploads\/2015\/11\/Mtsubishi_engine-150x150.png\" alt=\"MITSUBISHI-REZERVNI DIJELOVI\" width=\"150\" height=\"150\" \/><\/a><\/p><p><a href=\"https:\/\/obrtkockica.hr\/dd\/wp-content\/uploads\/2015\/11\/Mitsubishi_rezervni-dijelovi-1.png\" data-rel=\"penci-gallery-image-content\" ><img decoding=\"async\" class=\"wp-image-703 alignleft\" src=\"http:\/\/dieseldijelovi.com\/wp-content\/uploads\/2015\/11\/Mitsubishi_rezervni-dijelovi-1-300x203.png\" alt=\"Mitsubishi rezervni dijelovi\" width=\"228\" height=\"154\" \/><\/a><\/p><h2>Mitsubishi-rezervni dijelovi<\/h2><h3>U ponudi nudimo <strong>ORIGINALNE<\/strong> rezervne dijelove.<\/h3><h3>ISPORUKA DIJELOVA U ROKU <span style=\"color: #ff0000;\">1 DAN !<\/span><\/h3><h3>ISPORU\u010cUJEMO I KOMPLETNE NOVE MOTORE !!!<\/h3><p>\u00a0<\/p><ul><li><strong>Brtve glave<\/strong><\/li><li><strong>Brtve poklopca ventila<\/strong><\/li><li><strong>Setovi brtvi<\/strong><\/li><li><strong>Ventili ispuha i usisa<\/strong><\/li><li><strong>Glave motora<\/strong><\/li><li><strong>Klipovi motora<\/strong><\/li><li><strong>Karike klipova<\/strong><\/li><li><strong>Lete\u0107i i glavni le\u017eajevi<\/strong><\/li><li><strong>Klipnja\u010de<\/strong><\/li><li><strong>Radilice<\/strong><\/li><li><strong>Semerinzi radilice<\/strong><\/li><li><strong>Pumpe vode, ulja , goriva<\/strong><\/li><li><strong>Bosch pumpe i dizne (reparacija Bosch pumpi)<\/strong><\/li><li><strong>Turbo<\/strong><\/li><li><strong>Hladnjaci za vodu i ulje<\/strong><\/li><li><strong>Gumena crijeva hladnjaka<\/strong><\/li><li><strong>Remeni motora<\/strong><\/li><li><strong>Ventilatori<\/strong><\/li><\/ul><h3 style=\"text-align: left;\">Modeli motora za koje\u00a0mo\u017eemo ponuditi dijelove<\/h3><h3 style=\"text-align: left;\">K-Serie<br \/>L-serie (4 &#8211; 17 kW)<br \/>SL-serie (9 &#8211; 28 kW)<br \/>SQ-serie (19 &#8211; 40 kW)<br \/>SS-serie (28 &#8211; 90 kW)<br \/>FR\/FD-serie (38 &#8211; 102 kW)<br \/>6D-serie (55 &#8211; 240 kW)<br \/>SB-serie (224 &#8211; 450 kW)<br \/>SA-serie (390 &#8211; 910 kW)<br \/>SR-serie (500 kW &#8211; 2149 kW)<br \/>SH-serie (880 &#8211; 1080 kW)<br \/>SU-serie (809 &#8211; 3789 kW)<\/h3><h3>Mitsubishi industrijski motori imaju primjenu u gra\u0111evinskim i poljoprivrednim strojevima, vili\u010darima, generatorima struje, marine programu, mini bagerima.<\/h3><h3>Mitsubishi opskrbljuje motorima vode\u0107e svjetske proizvo\u0111a\u010de opreme kao \u0161to su\u00a0<span style=\"color: #ff0000;\"><a style=\"color: #ff0000;\" href=\"http:\/\/dieseldijelovi.com\/caterpillar\/\">Caterpillar<\/a>,<\/span> Volvo, Pel Job, Kato, SDMO, <span style=\"color: #ff0000;\"><a style=\"color: #ff0000;\" href=\"http:\/\/dieseldijelovi.com\/rezervni-dijelovi-jcb\/\">JCB<\/a>,<\/span> \u00a0Kobelco, \u00a0Bobcat, <span style=\"color: #ff0000;\"><a style=\"color: #ff0000;\" href=\"http:\/\/dieseldijelovi.com\/rezervni-dijelovi-hyundai-gradevinski-strojevi\/\">Hyundai<\/a>,<\/span> Gehl&#8230;<\/h3><p>GARANCIJA na sve dijelove je 6 mjeseci od izdanog ra\u010duna.<\/p><p>Garancija ne vrijedi ukoliko dijelovi nisu ugra\u0111eni kod ovla\u0161tenog servisa.<\/p><p>Garancija ne vrijedi ukoliko kupac koristi rabljene ili dijelove drugogog proizvo\u0111a\u010da uz na\u0161e dijelove.<\/p>\t\t\t\t\t\t<\/div>\n\t\t\t\t<\/div>\n\t\t\t\t\t<\/div>\n\t\t\t\t<\/div>\n\t\t<div class=\"elementor-element elementor-element-c0c750f e-flex e-con-boxed e-con e-parent\" data-id=\"c0c750f\" data-element_type=\"container\">\n\t\t\t\t\t<div class=\"e-con-inner\">\n\t\t\t\t<div class=\"elementor-element elementor-element-cca3d56 elementor-align-center elementor-widget elementor-widget-button\" data-id=\"cca3d56\" data-element_type=\"widget\" data-widget_type=\"button.default\">\n\t\t\t\t<div class=\"elementor-widget-container\">\n\t\t\t\t\t<div class=\"elementor-button-wrapper\">\n\t\t\t<a class=\"elementor-button elementor-button-link elementor-size-xl\" href=\"tel:+38598894684\">\n\t\t\t\t\t\t<span class=\"elementor-button-content-wrapper\">\n\t\t\t\t\t\t<span class=\"elementor-button-icon elementor-align-icon-left\">\n\t\t\t\t<svg aria-hidden=\"true\" class=\"e-font-icon-svg e-fas-phone-alt\" viewBox=\"0 0 512 512\" xmlns=\"http:\/\/www.w3.org\/2000\/svg\"><path d=\"M497.39 361.8l-112-48a24 24 0 0 0-28 6.9l-49.6 60.6A370.66 370.66 0 0 1 130.6 204.11l60.6-49.6a23.94 23.94 0 0 0 6.9-28l-48-112A24.16 24.16 0 0 0 122.6.61l-104 24A24 24 0 0 0 0 48c0 256.5 207.9 464 464 464a24 24 0 0 0 23.4-18.6l24-104a24.29 24.29 0 0 0-14.01-27.6z\"><\/path><\/svg>\t\t\t<\/span>\n\t\t\t\t\t\t\t\t\t<span class=\"elementor-button-text\">Nazovite nas odmah<\/span>\n\t\t\t\t\t<\/span>\n\t\t\t\t\t<\/a>\n\t\t<\/div>\n\t\t\t\t<\/div>\n\t\t\t\t<\/div>\n\t\t\t\t\t<\/div>\n\t\t\t\t<\/div>\n\t\t<div class=\"elementor-element elementor-element-6af3f83 e-flex e-con-boxed e-con e-parent\" data-id=\"6af3f83\" data-element_type=\"container\">\n\t\t\t\t\t<div class=\"e-con-inner\">\n\t\t\t\t<div class=\"elementor-element elementor-element-6a3cf0d elementor-align-center elementor-widget elementor-widget-button\" data-id=\"6a3cf0d\" data-element_type=\"widget\" data-widget_type=\"button.default\">\n\t\t\t\t<div class=\"elementor-widget-container\">\n\t\t\t\t\t<div class=\"elementor-button-wrapper\">\n\t\t\t<a class=\"elementor-button elementor-button-link elementor-size-xl\" href=\"\">\n\t\t\t\t\t\t<span class=\"elementor-button-content-wrapper\">\n\t\t\t\t\t\t<span class=\"elementor-button-icon elementor-align-icon-left\">\n\t\t\t\t<svg aria-hidden=\"true\" class=\"e-font-icon-svg e-far-envelope\" viewBox=\"0 0 512 512\" xmlns=\"http:\/\/www.w3.org\/2000\/svg\"><path d=\"M464 64H48C21.49 64 0 85.49 0 112v288c0 26.51 21.49 48 48 48h416c26.51 0 48-21.49 48-48V112c0-26.51-21.49-48-48-48zm0 48v40.805c-22.422 18.259-58.168 46.651-134.587 106.49-16.841 13.247-50.201 45.072-73.413 44.701-23.208.375-56.579-31.459-73.413-44.701C106.18 199.465 70.425 171.067 48 152.805V112h416zM48 400V214.398c22.914 18.251 55.409 43.862 104.938 82.646 21.857 17.205 60.134 55.186 103.062 54.955 42.717.231 80.509-37.199 103.053-54.947 49.528-38.783 82.032-64.401 104.947-82.653V400H48z\"><\/path><\/svg>\t\t\t<\/span>\n\t\t\t\t\t\t\t\t\t<span class=\"elementor-button-text\">Javite nam se e-mailom<\/span>\n\t\t\t\t\t<\/span>\n\t\t\t\t\t<\/a>\n\t\t<\/div>\n\t\t\t\t<\/div>\n\t\t\t\t<\/div>\n\t\t\t\t\t<\/div>\n\t\t\t\t<\/div>\n\t\t\t\t<\/div>\n\t\t","protected":false},"excerpt":{"rendered":"<p>Nazovite nas odmah Javite nam se e-mailom MITSUBISHI-REZERVNI DIJELOVI Mitsubishi-rezervni dijelovi U ponudi nudimo&hellip;<\/p>\n","protected":false},"author":2,"featured_media":0,"parent":1470,"menu_order":0,"comment_status":"closed","ping_status":"closed","template":"","meta":{"footnotes":""},"class_list":["post-133","page","type-page","status-publish","hentry"],"yoast_head":"<!-- This site is optimized with the Yoast SEO plugin v22.5 - https:\/\/yoast.com\/wordpress\/plugins\/seo\/ -->\n<title>MITSUBISHI-rezervni dijelovi, industrijski motori - DieselDijelovi<\/title>\n<meta name=\"description\" content=\"ORIGINALNI rezervni dijelovi za MITSUBISHI industrijske motore i brodske, . Isporuka u roku od 1 DAN, 098\/894684 MITSUBISHI-REZERVNI DIJELOVI\" \/>\n<meta name=\"robots\" content=\"index, follow, max-snippet:-1, max-image-preview:large, max-video-preview:-1\" \/>\n<link rel=\"canonical\" href=\"https:\/\/obrtkockica.hr\/dd\/rezervni-dijelovi\/mitsubishi-rezervni-dijelovi\/\" \/>\n<meta property=\"og:locale\" content=\"en_US\" \/>\n<meta property=\"og:type\" content=\"article\" \/>\n<meta property=\"og:title\" content=\"MITSUBISHI-rezervni dijelovi, industrijski motori - DieselDijelovi\" \/>\n<meta property=\"og:description\" content=\"ORIGINALNI rezervni dijelovi za MITSUBISHI industrijske motore i brodske, . Isporuka u roku od 1 DAN, 098\/894684 MITSUBISHI-REZERVNI DIJELOVI\" \/>\n<meta property=\"og:url\" content=\"https:\/\/obrtkockica.hr\/dd\/rezervni-dijelovi\/mitsubishi-rezervni-dijelovi\/\" \/>\n<meta property=\"og:site_name\" content=\"Diesel dijelovi d.o.o.\" \/>\n<meta property=\"article:publisher\" content=\"https:\/\/www.facebook.com\/p\/Diesel-Dijelovi-doo-100064110154834\/?paipv=0&amp;eav=AfYnuqWpCqdovRazjbzrCZNjFjnIrq4c6PcPzqbGHvjZZ1ANQ4dStPqIEkAEUHAE68E&amp;_rdr\" \/>\n<meta property=\"article:modified_time\" content=\"2024-04-20T17:25:33+00:00\" \/>\n<meta property=\"og:image\" content=\"http:\/\/dieseldijelovi.com\/wp-content\/uploads\/2015\/11\/Mtsubishi_engine-150x150.png\" \/>\n<meta name=\"twitter:card\" content=\"summary_large_image\" \/>\n<meta name=\"twitter:label1\" content=\"Est. reading time\" \/>\n\t<meta name=\"twitter:data1\" content=\"2 minutes\" \/>\n<script type=\"application\/ld+json\" class=\"yoast-schema-graph\">{\"@context\":\"https:\/\/schema.org\",\"@graph\":[{\"@type\":\"WebPage\",\"@id\":\"https:\/\/obrtkockica.hr\/dd\/rezervni-dijelovi\/mitsubishi-rezervni-dijelovi\/\",\"url\":\"https:\/\/obrtkockica.hr\/dd\/rezervni-dijelovi\/mitsubishi-rezervni-dijelovi\/\",\"name\":\"MITSUBISHI-rezervni dijelovi, industrijski motori - DieselDijelovi\",\"isPartOf\":{\"@id\":\"https:\/\/obrtkockica.hr\/dd\/#website\"},\"primaryImageOfPage\":{\"@id\":\"https:\/\/obrtkockica.hr\/dd\/rezervni-dijelovi\/mitsubishi-rezervni-dijelovi\/#primaryimage\"},\"image\":{\"@id\":\"https:\/\/obrtkockica.hr\/dd\/rezervni-dijelovi\/mitsubishi-rezervni-dijelovi\/#primaryimage\"},\"thumbnailUrl\":\"http:\/\/dieseldijelovi.com\/wp-content\/uploads\/2015\/11\/Mtsubishi_engine-150x150.png\",\"datePublished\":\"2015-11-22T16:27:34+00:00\",\"dateModified\":\"2024-04-20T17:25:33+00:00\",\"description\":\"ORIGINALNI rezervni dijelovi za MITSUBISHI industrijske motore i brodske, . Isporuka u roku od 1 DAN, 098\/894684 MITSUBISHI-REZERVNI DIJELOVI\",\"breadcrumb\":{\"@id\":\"https:\/\/obrtkockica.hr\/dd\/rezervni-dijelovi\/mitsubishi-rezervni-dijelovi\/#breadcrumb\"},\"inLanguage\":\"en-US\",\"potentialAction\":[{\"@type\":\"ReadAction\",\"target\":[\"https:\/\/obrtkockica.hr\/dd\/rezervni-dijelovi\/mitsubishi-rezervni-dijelovi\/\"]}]},{\"@type\":\"ImageObject\",\"inLanguage\":\"en-US\",\"@id\":\"https:\/\/obrtkockica.hr\/dd\/rezervni-dijelovi\/mitsubishi-rezervni-dijelovi\/#primaryimage\",\"url\":\"http:\/\/dieseldijelovi.com\/wp-content\/uploads\/2015\/11\/Mtsubishi_engine-150x150.png\",\"contentUrl\":\"http:\/\/dieseldijelovi.com\/wp-content\/uploads\/2015\/11\/Mtsubishi_engine-150x150.png\"},{\"@type\":\"BreadcrumbList\",\"@id\":\"https:\/\/obrtkockica.hr\/dd\/rezervni-dijelovi\/mitsubishi-rezervni-dijelovi\/#breadcrumb\",\"itemListElement\":[{\"@type\":\"ListItem\",\"position\":1,\"name\":\"Home\",\"item\":\"https:\/\/obrtkockica.hr\/dd\/\"},{\"@type\":\"ListItem\",\"position\":2,\"name\":\"REZERVNI DIJELOVI\",\"item\":\"https:\/\/obrtkockica.hr\/dd\/rezervni-dijelovi\/\"},{\"@type\":\"ListItem\",\"position\":3,\"name\":\"MITSUBISHI\"}]},{\"@type\":\"WebSite\",\"@id\":\"https:\/\/obrtkockica.hr\/dd\/#website\",\"url\":\"https:\/\/obrtkockica.hr\/dd\/\",\"name\":\"Diesel dijelovi d.o.o.\",\"description\":\"Rezervni dijelovi za gra\u0111evinske strojeve, brodove, vili\u010dare, poljoprivredne strojeve\",\"publisher\":{\"@id\":\"https:\/\/obrtkockica.hr\/dd\/#organization\"},\"potentialAction\":[{\"@type\":\"SearchAction\",\"target\":{\"@type\":\"EntryPoint\",\"urlTemplate\":\"https:\/\/obrtkockica.hr\/dd\/?s={search_term_string}\"},\"query-input\":\"required name=search_term_string\"}],\"inLanguage\":\"en-US\"},{\"@type\":\"Organization\",\"@id\":\"https:\/\/obrtkockica.hr\/dd\/#organization\",\"name\":\"Diesel dijelovi d.o.o.\",\"url\":\"https:\/\/obrtkockica.hr\/dd\/\",\"logo\":{\"@type\":\"ImageObject\",\"inLanguage\":\"en-US\",\"@id\":\"https:\/\/obrtkockica.hr\/dd\/#\/schema\/logo\/image\/\",\"url\":\"https:\/\/obrtkockica.hr\/dd\/wp-content\/uploads\/2024\/01\/s01-1.png\",\"contentUrl\":\"https:\/\/obrtkockica.hr\/dd\/wp-content\/uploads\/2024\/01\/s01-1.png\",\"width\":970,\"height\":240,\"caption\":\"Diesel dijelovi d.o.o.\"},\"image\":{\"@id\":\"https:\/\/obrtkockica.hr\/dd\/#\/schema\/logo\/image\/\"},\"sameAs\":[\"https:\/\/www.facebook.com\/p\/Diesel-Dijelovi-doo-100064110154834\/?paipv=0&eav=AfYnuqWpCqdovRazjbzrCZNjFjnIrq4c6PcPzqbGHvjZZ1ANQ4dStPqIEkAEUHAE68E&_rdr\"]}]}<\/script>\n<!-- \/ Yoast SEO plugin. -->","yoast_head_json":{"title":"MITSUBISHI-rezervni dijelovi, industrijski motori - DieselDijelovi","description":"ORIGINALNI rezervni dijelovi za MITSUBISHI industrijske motore i brodske, . Isporuka u roku od 1 DAN, 098\/894684 MITSUBISHI-REZERVNI DIJELOVI","robots":{"index":"index","follow":"follow","max-snippet":"max-snippet:-1","max-image-preview":"max-image-preview:large","max-video-preview":"max-video-preview:-1"},"canonical":"https:\/\/obrtkockica.hr\/dd\/rezervni-dijelovi\/mitsubishi-rezervni-dijelovi\/","og_locale":"en_US","og_type":"article","og_title":"MITSUBISHI-rezervni dijelovi, industrijski motori - DieselDijelovi","og_description":"ORIGINALNI rezervni dijelovi za MITSUBISHI industrijske motore i brodske, . Isporuka u roku od 1 DAN, 098\/894684 MITSUBISHI-REZERVNI DIJELOVI","og_url":"https:\/\/obrtkockica.hr\/dd\/rezervni-dijelovi\/mitsubishi-rezervni-dijelovi\/","og_site_name":"Diesel dijelovi d.o.o.","article_publisher":"https:\/\/www.facebook.com\/p\/Diesel-Dijelovi-doo-100064110154834\/?paipv=0&eav=AfYnuqWpCqdovRazjbzrCZNjFjnIrq4c6PcPzqbGHvjZZ1ANQ4dStPqIEkAEUHAE68E&_rdr","article_modified_time":"2024-04-20T17:25:33+00:00","og_image":[{"url":"http:\/\/dieseldijelovi.com\/wp-content\/uploads\/2015\/11\/Mtsubishi_engine-150x150.png"}],"twitter_card":"summary_large_image","twitter_misc":{"Est. reading time":"2 minutes"},"schema":{"@context":"https:\/\/schema.org","@graph":[{"@type":"WebPage","@id":"https:\/\/obrtkockica.hr\/dd\/rezervni-dijelovi\/mitsubishi-rezervni-dijelovi\/","url":"https:\/\/obrtkockica.hr\/dd\/rezervni-dijelovi\/mitsubishi-rezervni-dijelovi\/","name":"MITSUBISHI-rezervni dijelovi, industrijski motori - DieselDijelovi","isPartOf":{"@id":"https:\/\/obrtkockica.hr\/dd\/#website"},"primaryImageOfPage":{"@id":"https:\/\/obrtkockica.hr\/dd\/rezervni-dijelovi\/mitsubishi-rezervni-dijelovi\/#primaryimage"},"image":{"@id":"https:\/\/obrtkockica.hr\/dd\/rezervni-dijelovi\/mitsubishi-rezervni-dijelovi\/#primaryimage"},"thumbnailUrl":"http:\/\/dieseldijelovi.com\/wp-content\/uploads\/2015\/11\/Mtsubishi_engine-150x150.png","datePublished":"2015-11-22T16:27:34+00:00","dateModified":"2024-04-20T17:25:33+00:00","description":"ORIGINALNI rezervni dijelovi za MITSUBISHI industrijske motore i brodske, . Isporuka u roku od 1 DAN, 098\/894684 MITSUBISHI-REZERVNI DIJELOVI","breadcrumb":{"@id":"https:\/\/obrtkockica.hr\/dd\/rezervni-dijelovi\/mitsubishi-rezervni-dijelovi\/#breadcrumb"},"inLanguage":"en-US","potentialAction":[{"@type":"ReadAction","target":["https:\/\/obrtkockica.hr\/dd\/rezervni-dijelovi\/mitsubishi-rezervni-dijelovi\/"]}]},{"@type":"ImageObject","inLanguage":"en-US","@id":"https:\/\/obrtkockica.hr\/dd\/rezervni-dijelovi\/mitsubishi-rezervni-dijelovi\/#primaryimage","url":"http:\/\/dieseldijelovi.com\/wp-content\/uploads\/2015\/11\/Mtsubishi_engine-150x150.png","contentUrl":"http:\/\/dieseldijelovi.com\/wp-content\/uploads\/2015\/11\/Mtsubishi_engine-150x150.png"},{"@type":"BreadcrumbList","@id":"https:\/\/obrtkockica.hr\/dd\/rezervni-dijelovi\/mitsubishi-rezervni-dijelovi\/#breadcrumb","itemListElement":[{"@type":"ListItem","position":1,"name":"Home","item":"https:\/\/obrtkockica.hr\/dd\/"},{"@type":"ListItem","position":2,"name":"REZERVNI DIJELOVI","item":"https:\/\/obrtkockica.hr\/dd\/rezervni-dijelovi\/"},{"@type":"ListItem","position":3,"name":"MITSUBISHI"}]},{"@type":"WebSite","@id":"https:\/\/obrtkockica.hr\/dd\/#website","url":"https:\/\/obrtkockica.hr\/dd\/","name":"Diesel dijelovi d.o.o.","description":"Rezervni dijelovi za gra\u0111evinske strojeve, brodove, vili\u010dare, poljoprivredne strojeve","publisher":{"@id":"https:\/\/obrtkockica.hr\/dd\/#organization"},"potentialAction":[{"@type":"SearchAction","target":{"@type":"EntryPoint","urlTemplate":"https:\/\/obrtkockica.hr\/dd\/?s={search_term_string}"},"query-input":"required name=search_term_string"}],"inLanguage":"en-US"},{"@type":"Organization","@id":"https:\/\/obrtkockica.hr\/dd\/#organization","name":"Diesel dijelovi d.o.o.","url":"https:\/\/obrtkockica.hr\/dd\/","logo":{"@type":"ImageObject","inLanguage":"en-US","@id":"https:\/\/obrtkockica.hr\/dd\/#\/schema\/logo\/image\/","url":"https:\/\/obrtkockica.hr\/dd\/wp-content\/uploads\/2024\/01\/s01-1.png","contentUrl":"https:\/\/obrtkockica.hr\/dd\/wp-content\/uploads\/2024\/01\/s01-1.png","width":970,"height":240,"caption":"Diesel dijelovi d.o.o."},"image":{"@id":"https:\/\/obrtkockica.hr\/dd\/#\/schema\/logo\/image\/"},"sameAs":["https:\/\/www.facebook.com\/p\/Diesel-Dijelovi-doo-100064110154834\/?paipv=0&eav=AfYnuqWpCqdovRazjbzrCZNjFjnIrq4c6PcPzqbGHvjZZ1ANQ4dStPqIEkAEUHAE68E&_rdr"]}]}},"_links":{"self":[{"href":"https:\/\/obrtkockica.hr\/dd\/wp-json\/wp\/v2\/pages\/133","targetHints":{"allow":["GET"]}}],"collection":[{"href":"https:\/\/obrtkockica.hr\/dd\/wp-json\/wp\/v2\/pages"}],"about":[{"href":"https:\/\/obrtkockica.hr\/dd\/wp-json\/wp\/v2\/types\/page"}],"author":[{"embeddable":true,"href":"https:\/\/obrtkockica.hr\/dd\/wp-json\/wp\/v2\/users\/2"}],"replies":[{"embeddable":true,"href":"https:\/\/obrtkockica.hr\/dd\/wp-json\/wp\/v2\/comments?post=133"}],"version-history":[{"count":13,"href":"https:\/\/obrtkockica.hr\/dd\/wp-json\/wp\/v2\/pages\/133\/revisions"}],"predecessor-version":[{"id":2101,"href":"https:\/\/obrtkockica.hr\/dd\/wp-json\/wp\/v2\/pages\/133\/revisions\/2101"}],"up":[{"embeddable":true,"href":"https:\/\/obrtkockica.hr\/dd\/wp-json\/wp\/v2\/pages\/1470"}],"wp:attachment":[{"href":"https:\/\/obrtkockica.hr\/dd\/wp-json\/wp\/v2\/media?parent=133"}],"curies":[{"name":"wp","href":"https:\/\/api.w.org\/{rel}","templated":true}]}}