{"id":121,"date":"2015-11-22T17:21:34","date_gmt":"2015-11-22T16:21:34","guid":{"rendered":"http:\/\/dieseldijelovi.com\/?page_id=121"},"modified":"2023-11-06T15:04:58","modified_gmt":"2023-11-06T15:04:58","slug":"terex","status":"publish","type":"page","link":"https:\/\/obrtkockica.hr\/dd\/rezervni-dijelovi\/terex\/","title":{"rendered":"TEREX"},"content":{"rendered":"<p>Rezervni dijelovi TEREX<\/p>\n<h2 style=\"text-align: left;\"><a href=\"https:\/\/obrtkockica.hr\/dd\/wp-content\/uploads\/2015\/11\/TEREX_TA40.png\" data-rel=\"penci-gallery-image-content\" ><img fetchpriority=\"high\" decoding=\"async\" class=\"aligncenter wp-image-613 size-full\" src=\"https:\/\/obrtkockica.hr\/dd\/wp-content\/uploads\/2015\/11\/TEREX_TA40.png\" alt=\"Rezervni dijelovi TEREX \" width=\"250\" height=\"202\" \/><\/a>Rezervni dijelovi TEREX<\/h2>\n<h3>TEREX svjetski proizvo\u0111a\u010d gra\u0111evinske mehanizacije najpoznatiji po <strong>DUMPERIMA<\/strong> nalazi se u na\u0161oj palete prodaje <strong>rezervnih dijelova<\/strong>.<\/h3>\n<h3>U ponudi imamo dijelove motora , ubala\u017eiva\u010de vibracija, kardane, kri\u017eeve kardana i sve ostale dijelove.<\/h3>\n<div>\n<p>GARANCIJA na sve dijelove je 6 mjeseci od izdanog ra\u010duna.<\/p>\n<p>Garancija ne vrijedi ukoliko dijelovi nisu ugra\u0111eni kod ovla\u0161tenog servisa.<\/p>\n<p>Garancija ne vrijedi ukoliko kupac koristi rabljene ili dijelove drugogog proizvo\u0111a\u010da uz na\u0161e dijelove.<\/p>\n<\/div>\n","protected":false},"excerpt":{"rendered":"<p>Rezervni dijelovi TEREX Rezervni dijelovi TEREX TEREX svjetski proizvo\u0111a\u010d gra\u0111evinske mehanizacije najpoznatiji po DUMPERIMA&hellip;<\/p>\n","protected":false},"author":2,"featured_media":0,"parent":1470,"menu_order":0,"comment_status":"closed","ping_status":"closed","template":"","meta":{"footnotes":""},"class_list":["post-121","page","type-page","status-publish","hentry"],"yoast_head":"<!-- This site is optimized with the Yoast SEO plugin v22.5 - https:\/\/yoast.com\/wordpress\/plugins\/seo\/ -->\n<title>Rezervni dijelovi TEREX - NAJBOLJE CIJENE - Diesel Dijelovi d.o.o.<\/title>\n<meta name=\"description\" content=\"Rezervni dijelovi TEREX strojeva ORIGINALNI I ZAMJENSKI , dijelovi motora CUMMINS, dijelovi mjenja\u010da, lamele, ko\u010dnice, BRZA ISPORUKA, NAJBOLJE CIJENE\" \/>\n<meta name=\"robots\" content=\"index, follow, max-snippet:-1, max-image-preview:large, max-video-preview:-1\" \/>\n<link rel=\"canonical\" href=\"https:\/\/obrtkockica.hr\/dd\/rezervni-dijelovi\/terex\/\" \/>\n<meta property=\"og:locale\" content=\"en_US\" \/>\n<meta property=\"og:type\" content=\"article\" \/>\n<meta property=\"og:title\" content=\"Rezervni dijelovi TEREX - NAJBOLJE CIJENE - Diesel Dijelovi d.o.o.\" \/>\n<meta property=\"og:description\" content=\"Rezervni dijelovi TEREX strojeva ORIGINALNI I ZAMJENSKI , dijelovi motora CUMMINS, dijelovi mjenja\u010da, lamele, ko\u010dnice, BRZA ISPORUKA, NAJBOLJE CIJENE\" \/>\n<meta property=\"og:url\" content=\"https:\/\/obrtkockica.hr\/dd\/rezervni-dijelovi\/terex\/\" \/>\n<meta property=\"og:site_name\" content=\"Diesel dijelovi d.o.o.\" \/>\n<meta property=\"article:publisher\" content=\"https:\/\/www.facebook.com\/p\/Diesel-Dijelovi-doo-100064110154834\/?paipv=0&amp;eav=AfYnuqWpCqdovRazjbzrCZNjFjnIrq4c6PcPzqbGHvjZZ1ANQ4dStPqIEkAEUHAE68E&amp;_rdr\" \/>\n<meta property=\"article:modified_time\" content=\"2023-11-06T15:04:58+00:00\" \/>\n<meta property=\"og:image\" content=\"https:\/\/obrtkockica.hr\/dd\/wp-content\/uploads\/2015\/11\/TEREX_TA40.png\" \/>\n<meta name=\"twitter:card\" content=\"summary_large_image\" \/>\n<script type=\"application\/ld+json\" class=\"yoast-schema-graph\">{\"@context\":\"https:\/\/schema.org\",\"@graph\":[{\"@type\":\"WebPage\",\"@id\":\"https:\/\/obrtkockica.hr\/dd\/rezervni-dijelovi\/terex\/\",\"url\":\"https:\/\/obrtkockica.hr\/dd\/rezervni-dijelovi\/terex\/\",\"name\":\"Rezervni dijelovi TEREX - NAJBOLJE CIJENE - Diesel Dijelovi d.o.o.\",\"isPartOf\":{\"@id\":\"https:\/\/obrtkockica.hr\/dd\/#website\"},\"primaryImageOfPage\":{\"@id\":\"https:\/\/obrtkockica.hr\/dd\/rezervni-dijelovi\/terex\/#primaryimage\"},\"image\":{\"@id\":\"https:\/\/obrtkockica.hr\/dd\/rezervni-dijelovi\/terex\/#primaryimage\"},\"thumbnailUrl\":\"https:\/\/obrtkockica.hr\/dd\/wp-content\/uploads\/2015\/11\/TEREX_TA40.png\",\"datePublished\":\"2015-11-22T16:21:34+00:00\",\"dateModified\":\"2023-11-06T15:04:58+00:00\",\"description\":\"Rezervni dijelovi TEREX strojeva ORIGINALNI I ZAMJENSKI , dijelovi motora CUMMINS, dijelovi mjenja\u010da, lamele, ko\u010dnice, BRZA ISPORUKA, NAJBOLJE CIJENE\",\"breadcrumb\":{\"@id\":\"https:\/\/obrtkockica.hr\/dd\/rezervni-dijelovi\/terex\/#breadcrumb\"},\"inLanguage\":\"en-US\",\"potentialAction\":[{\"@type\":\"ReadAction\",\"target\":[\"https:\/\/obrtkockica.hr\/dd\/rezervni-dijelovi\/terex\/\"]}]},{\"@type\":\"ImageObject\",\"inLanguage\":\"en-US\",\"@id\":\"https:\/\/obrtkockica.hr\/dd\/rezervni-dijelovi\/terex\/#primaryimage\",\"url\":\"https:\/\/obrtkockica.hr\/dd\/wp-content\/uploads\/2015\/11\/TEREX_TA40.png\",\"contentUrl\":\"https:\/\/obrtkockica.hr\/dd\/wp-content\/uploads\/2015\/11\/TEREX_TA40.png\"},{\"@type\":\"BreadcrumbList\",\"@id\":\"https:\/\/obrtkockica.hr\/dd\/rezervni-dijelovi\/terex\/#breadcrumb\",\"itemListElement\":[{\"@type\":\"ListItem\",\"position\":1,\"name\":\"Home\",\"item\":\"https:\/\/obrtkockica.hr\/dd\/\"},{\"@type\":\"ListItem\",\"position\":2,\"name\":\"REZERVNI DIJELOVI\",\"item\":\"https:\/\/obrtkockica.hr\/dd\/rezervni-dijelovi\/\"},{\"@type\":\"ListItem\",\"position\":3,\"name\":\"TEREX\"}]},{\"@type\":\"WebSite\",\"@id\":\"https:\/\/obrtkockica.hr\/dd\/#website\",\"url\":\"https:\/\/obrtkockica.hr\/dd\/\",\"name\":\"Diesel dijelovi d.o.o.\",\"description\":\"Rezervni dijelovi za gra\u0111evinske strojeve, brodove, vili\u010dare, poljoprivredne strojeve\",\"publisher\":{\"@id\":\"https:\/\/obrtkockica.hr\/dd\/#organization\"},\"potentialAction\":[{\"@type\":\"SearchAction\",\"target\":{\"@type\":\"EntryPoint\",\"urlTemplate\":\"https:\/\/obrtkockica.hr\/dd\/?s={search_term_string}\"},\"query-input\":\"required name=search_term_string\"}],\"inLanguage\":\"en-US\"},{\"@type\":\"Organization\",\"@id\":\"https:\/\/obrtkockica.hr\/dd\/#organization\",\"name\":\"Diesel dijelovi d.o.o.\",\"url\":\"https:\/\/obrtkockica.hr\/dd\/\",\"logo\":{\"@type\":\"ImageObject\",\"inLanguage\":\"en-US\",\"@id\":\"https:\/\/obrtkockica.hr\/dd\/#\/schema\/logo\/image\/\",\"url\":\"https:\/\/obrtkockica.hr\/dd\/wp-content\/uploads\/2024\/01\/s01-1.png\",\"contentUrl\":\"https:\/\/obrtkockica.hr\/dd\/wp-content\/uploads\/2024\/01\/s01-1.png\",\"width\":970,\"height\":240,\"caption\":\"Diesel dijelovi d.o.o.\"},\"image\":{\"@id\":\"https:\/\/obrtkockica.hr\/dd\/#\/schema\/logo\/image\/\"},\"sameAs\":[\"https:\/\/www.facebook.com\/p\/Diesel-Dijelovi-doo-100064110154834\/?paipv=0&eav=AfYnuqWpCqdovRazjbzrCZNjFjnIrq4c6PcPzqbGHvjZZ1ANQ4dStPqIEkAEUHAE68E&_rdr\"]}]}<\/script>\n<!-- \/ Yoast SEO plugin. -->","yoast_head_json":{"title":"Rezervni dijelovi TEREX - NAJBOLJE CIJENE - Diesel Dijelovi d.o.o.","description":"Rezervni dijelovi TEREX strojeva ORIGINALNI I ZAMJENSKI , dijelovi motora CUMMINS, dijelovi mjenja\u010da, lamele, ko\u010dnice, BRZA ISPORUKA, NAJBOLJE CIJENE","robots":{"index":"index","follow":"follow","max-snippet":"max-snippet:-1","max-image-preview":"max-image-preview:large","max-video-preview":"max-video-preview:-1"},"canonical":"https:\/\/obrtkockica.hr\/dd\/rezervni-dijelovi\/terex\/","og_locale":"en_US","og_type":"article","og_title":"Rezervni dijelovi TEREX - NAJBOLJE CIJENE - Diesel Dijelovi d.o.o.","og_description":"Rezervni dijelovi TEREX strojeva ORIGINALNI I ZAMJENSKI , dijelovi motora CUMMINS, dijelovi mjenja\u010da, lamele, ko\u010dnice, BRZA ISPORUKA, NAJBOLJE CIJENE","og_url":"https:\/\/obrtkockica.hr\/dd\/rezervni-dijelovi\/terex\/","og_site_name":"Diesel dijelovi d.o.o.","article_publisher":"https:\/\/www.facebook.com\/p\/Diesel-Dijelovi-doo-100064110154834\/?paipv=0&eav=AfYnuqWpCqdovRazjbzrCZNjFjnIrq4c6PcPzqbGHvjZZ1ANQ4dStPqIEkAEUHAE68E&_rdr","article_modified_time":"2023-11-06T15:04:58+00:00","og_image":[{"url":"https:\/\/obrtkockica.hr\/dd\/wp-content\/uploads\/2015\/11\/TEREX_TA40.png"}],"twitter_card":"summary_large_image","schema":{"@context":"https:\/\/schema.org","@graph":[{"@type":"WebPage","@id":"https:\/\/obrtkockica.hr\/dd\/rezervni-dijelovi\/terex\/","url":"https:\/\/obrtkockica.hr\/dd\/rezervni-dijelovi\/terex\/","name":"Rezervni dijelovi TEREX - NAJBOLJE CIJENE - Diesel Dijelovi d.o.o.","isPartOf":{"@id":"https:\/\/obrtkockica.hr\/dd\/#website"},"primaryImageOfPage":{"@id":"https:\/\/obrtkockica.hr\/dd\/rezervni-dijelovi\/terex\/#primaryimage"},"image":{"@id":"https:\/\/obrtkockica.hr\/dd\/rezervni-dijelovi\/terex\/#primaryimage"},"thumbnailUrl":"https:\/\/obrtkockica.hr\/dd\/wp-content\/uploads\/2015\/11\/TEREX_TA40.png","datePublished":"2015-11-22T16:21:34+00:00","dateModified":"2023-11-06T15:04:58+00:00","description":"Rezervni dijelovi TEREX strojeva ORIGINALNI I ZAMJENSKI , dijelovi motora CUMMINS, dijelovi mjenja\u010da, lamele, ko\u010dnice, BRZA ISPORUKA, NAJBOLJE CIJENE","breadcrumb":{"@id":"https:\/\/obrtkockica.hr\/dd\/rezervni-dijelovi\/terex\/#breadcrumb"},"inLanguage":"en-US","potentialAction":[{"@type":"ReadAction","target":["https:\/\/obrtkockica.hr\/dd\/rezervni-dijelovi\/terex\/"]}]},{"@type":"ImageObject","inLanguage":"en-US","@id":"https:\/\/obrtkockica.hr\/dd\/rezervni-dijelovi\/terex\/#primaryimage","url":"https:\/\/obrtkockica.hr\/dd\/wp-content\/uploads\/2015\/11\/TEREX_TA40.png","contentUrl":"https:\/\/obrtkockica.hr\/dd\/wp-content\/uploads\/2015\/11\/TEREX_TA40.png"},{"@type":"BreadcrumbList","@id":"https:\/\/obrtkockica.hr\/dd\/rezervni-dijelovi\/terex\/#breadcrumb","itemListElement":[{"@type":"ListItem","position":1,"name":"Home","item":"https:\/\/obrtkockica.hr\/dd\/"},{"@type":"ListItem","position":2,"name":"REZERVNI DIJELOVI","item":"https:\/\/obrtkockica.hr\/dd\/rezervni-dijelovi\/"},{"@type":"ListItem","position":3,"name":"TEREX"}]},{"@type":"WebSite","@id":"https:\/\/obrtkockica.hr\/dd\/#website","url":"https:\/\/obrtkockica.hr\/dd\/","name":"Diesel dijelovi d.o.o.","description":"Rezervni dijelovi za gra\u0111evinske strojeve, brodove, vili\u010dare, poljoprivredne strojeve","publisher":{"@id":"https:\/\/obrtkockica.hr\/dd\/#organization"},"potentialAction":[{"@type":"SearchAction","target":{"@type":"EntryPoint","urlTemplate":"https:\/\/obrtkockica.hr\/dd\/?s={search_term_string}"},"query-input":"required name=search_term_string"}],"inLanguage":"en-US"},{"@type":"Organization","@id":"https:\/\/obrtkockica.hr\/dd\/#organization","name":"Diesel dijelovi d.o.o.","url":"https:\/\/obrtkockica.hr\/dd\/","logo":{"@type":"ImageObject","inLanguage":"en-US","@id":"https:\/\/obrtkockica.hr\/dd\/#\/schema\/logo\/image\/","url":"https:\/\/obrtkockica.hr\/dd\/wp-content\/uploads\/2024\/01\/s01-1.png","contentUrl":"https:\/\/obrtkockica.hr\/dd\/wp-content\/uploads\/2024\/01\/s01-1.png","width":970,"height":240,"caption":"Diesel dijelovi d.o.o."},"image":{"@id":"https:\/\/obrtkockica.hr\/dd\/#\/schema\/logo\/image\/"},"sameAs":["https:\/\/www.facebook.com\/p\/Diesel-Dijelovi-doo-100064110154834\/?paipv=0&eav=AfYnuqWpCqdovRazjbzrCZNjFjnIrq4c6PcPzqbGHvjZZ1ANQ4dStPqIEkAEUHAE68E&_rdr"]}]}},"_links":{"self":[{"href":"https:\/\/obrtkockica.hr\/dd\/wp-json\/wp\/v2\/pages\/121","targetHints":{"allow":["GET"]}}],"collection":[{"href":"https:\/\/obrtkockica.hr\/dd\/wp-json\/wp\/v2\/pages"}],"about":[{"href":"https:\/\/obrtkockica.hr\/dd\/wp-json\/wp\/v2\/types\/page"}],"author":[{"embeddable":true,"href":"https:\/\/obrtkockica.hr\/dd\/wp-json\/wp\/v2\/users\/2"}],"replies":[{"embeddable":true,"href":"https:\/\/obrtkockica.hr\/dd\/wp-json\/wp\/v2\/comments?post=121"}],"version-history":[{"count":1,"href":"https:\/\/obrtkockica.hr\/dd\/wp-json\/wp\/v2\/pages\/121\/revisions"}],"predecessor-version":[{"id":1560,"href":"https:\/\/obrtkockica.hr\/dd\/wp-json\/wp\/v2\/pages\/121\/revisions\/1560"}],"up":[{"embeddable":true,"href":"https:\/\/obrtkockica.hr\/dd\/wp-json\/wp\/v2\/pages\/1470"}],"wp:attachment":[{"href":"https:\/\/obrtkockica.hr\/dd\/wp-json\/wp\/v2\/media?parent=121"}],"curies":[{"name":"wp","href":"https:\/\/api.w.org\/{rel}","templated":true}]}}